{"id":8601,"date":"2026-04-22T13:43:34","date_gmt":"2026-04-22T17:43:34","guid":{"rendered":"https:\/\/hockeydieppememramcook.ca\/?page_id=8601"},"modified":"2026-04-22T14:12:58","modified_gmt":"2026-04-22T18:12:58","slug":"reunions-2026","status":"publish","type":"page","link":"https:\/\/hockeydieppememramcook.ca\/en\/association\/reunions-du-ca\/reunions-2026\/","title":{"rendered":"R\u00e9unions 2026"},"content":{"rendered":"<p><a href=\"http:\/\/hockeydieppememramcook.ca\/wp-content\/uploads\/sites\/527\/2026\/04\/PV-12-janvier-2026.pdf\" target=\"\">Proc\u00e8s Verbal 12 janvier 2026<\/a><\/p>\n<p><a href=\"http:\/\/hockeydieppememramcook.ca\/wp-content\/uploads\/sites\/527\/2026\/04\/PV-9-Fevrier-2026.pdf\" target=\"\">Proc\u00e8s Verbal 9 F\u00e9vrier 2026<\/a><\/p>\n<p><a href=\"http:\/\/hockeydieppememramcook.ca\/wp-content\/uploads\/sites\/527\/2026\/04\/PV-16-mars-2026.pdf\" target=\"\">Proc\u00e8s Verbal 16 mars 2026<\/a><\/p>\n","protected":false},"excerpt":{"rendered":"<p>Proc\u00e8s Verbal 12 janvier 2026 Proc\u00e8s Verbal 9 F\u00e9vrier 2026 Proc\u00e8s Verbal 16 mars 2026<\/p>\n","protected":false},"author":473,"featured_media":0,"parent":2867,"menu_order":0,"comment_status":"closed","ping_status":"closed","template":"","meta":{"_acf_changed":false,"footnotes":""},"class_list":["post-8601","page","type-page","status-publish","hentry"],"acf":[],"yoast_head":"<!-- This site is optimized with the Yoast SEO plugin v25.7 - https:\/\/yoast.com\/wordpress\/plugins\/seo\/ -->\n<title>R\u00e9unions 2026 - Hockey Dieppe Memramcook<\/title>\n<meta name=\"robots\" content=\"index, follow, max-snippet:-1, max-image-preview:large, max-video-preview:-1\" \/>\n<link rel=\"canonical\" href=\"https:\/\/hockeydieppememramcook.ca\/association\/reunions-du-ca\/reunions-2026\/\" \/>\n<meta property=\"og:locale\" content=\"en_US\" \/>\n<meta property=\"og:type\" content=\"article\" \/>\n<meta property=\"og:title\" content=\"R\u00e9unions 2026 - Hockey Dieppe Memramcook\" \/>\n<meta property=\"og:description\" content=\"Proc\u00e8s Verbal 12 janvier 2026 Proc\u00e8s Verbal 9 F\u00e9vrier 2026 Proc\u00e8s Verbal 16 mars 2026\" \/>\n<meta property=\"og:url\" content=\"https:\/\/hockeydieppememramcook.ca\/association\/reunions-du-ca\/reunions-2026\/\" \/>\n<meta property=\"og:site_name\" content=\"Hockey Dieppe Memramcook\" \/>\n<meta property=\"article:modified_time\" content=\"2026-04-22T18:12:58+00:00\" \/>\n<meta name=\"twitter:card\" content=\"summary_large_image\" \/>\n<meta name=\"twitter:label1\" content=\"Est. reading time\" \/>\n\t<meta name=\"twitter:data1\" content=\"1 minute\" \/>\n<script type=\"application\/ld+json\" class=\"yoast-schema-graph\">{\"@context\":\"https:\/\/schema.org\",\"@graph\":[{\"@type\":\"WebPage\",\"@id\":\"https:\/\/hockeydieppememramcook.ca\/association\/reunions-du-ca\/reunions-2026\/\",\"url\":\"https:\/\/hockeydieppememramcook.ca\/association\/reunions-du-ca\/reunions-2026\/\",\"name\":\"R\u00e9unions 2026 - Hockey Dieppe Memramcook\",\"isPartOf\":{\"@id\":\"https:\/\/hockeydieppememramcook.ca\/#website\"},\"datePublished\":\"2026-04-22T17:43:34+00:00\",\"dateModified\":\"2026-04-22T18:12:58+00:00\",\"breadcrumb\":{\"@id\":\"https:\/\/hockeydieppememramcook.ca\/association\/reunions-du-ca\/reunions-2026\/#breadcrumb\"},\"inLanguage\":\"en-US\",\"potentialAction\":[{\"@type\":\"ReadAction\",\"target\":[\"https:\/\/hockeydieppememramcook.ca\/association\/reunions-du-ca\/reunions-2026\/\"]}]},{\"@type\":\"BreadcrumbList\",\"@id\":\"https:\/\/hockeydieppememramcook.ca\/association\/reunions-du-ca\/reunions-2026\/#breadcrumb\",\"itemListElement\":[{\"@type\":\"ListItem\",\"position\":1,\"name\":\"Accueil\",\"item\":\"https:\/\/hockeydieppememramcook.ca\/en\/\"},{\"@type\":\"ListItem\",\"position\":2,\"name\":\"Association\",\"item\":\"https:\/\/hockeydieppememramcook.ca\/association\/\"},{\"@type\":\"ListItem\",\"position\":3,\"name\":\"R\u00e9unions du CA\",\"item\":\"https:\/\/hockeydieppememramcook.ca\/association\/reunions-du-ca\/\"},{\"@type\":\"ListItem\",\"position\":4,\"name\":\"R\u00e9unions 2026\"}]},{\"@type\":\"WebSite\",\"@id\":\"https:\/\/hockeydieppememramcook.ca\/#website\",\"url\":\"https:\/\/hockeydieppememramcook.ca\/\",\"name\":\"Hockey Dieppe Memramcook\",\"description\":\"Un site utilisant Les sites de Shark M\u00e9dia & Sport, template Slapshot\",\"potentialAction\":[{\"@type\":\"SearchAction\",\"target\":{\"@type\":\"EntryPoint\",\"urlTemplate\":\"https:\/\/hockeydieppememramcook.ca\/?s={search_term_string}\"},\"query-input\":{\"@type\":\"PropertyValueSpecification\",\"valueRequired\":true,\"valueName\":\"search_term_string\"}}],\"inLanguage\":\"en-US\"}]}<\/script>\n<!-- \/ Yoast SEO plugin. -->","yoast_head_json":{"title":"R\u00e9unions 2026 - Hockey Dieppe Memramcook","robots":{"index":"index","follow":"follow","max-snippet":"max-snippet:-1","max-image-preview":"max-image-preview:large","max-video-preview":"max-video-preview:-1"},"canonical":"https:\/\/hockeydieppememramcook.ca\/association\/reunions-du-ca\/reunions-2026\/","og_locale":"en_US","og_type":"article","og_title":"R\u00e9unions 2026 - Hockey Dieppe Memramcook","og_description":"Proc\u00e8s Verbal 12 janvier 2026 Proc\u00e8s Verbal 9 F\u00e9vrier 2026 Proc\u00e8s Verbal 16 mars 2026","og_url":"https:\/\/hockeydieppememramcook.ca\/association\/reunions-du-ca\/reunions-2026\/","og_site_name":"Hockey Dieppe Memramcook","article_modified_time":"2026-04-22T18:12:58+00:00","twitter_card":"summary_large_image","twitter_misc":{"Est. reading time":"1 minute"},"schema":{"@context":"https:\/\/schema.org","@graph":[{"@type":"WebPage","@id":"https:\/\/hockeydieppememramcook.ca\/association\/reunions-du-ca\/reunions-2026\/","url":"https:\/\/hockeydieppememramcook.ca\/association\/reunions-du-ca\/reunions-2026\/","name":"R\u00e9unions 2026 - Hockey Dieppe Memramcook","isPartOf":{"@id":"https:\/\/hockeydieppememramcook.ca\/#website"},"datePublished":"2026-04-22T17:43:34+00:00","dateModified":"2026-04-22T18:12:58+00:00","breadcrumb":{"@id":"https:\/\/hockeydieppememramcook.ca\/association\/reunions-du-ca\/reunions-2026\/#breadcrumb"},"inLanguage":"en-US","potentialAction":[{"@type":"ReadAction","target":["https:\/\/hockeydieppememramcook.ca\/association\/reunions-du-ca\/reunions-2026\/"]}]},{"@type":"BreadcrumbList","@id":"https:\/\/hockeydieppememramcook.ca\/association\/reunions-du-ca\/reunions-2026\/#breadcrumb","itemListElement":[{"@type":"ListItem","position":1,"name":"Accueil","item":"https:\/\/hockeydieppememramcook.ca\/en\/"},{"@type":"ListItem","position":2,"name":"Association","item":"https:\/\/hockeydieppememramcook.ca\/association\/"},{"@type":"ListItem","position":3,"name":"R\u00e9unions du CA","item":"https:\/\/hockeydieppememramcook.ca\/association\/reunions-du-ca\/"},{"@type":"ListItem","position":4,"name":"R\u00e9unions 2026"}]},{"@type":"WebSite","@id":"https:\/\/hockeydieppememramcook.ca\/#website","url":"https:\/\/hockeydieppememramcook.ca\/","name":"Hockey Dieppe Memramcook","description":"Un site utilisant Les sites de Shark M\u00e9dia & Sport, template Slapshot","potentialAction":[{"@type":"SearchAction","target":{"@type":"EntryPoint","urlTemplate":"https:\/\/hockeydieppememramcook.ca\/?s={search_term_string}"},"query-input":{"@type":"PropertyValueSpecification","valueRequired":true,"valueName":"search_term_string"}}],"inLanguage":"en-US"}]}},"_links":{"self":[{"href":"https:\/\/hockeydieppememramcook.ca\/en\/wp-json\/wp\/v2\/pages\/8601","targetHints":{"allow":["GET"]}}],"collection":[{"href":"https:\/\/hockeydieppememramcook.ca\/en\/wp-json\/wp\/v2\/pages"}],"about":[{"href":"https:\/\/hockeydieppememramcook.ca\/en\/wp-json\/wp\/v2\/types\/page"}],"author":[{"embeddable":true,"href":"https:\/\/hockeydieppememramcook.ca\/en\/wp-json\/wp\/v2\/users\/473"}],"replies":[{"embeddable":true,"href":"https:\/\/hockeydieppememramcook.ca\/en\/wp-json\/wp\/v2\/comments?post=8601"}],"version-history":[{"count":2,"href":"https:\/\/hockeydieppememramcook.ca\/en\/wp-json\/wp\/v2\/pages\/8601\/revisions"}],"predecessor-version":[{"id":8635,"href":"https:\/\/hockeydieppememramcook.ca\/en\/wp-json\/wp\/v2\/pages\/8601\/revisions\/8635"}],"up":[{"embeddable":true,"href":"https:\/\/hockeydieppememramcook.ca\/en\/wp-json\/wp\/v2\/pages\/2867"}],"wp:attachment":[{"href":"https:\/\/hockeydieppememramcook.ca\/en\/wp-json\/wp\/v2\/media?parent=8601"}],"curies":[{"name":"wp","href":"https:\/\/api.w.org\/{rel}","templated":true}]}}