{"id":4157,"date":"2022-07-21T07:52:01","date_gmt":"2022-07-21T11:52:01","guid":{"rendered":"https:\/\/hockeydieppememramcook.sharkmediasport.com\/?page_id=4157"},"modified":"2025-11-13T12:23:01","modified_gmt":"2025-11-13T17:23:01","slug":"board-of-directions","status":"publish","type":"page","link":"https:\/\/hockeydieppememramcook.ca\/en\/association\/board-of-directions\/","title":{"rendered":"Board of directors"},"content":{"rendered":"<p><strong>Board Members for the 2025-2026 season<\/strong><\/p>\n<p class=\"p1\"><strong>President: <\/strong><a href=\"mailto:serge_leb@hotmail.com\">Serge LeBlanc<\/a>\u00a0866-9495<\/p>\n<p class=\"p1\"><strong>Vice-President:<\/strong> <a href=\"mailto:ELIRICHARD81@hotmail.com\">Elisabeth Richard<\/a>\u00a0866-2999<\/p>\n<p class=\"p1\"><strong>Secretary:<\/strong>\u00a0<a href=\"mailto:stephanie.friolet@gmail.com\">St\u00e9phanie Friolet<\/a><span class=\"s1\">\u00a0874-4498<\/span><\/p>\n<p class=\"p1\"><strong>Treasurer:<\/strong>\u00a0<a href=\"mailto:brunogodin@hotmail.com\">Bruno Godin<\/a>\u00a0850-8294<\/p>\n<p class=\"p1\"><strong>Executive director:\u00a0<\/strong><a href=\"mailto:christianbosse.hdm@gmail.com\">Christ<\/a><a href=\"mailto:christianbosse.hdm@gmail.com\">ian<\/a><a href=\"mailto:christianbosse.hdm@gmail.com\">\u00a0Boss\u00e9<\/a>\u00a0382-9293<\/p>\n<p class=\"p1\"><strong>Technical Director:<\/strong>\u00a0<a href=\"mailto:sergebourgeois.hdm@gmail.com\">Serge Bourgeois<\/a> 382-9293<\/p>\n<p class=\"p1\"><strong>Director of Officiating:<\/strong>\u00a0<a href=\"mailto:dieppereferee@rogers.com\"><span class=\"s1\">Jean-Guy Richard<\/span><\/a> 269-0212<\/p>\n<p class=\"p1\"><strong>Managers Coordinator:<\/strong>\u00a0<a href=\"mailto:allainjosee@rogers.com\">Allain Savoie<\/a>\u00a0224-0005<\/p>\n<p class=\"p1\"><strong>Coordinator of \u00abAA-A-B\u00bb Teams:<\/strong> <a href=\"mailto:joraf02@gmail.com\">Stephane Lagace<\/a><\/p>\n<p class=\"p1\"><strong>Female Hockey Coordinator:<\/strong>\u00a0<a href=\"mailto:danikaleblanc@hotmail.com\">Danika Leblanc<\/a><\/p>\n<p class=\"p1\"><strong>Coaching Development Programs Coordinator:<\/strong>\u00a0<a href=\"mailto:glennrobichaud@hotmail.com\">Glenn Robichaud<\/a>\u00a0227-9368<\/p>\n<p class=\"p1\"><strong>Goaltending Development Programs Coordinator:\u00a0 <\/strong><a href=\"mailto:kevin.robert.maps@gmail.com\">Kevin Robert<\/a><\/p>\n<p><strong>Players Development Programs Coordinator: <\/strong><a href=\"mailto:ian.mgirard@gmail.com\"><span class=\"s1\">Ian Girard<\/span><\/a>\u00a0378-0148<\/p>\n<p class=\"p1\"><strong>Communications Coordinator:<\/strong>\u00a0<a href=\"mailto:turcottepatricia@hotmail.com\">Patricia Turcotte<\/a>\u00a0 871-0090<\/p>\n<p class=\"p1\"><strong>Equipment Coordinator:\u00a0<\/strong><a href=\"mailto:denisvautour@gmail.com\">Denis Vautour<\/a>\u00a0874-4775<\/p>\n<p class=\"p1\"><strong>Tournaments Coordinator:<\/strong>\u00a0<a href=\"mailto:vh.dargavel@gmail.com\">Vanessa Dargavel<\/a><\/p>\n<p class=\"p1\"><strong>Coordinator U7 Division:<\/strong> <a href=\"mailto:lauracleblanc@hotmail.com\">Laura Leblanc<\/a><\/p>\n<p class=\"p1\"><strong>Coordinator U9 Division: <\/strong><a href=\"mailto:ianawells@gmail.com\">Ian Wells<\/a><\/p>\n<p class=\"p1\"><strong>Coordinator U11 Division:<\/strong> <a href=\"mailto:amy_boudreau@hotmail.com\">Amy Boudreau<\/a>\u00a0227-8240<\/p>\n<p class=\"p1\"><strong>Coordinator U13 Division : <\/strong><a href=\"mailto:genevieve.twinius@gmail.com\">Genevi\u00e8ve Boil\u00e8s-L\u00e9onard<\/a> 514-961-9568<\/p>\n<p class=\"p1\"><strong>Coordinator U15 Division : <\/strong><a href=\"mailto:mfortin2222@gmail.com\">M\u00e9lanie Fortin<\/a><\/p>\n<p class=\"p1\"><strong>Coordinator U18 Division\u00a0:<\/strong> <a href=\"mailto:mikes021672@gmail.com\">Mike Stott<\/a>\u00a0961-8371<\/p>\n<p class=\"p1\"><strong>Coordinator U21 Division:<\/strong>\u00a0<a href=\"mailto:mikes021672@gmail.com\">Mike Stott<\/a>\u00a0961-8371<\/p>\n","protected":false},"excerpt":{"rendered":"<p>Board Members for the 2025-2026 season President: Serge LeBlanc\u00a0866-9495 Vice-President: Elisabeth Richard\u00a0866-2999 Secretary:\u00a0St\u00e9phanie Friolet\u00a0874-4498 Treasurer:\u00a0Bruno Godin\u00a0850-8294 Executive director:\u00a0Christian\u00a0Boss\u00e9\u00a0382-9293 Technical Director:\u00a0Serge Bourgeois 382-9293 Director of Officiating:\u00a0Jean-Guy Richard 269-0212 Managers Coordinator:\u00a0Allain Savoie\u00a0224-0005 Coordinator of \u00abAA-A-B\u00bb Teams: Stephane Lagace Female Hockey Coordinator:\u00a0Danika Leblanc Coaching Development Programs Coordinator:\u00a0Glenn Robichaud\u00a0227-9368 Goaltending Development Programs Coordinator:\u00a0 Kevin Robert Players Development Programs Coordinator: [&hellip;]<\/p>\n","protected":false},"author":473,"featured_media":0,"parent":4145,"menu_order":0,"comment_status":"closed","ping_status":"closed","template":"","meta":{"_acf_changed":false,"footnotes":""},"class_list":["post-4157","page","type-page","status-publish","hentry"],"acf":[],"yoast_head":"<!-- This site is optimized with the Yoast SEO plugin v25.7 - https:\/\/yoast.com\/wordpress\/plugins\/seo\/ -->\n<title>Board of directors - Hockey Dieppe Memramcook<\/title>\n<meta name=\"robots\" content=\"index, follow, max-snippet:-1, max-image-preview:large, max-video-preview:-1\" \/>\n<link rel=\"canonical\" href=\"https:\/\/hockeydieppememramcook.ca\/en\/association\/board-of-directions\/\" \/>\n<meta property=\"og:locale\" content=\"en_US\" \/>\n<meta property=\"og:type\" content=\"article\" \/>\n<meta property=\"og:title\" content=\"Board of directors - Hockey Dieppe Memramcook\" \/>\n<meta property=\"og:description\" content=\"Board Members for the 2025-2026 season President: Serge LeBlanc\u00a0866-9495 Vice-President: Elisabeth Richard\u00a0866-2999 Secretary:\u00a0St\u00e9phanie Friolet\u00a0874-4498 Treasurer:\u00a0Bruno Godin\u00a0850-8294 Executive director:\u00a0Christian\u00a0Boss\u00e9\u00a0382-9293 Technical Director:\u00a0Serge Bourgeois 382-9293 Director of Officiating:\u00a0Jean-Guy Richard 269-0212 Managers Coordinator:\u00a0Allain Savoie\u00a0224-0005 Coordinator of \u00abAA-A-B\u00bb Teams: Stephane Lagace Female Hockey Coordinator:\u00a0Danika Leblanc Coaching Development Programs Coordinator:\u00a0Glenn Robichaud\u00a0227-9368 Goaltending Development Programs Coordinator:\u00a0 Kevin Robert Players Development Programs Coordinator: [&hellip;]\" \/>\n<meta property=\"og:url\" content=\"https:\/\/hockeydieppememramcook.ca\/en\/association\/board-of-directions\/\" \/>\n<meta property=\"og:site_name\" content=\"Hockey Dieppe Memramcook\" \/>\n<meta property=\"article:modified_time\" content=\"2025-11-13T17:23:01+00:00\" \/>\n<meta name=\"twitter:card\" content=\"summary_large_image\" \/>\n<meta name=\"twitter:label1\" content=\"Est. reading time\" \/>\n\t<meta name=\"twitter:data1\" content=\"1 minute\" \/>\n<script type=\"application\/ld+json\" class=\"yoast-schema-graph\">{\"@context\":\"https:\/\/schema.org\",\"@graph\":[{\"@type\":\"WebPage\",\"@id\":\"https:\/\/hockeydieppememramcook.ca\/en\/association\/board-of-directions\/\",\"url\":\"https:\/\/hockeydieppememramcook.ca\/en\/association\/board-of-directions\/\",\"name\":\"Board of directors - Hockey Dieppe Memramcook\",\"isPartOf\":{\"@id\":\"https:\/\/hockeydieppememramcook.ca\/#website\"},\"datePublished\":\"2022-07-21T11:52:01+00:00\",\"dateModified\":\"2025-11-13T17:23:01+00:00\",\"breadcrumb\":{\"@id\":\"https:\/\/hockeydieppememramcook.ca\/en\/association\/board-of-directions\/#breadcrumb\"},\"inLanguage\":\"en-US\",\"potentialAction\":[{\"@type\":\"ReadAction\",\"target\":[\"https:\/\/hockeydieppememramcook.ca\/en\/association\/board-of-directions\/\"]}]},{\"@type\":\"BreadcrumbList\",\"@id\":\"https:\/\/hockeydieppememramcook.ca\/en\/association\/board-of-directions\/#breadcrumb\",\"itemListElement\":[{\"@type\":\"ListItem\",\"position\":1,\"name\":\"Accueil\",\"item\":\"https:\/\/hockeydieppememramcook.ca\/en\/\"},{\"@type\":\"ListItem\",\"position\":2,\"name\":\"Association\",\"item\":\"https:\/\/hockeydieppememramcook.ca\/en\/association\/\"},{\"@type\":\"ListItem\",\"position\":3,\"name\":\"Board of directors\"}]},{\"@type\":\"WebSite\",\"@id\":\"https:\/\/hockeydieppememramcook.ca\/#website\",\"url\":\"https:\/\/hockeydieppememramcook.ca\/\",\"name\":\"Hockey Dieppe Memramcook\",\"description\":\"Un site utilisant Les sites de Shark M\u00e9dia & Sport, template Slapshot\",\"potentialAction\":[{\"@type\":\"SearchAction\",\"target\":{\"@type\":\"EntryPoint\",\"urlTemplate\":\"https:\/\/hockeydieppememramcook.ca\/?s={search_term_string}\"},\"query-input\":{\"@type\":\"PropertyValueSpecification\",\"valueRequired\":true,\"valueName\":\"search_term_string\"}}],\"inLanguage\":\"en-US\"}]}<\/script>\n<!-- \/ Yoast SEO plugin. -->","yoast_head_json":{"title":"Board of directors - Hockey Dieppe Memramcook","robots":{"index":"index","follow":"follow","max-snippet":"max-snippet:-1","max-image-preview":"max-image-preview:large","max-video-preview":"max-video-preview:-1"},"canonical":"https:\/\/hockeydieppememramcook.ca\/en\/association\/board-of-directions\/","og_locale":"en_US","og_type":"article","og_title":"Board of directors - Hockey Dieppe Memramcook","og_description":"Board Members for the 2025-2026 season President: Serge LeBlanc\u00a0866-9495 Vice-President: Elisabeth Richard\u00a0866-2999 Secretary:\u00a0St\u00e9phanie Friolet\u00a0874-4498 Treasurer:\u00a0Bruno Godin\u00a0850-8294 Executive director:\u00a0Christian\u00a0Boss\u00e9\u00a0382-9293 Technical Director:\u00a0Serge Bourgeois 382-9293 Director of Officiating:\u00a0Jean-Guy Richard 269-0212 Managers Coordinator:\u00a0Allain Savoie\u00a0224-0005 Coordinator of \u00abAA-A-B\u00bb Teams: Stephane Lagace Female Hockey Coordinator:\u00a0Danika Leblanc Coaching Development Programs Coordinator:\u00a0Glenn Robichaud\u00a0227-9368 Goaltending Development Programs Coordinator:\u00a0 Kevin Robert Players Development Programs Coordinator: [&hellip;]","og_url":"https:\/\/hockeydieppememramcook.ca\/en\/association\/board-of-directions\/","og_site_name":"Hockey Dieppe Memramcook","article_modified_time":"2025-11-13T17:23:01+00:00","twitter_card":"summary_large_image","twitter_misc":{"Est. reading time":"1 minute"},"schema":{"@context":"https:\/\/schema.org","@graph":[{"@type":"WebPage","@id":"https:\/\/hockeydieppememramcook.ca\/en\/association\/board-of-directions\/","url":"https:\/\/hockeydieppememramcook.ca\/en\/association\/board-of-directions\/","name":"Board of directors - Hockey Dieppe Memramcook","isPartOf":{"@id":"https:\/\/hockeydieppememramcook.ca\/#website"},"datePublished":"2022-07-21T11:52:01+00:00","dateModified":"2025-11-13T17:23:01+00:00","breadcrumb":{"@id":"https:\/\/hockeydieppememramcook.ca\/en\/association\/board-of-directions\/#breadcrumb"},"inLanguage":"en-US","potentialAction":[{"@type":"ReadAction","target":["https:\/\/hockeydieppememramcook.ca\/en\/association\/board-of-directions\/"]}]},{"@type":"BreadcrumbList","@id":"https:\/\/hockeydieppememramcook.ca\/en\/association\/board-of-directions\/#breadcrumb","itemListElement":[{"@type":"ListItem","position":1,"name":"Accueil","item":"https:\/\/hockeydieppememramcook.ca\/en\/"},{"@type":"ListItem","position":2,"name":"Association","item":"https:\/\/hockeydieppememramcook.ca\/en\/association\/"},{"@type":"ListItem","position":3,"name":"Board of directors"}]},{"@type":"WebSite","@id":"https:\/\/hockeydieppememramcook.ca\/#website","url":"https:\/\/hockeydieppememramcook.ca\/","name":"Hockey Dieppe Memramcook","description":"Un site utilisant Les sites de Shark M\u00e9dia & Sport, template Slapshot","potentialAction":[{"@type":"SearchAction","target":{"@type":"EntryPoint","urlTemplate":"https:\/\/hockeydieppememramcook.ca\/?s={search_term_string}"},"query-input":{"@type":"PropertyValueSpecification","valueRequired":true,"valueName":"search_term_string"}}],"inLanguage":"en-US"}]}},"_links":{"self":[{"href":"https:\/\/hockeydieppememramcook.ca\/en\/wp-json\/wp\/v2\/pages\/4157","targetHints":{"allow":["GET"]}}],"collection":[{"href":"https:\/\/hockeydieppememramcook.ca\/en\/wp-json\/wp\/v2\/pages"}],"about":[{"href":"https:\/\/hockeydieppememramcook.ca\/en\/wp-json\/wp\/v2\/types\/page"}],"author":[{"embeddable":true,"href":"https:\/\/hockeydieppememramcook.ca\/en\/wp-json\/wp\/v2\/users\/473"}],"replies":[{"embeddable":true,"href":"https:\/\/hockeydieppememramcook.ca\/en\/wp-json\/wp\/v2\/comments?post=4157"}],"version-history":[{"count":15,"href":"https:\/\/hockeydieppememramcook.ca\/en\/wp-json\/wp\/v2\/pages\/4157\/revisions"}],"predecessor-version":[{"id":8206,"href":"https:\/\/hockeydieppememramcook.ca\/en\/wp-json\/wp\/v2\/pages\/4157\/revisions\/8206"}],"up":[{"embeddable":true,"href":"https:\/\/hockeydieppememramcook.ca\/en\/wp-json\/wp\/v2\/pages\/4145"}],"wp:attachment":[{"href":"https:\/\/hockeydieppememramcook.ca\/en\/wp-json\/wp\/v2\/media?parent=4157"}],"curies":[{"name":"wp","href":"https:\/\/api.w.org\/{rel}","templated":true}]}}