{"id":3673,"date":"2022-07-15T09:09:27","date_gmt":"2022-07-15T13:09:27","guid":{"rendered":"https:\/\/hockeydieppememramcook.sharkmediasport.com\/?page_id=3673"},"modified":"2026-04-17T09:26:40","modified_gmt":"2026-04-17T13:26:40","slug":"competitifs","status":"publish","type":"page","link":"https:\/\/hockeydieppememramcook.ca\/en\/competitifs\/","title":{"rendered":"Comp\u00e9titifs"},"content":{"rendered":"<p><strong>M11, M13, M15 et M18<\/strong><\/p>\n<p><strong>HDM essais comp\u00e9titifs saison 2026-2027<\/strong><\/p>\n<p><a href=\"http:\/\/hockeydieppememramcook.ca\/wp-content\/uploads\/sites\/527\/2026\/04\/Tryouts-schedule-2026.pdf\" target=\"\">C\u00e9dule essais 2026<\/a><\/p>\n<p>&nbsp;<\/p>\n<p><strong>Les joueurs seront en groupes par ordre alphab\u00e9tique<\/strong> pour la premi\u00e8re session et sortira lorsqu&#8217;on sera plus pr\u00e8s des essais.<\/p>\n<p><strong>Essais comp\u00e9titif Lignes directrice des essais\u00a0 <a href=\"http:\/\/hockeydieppememramcook.ca\/wp-content\/uploads\/sites\/527\/2024\/07\/Evaluation-Competitif-HDMdrill-1.pdf\" target=\"\" rel=\"noopener\">\u00c9valuation Comp\u00e9titif HDM(drill 1)<\/a>\u00a0 <a href=\"http:\/\/hockeydieppememramcook.ca\/wp-content\/uploads\/sites\/527\/2024\/09\/Evaluation-1vs1.pdf\" target=\"\" rel=\"noopener\">\u00c9valuation 1vs1<\/a>\u00a0\u00a0<a href=\"http:\/\/hockeydieppememramcook.ca\/wp-content\/uploads\/sites\/527\/2024\/07\/Player-selection-guide-revise-2023-final-francais.pdf\" target=\"\" rel=\"noopener\">Guide S\u00e9lection des joueurs<\/a><\/strong><\/p>\n<p>Bienvenue aux essais de hockey de niveau comp\u00e9titif 2026-2027! HDM attendent avec impatience une autre excellente saison de hockey, de camaraderie et de comp\u00e9tition loyale.<\/p>\n<p>STP suivre les informations pour les essais \u00e0 la page suivante<\/p>\n<p><strong>Veuillez noter que des chandails d&#8217;essai seront fournis.<\/strong><\/p>\n<p><strong>Tous les joueurs doivent avoir leurs propres bas de hockey des Aigles (blanc et rouge ou rouge et blanc) ou noir\/neutre.<\/strong><\/p>\n<p><strong>Pas de bas d&#8217;\u00e9quipe de printemps et pas de couvre pantalons.\u00a0<\/strong><\/p>\n<p>Si vous avez des questions avant \/ pendant \/ apr\u00e8s les essais, en particulier les parents de joueurs de premi\u00e8re ann\u00e9e M11 et toute autre personne qui pourrait \u00eatre nouvelle dans ce processus, n&#8217;h\u00e9sitez pas \u00e0 contacter Stephane Lagac\u00e9 par <a href=\"mailto:&quot;joraf02@gmail.com&quot; &lt;joraf02@gmail.com&gt;\">courriel<\/a> ou par t\u00e9l\u00e9phone au 506.381.2639<\/p>\n","protected":false},"excerpt":{"rendered":"<p>M11, M13, M15 et M18 HDM essais comp\u00e9titifs saison 2026-2027 C\u00e9dule essais 2026 &nbsp; Les joueurs seront en groupes par ordre alphab\u00e9tique pour la premi\u00e8re session et sortira lorsqu&#8217;on sera plus pr\u00e8s des essais. Essais comp\u00e9titif Lignes directrice des essais\u00a0 \u00c9valuation Comp\u00e9titif HDM(drill 1)\u00a0 \u00c9valuation 1vs1\u00a0\u00a0Guide S\u00e9lection des joueurs Bienvenue aux essais de hockey de [&hellip;]<\/p>\n","protected":false},"author":473,"featured_media":0,"parent":0,"menu_order":0,"comment_status":"closed","ping_status":"closed","template":"","meta":{"_acf_changed":false,"footnotes":""},"class_list":["post-3673","page","type-page","status-publish","hentry"],"acf":[],"yoast_head":"<!-- This site is optimized with the Yoast SEO plugin v25.7 - https:\/\/yoast.com\/wordpress\/plugins\/seo\/ -->\n<title>Comp\u00e9titifs - Hockey Dieppe Memramcook<\/title>\n<meta name=\"robots\" content=\"index, follow, max-snippet:-1, max-image-preview:large, max-video-preview:-1\" \/>\n<link rel=\"canonical\" href=\"https:\/\/hockeydieppememramcook.ca\/competitifs\/\" \/>\n<meta property=\"og:locale\" content=\"en_US\" \/>\n<meta property=\"og:type\" content=\"article\" \/>\n<meta property=\"og:title\" content=\"Comp\u00e9titifs - Hockey Dieppe Memramcook\" \/>\n<meta property=\"og:description\" content=\"M11, M13, M15 et M18 HDM essais comp\u00e9titifs saison 2026-2027 C\u00e9dule essais 2026 &nbsp; Les joueurs seront en groupes par ordre alphab\u00e9tique pour la premi\u00e8re session et sortira lorsqu&#8217;on sera plus pr\u00e8s des essais. Essais comp\u00e9titif Lignes directrice des essais\u00a0 \u00c9valuation Comp\u00e9titif HDM(drill 1)\u00a0 \u00c9valuation 1vs1\u00a0\u00a0Guide S\u00e9lection des joueurs Bienvenue aux essais de hockey de [&hellip;]\" \/>\n<meta property=\"og:url\" content=\"https:\/\/hockeydieppememramcook.ca\/competitifs\/\" \/>\n<meta property=\"og:site_name\" content=\"Hockey Dieppe Memramcook\" \/>\n<meta property=\"article:modified_time\" content=\"2026-04-17T13:26:40+00:00\" \/>\n<meta name=\"twitter:card\" content=\"summary_large_image\" \/>\n<meta name=\"twitter:label1\" content=\"Est. reading time\" \/>\n\t<meta name=\"twitter:data1\" content=\"1 minute\" \/>\n<script type=\"application\/ld+json\" class=\"yoast-schema-graph\">{\"@context\":\"https:\/\/schema.org\",\"@graph\":[{\"@type\":\"WebPage\",\"@id\":\"https:\/\/hockeydieppememramcook.ca\/competitifs\/\",\"url\":\"https:\/\/hockeydieppememramcook.ca\/competitifs\/\",\"name\":\"Comp\u00e9titifs - Hockey Dieppe Memramcook\",\"isPartOf\":{\"@id\":\"https:\/\/hockeydieppememramcook.ca\/#website\"},\"datePublished\":\"2022-07-15T13:09:27+00:00\",\"dateModified\":\"2026-04-17T13:26:40+00:00\",\"breadcrumb\":{\"@id\":\"https:\/\/hockeydieppememramcook.ca\/competitifs\/#breadcrumb\"},\"inLanguage\":\"en-US\",\"potentialAction\":[{\"@type\":\"ReadAction\",\"target\":[\"https:\/\/hockeydieppememramcook.ca\/competitifs\/\"]}]},{\"@type\":\"BreadcrumbList\",\"@id\":\"https:\/\/hockeydieppememramcook.ca\/competitifs\/#breadcrumb\",\"itemListElement\":[{\"@type\":\"ListItem\",\"position\":1,\"name\":\"Accueil\",\"item\":\"https:\/\/hockeydieppememramcook.ca\/en\/\"},{\"@type\":\"ListItem\",\"position\":2,\"name\":\"Comp\u00e9titifs\"}]},{\"@type\":\"WebSite\",\"@id\":\"https:\/\/hockeydieppememramcook.ca\/#website\",\"url\":\"https:\/\/hockeydieppememramcook.ca\/\",\"name\":\"Hockey Dieppe Memramcook\",\"description\":\"Un site utilisant Les sites de Shark M\u00e9dia & Sport, template Slapshot\",\"potentialAction\":[{\"@type\":\"SearchAction\",\"target\":{\"@type\":\"EntryPoint\",\"urlTemplate\":\"https:\/\/hockeydieppememramcook.ca\/?s={search_term_string}\"},\"query-input\":{\"@type\":\"PropertyValueSpecification\",\"valueRequired\":true,\"valueName\":\"search_term_string\"}}],\"inLanguage\":\"en-US\"}]}<\/script>\n<!-- \/ Yoast SEO plugin. -->","yoast_head_json":{"title":"Comp\u00e9titifs - Hockey Dieppe Memramcook","robots":{"index":"index","follow":"follow","max-snippet":"max-snippet:-1","max-image-preview":"max-image-preview:large","max-video-preview":"max-video-preview:-1"},"canonical":"https:\/\/hockeydieppememramcook.ca\/competitifs\/","og_locale":"en_US","og_type":"article","og_title":"Comp\u00e9titifs - Hockey Dieppe Memramcook","og_description":"M11, M13, M15 et M18 HDM essais comp\u00e9titifs saison 2026-2027 C\u00e9dule essais 2026 &nbsp; Les joueurs seront en groupes par ordre alphab\u00e9tique pour la premi\u00e8re session et sortira lorsqu&#8217;on sera plus pr\u00e8s des essais. Essais comp\u00e9titif Lignes directrice des essais\u00a0 \u00c9valuation Comp\u00e9titif HDM(drill 1)\u00a0 \u00c9valuation 1vs1\u00a0\u00a0Guide S\u00e9lection des joueurs Bienvenue aux essais de hockey de [&hellip;]","og_url":"https:\/\/hockeydieppememramcook.ca\/competitifs\/","og_site_name":"Hockey Dieppe Memramcook","article_modified_time":"2026-04-17T13:26:40+00:00","twitter_card":"summary_large_image","twitter_misc":{"Est. reading time":"1 minute"},"schema":{"@context":"https:\/\/schema.org","@graph":[{"@type":"WebPage","@id":"https:\/\/hockeydieppememramcook.ca\/competitifs\/","url":"https:\/\/hockeydieppememramcook.ca\/competitifs\/","name":"Comp\u00e9titifs - Hockey Dieppe Memramcook","isPartOf":{"@id":"https:\/\/hockeydieppememramcook.ca\/#website"},"datePublished":"2022-07-15T13:09:27+00:00","dateModified":"2026-04-17T13:26:40+00:00","breadcrumb":{"@id":"https:\/\/hockeydieppememramcook.ca\/competitifs\/#breadcrumb"},"inLanguage":"en-US","potentialAction":[{"@type":"ReadAction","target":["https:\/\/hockeydieppememramcook.ca\/competitifs\/"]}]},{"@type":"BreadcrumbList","@id":"https:\/\/hockeydieppememramcook.ca\/competitifs\/#breadcrumb","itemListElement":[{"@type":"ListItem","position":1,"name":"Accueil","item":"https:\/\/hockeydieppememramcook.ca\/en\/"},{"@type":"ListItem","position":2,"name":"Comp\u00e9titifs"}]},{"@type":"WebSite","@id":"https:\/\/hockeydieppememramcook.ca\/#website","url":"https:\/\/hockeydieppememramcook.ca\/","name":"Hockey Dieppe Memramcook","description":"Un site utilisant Les sites de Shark M\u00e9dia & Sport, template Slapshot","potentialAction":[{"@type":"SearchAction","target":{"@type":"EntryPoint","urlTemplate":"https:\/\/hockeydieppememramcook.ca\/?s={search_term_string}"},"query-input":{"@type":"PropertyValueSpecification","valueRequired":true,"valueName":"search_term_string"}}],"inLanguage":"en-US"}]}},"_links":{"self":[{"href":"https:\/\/hockeydieppememramcook.ca\/en\/wp-json\/wp\/v2\/pages\/3673","targetHints":{"allow":["GET"]}}],"collection":[{"href":"https:\/\/hockeydieppememramcook.ca\/en\/wp-json\/wp\/v2\/pages"}],"about":[{"href":"https:\/\/hockeydieppememramcook.ca\/en\/wp-json\/wp\/v2\/types\/page"}],"author":[{"embeddable":true,"href":"https:\/\/hockeydieppememramcook.ca\/en\/wp-json\/wp\/v2\/users\/473"}],"replies":[{"embeddable":true,"href":"https:\/\/hockeydieppememramcook.ca\/en\/wp-json\/wp\/v2\/comments?post=3673"}],"version-history":[{"count":65,"href":"https:\/\/hockeydieppememramcook.ca\/en\/wp-json\/wp\/v2\/pages\/3673\/revisions"}],"predecessor-version":[{"id":8583,"href":"https:\/\/hockeydieppememramcook.ca\/en\/wp-json\/wp\/v2\/pages\/3673\/revisions\/8583"}],"wp:attachment":[{"href":"https:\/\/hockeydieppememramcook.ca\/en\/wp-json\/wp\/v2\/media?parent=3673"}],"curies":[{"name":"wp","href":"https:\/\/api.w.org\/{rel}","templated":true}]}}