{"id":3661,"date":"2022-07-15T09:04:59","date_gmt":"2022-07-15T13:04:59","guid":{"rendered":"https:\/\/hockeydieppememramcook.sharkmediasport.com\/?page_id=3661"},"modified":"2025-10-10T14:56:17","modified_gmt":"2025-10-10T18:56:17","slug":"m15","status":"publish","type":"page","link":"https:\/\/hockeydieppememramcook.ca\/en\/m15\/","title":{"rendered":"M15"},"content":{"rendered":"<p><strong>SAISON 2025-2026<\/strong><\/p>\n<p><strong><img loading=\"lazy\" decoding=\"async\" src=\"http:\/\/gsh-blanc.com\/data\/hdieppe\/images\/system_calendar.jpg\" alt=\"\" width=\"200\" height=\"200\" \/><\/strong><\/p>\n<p>&nbsp;<\/p>\n<p><strong>Coordinateur Division M15 :\u00a0 <a href=\"mailto:mfortin2222@gmail.com\">M\u00e9lanie Fortin<\/a><\/strong><\/p>\n<p><strong><a href=\"http:\/\/hockeydieppememramcook.ca\/wp-content\/uploads\/sites\/527\/2025\/10\/Liste-de-Joueurs-U15-Evaluations-2025.pdf\" target=\"\">Liste de Joueurs-U15 \u00c9valuations 2025<\/a><\/strong><\/p>\n<h3>M15 R\u00e9cr\u00e9atif &#8211; L&#8217;\u00e9valuation se fera la 2e semaine d&#8217;Octobre (c\u00e9dule \u00e0 venir lorsque nous serons plus pr\u00e8s du d\u00e9but de la saison) <strong>Lorsque les \u00e9quipes seront fait, vous recevrez une invitation de Teamsnap pour vous joindre \u00e0 votre \u00e9quipe.<\/strong><\/h3>\n<div><\/div>\n<hr \/>\n<h3>Moins de quinze ans au 31 d\u00e9cembre de la saison en cours<\/h3>\n<p>Le plan saisonnier est d\u00e9termin\u00e9 en fonction de l\u2019\u00e2ge et du niveau d\u2019habilet\u00e9 de l\u2019\u00e9quipe. Les programmes de d\u00e9veloppement des habilet\u00e9s de Hockey Canada sont bas\u00e9s sur des \u00e9tapes progressives et suivent une r\u00e9partition appropri\u00e9e du temps illustr\u00e9e dans la pyramide du d\u00e9veloppement des habilet\u00e9s.<\/p>\n<hr \/>\n<p><strong>Objectifs de la division d\u2019\u00e2ge des moins de 15 ans :<\/strong><\/p>\n<ul>\n<li>Plaisir<\/li>\n<li>Perfectionnement du jeu collectif<\/li>\n<li>Introduction \u00e0 la strat\u00e9gie collective<\/li>\n<\/ul>\n<p>&nbsp;<\/p>\n<hr \/>\n<p><strong>R\u00e9partition du temps recommand\u00e9e pour les s\u00e9ances d\u2019entra\u00eenement de la division d\u2019\u00e2ge des moins de 15 ans :<\/strong><\/p>\n<p>\u2022 40 % habilet\u00e9s techniques<br \/>\n\u2022 15 % tactiques individuelles<br \/>\n\u2022 20 % tactiques collectives<br \/>\n\u2022 15 % jeu collectif<br \/>\n\u2022 10 % strat\u00e9gie<\/p>\n<p><strong>Curriculum de la division M15<\/strong><br \/>\n(recommand\u00e9 par Hockey Canada et adopt\u00e9 par HDM)<\/p>\n<p><strong><a href=\"http:\/\/gsh-blanc.com\/data\/hdieppe\/fichiers\/core_skills_bantam_f[1].pdf\" target=\"_blank\" rel=\"noopener\">Tableau des habilet\u00e9s essentielles &#8211; M15<\/a><\/strong><\/p>\n<p>&nbsp;<\/p>\n","protected":false},"excerpt":{"rendered":"<p>SAISON 2025-2026 &nbsp; Coordinateur Division M15 :\u00a0 M\u00e9lanie Fortin Liste de Joueurs-U15 \u00c9valuations 2025 M15 R\u00e9cr\u00e9atif &#8211; L&#8217;\u00e9valuation se fera la 2e semaine d&#8217;Octobre (c\u00e9dule \u00e0 venir lorsque nous serons plus pr\u00e8s du d\u00e9but de la saison) Lorsque les \u00e9quipes seront fait, vous recevrez une invitation de Teamsnap pour vous joindre \u00e0 votre \u00e9quipe. Moins [&hellip;]<\/p>\n","protected":false},"author":473,"featured_media":0,"parent":0,"menu_order":0,"comment_status":"closed","ping_status":"closed","template":"","meta":{"_acf_changed":false,"footnotes":""},"class_list":["post-3661","page","type-page","status-publish","hentry"],"acf":[],"yoast_head":"<!-- This site is optimized with the Yoast SEO plugin v25.7 - https:\/\/yoast.com\/wordpress\/plugins\/seo\/ -->\n<title>M15 - Hockey Dieppe Memramcook<\/title>\n<meta name=\"robots\" content=\"index, follow, max-snippet:-1, max-image-preview:large, max-video-preview:-1\" \/>\n<link rel=\"canonical\" href=\"https:\/\/hockeydieppememramcook.ca\/m15\/\" \/>\n<meta property=\"og:locale\" content=\"en_US\" \/>\n<meta property=\"og:type\" content=\"article\" \/>\n<meta property=\"og:title\" content=\"M15 - Hockey Dieppe Memramcook\" \/>\n<meta property=\"og:description\" content=\"SAISON 2025-2026 &nbsp; Coordinateur Division M15 :\u00a0 M\u00e9lanie Fortin Liste de Joueurs-U15 \u00c9valuations 2025 M15 R\u00e9cr\u00e9atif &#8211; L&#8217;\u00e9valuation se fera la 2e semaine d&#8217;Octobre (c\u00e9dule \u00e0 venir lorsque nous serons plus pr\u00e8s du d\u00e9but de la saison) Lorsque les \u00e9quipes seront fait, vous recevrez une invitation de Teamsnap pour vous joindre \u00e0 votre \u00e9quipe. Moins [&hellip;]\" \/>\n<meta property=\"og:url\" content=\"https:\/\/hockeydieppememramcook.ca\/m15\/\" \/>\n<meta property=\"og:site_name\" content=\"Hockey Dieppe Memramcook\" \/>\n<meta property=\"article:modified_time\" content=\"2025-10-10T18:56:17+00:00\" \/>\n<meta property=\"og:image\" content=\"http:\/\/gsh-blanc.com\/data\/hdieppe\/images\/system_calendar.jpg\" \/>\n<meta name=\"twitter:card\" content=\"summary_large_image\" \/>\n<meta name=\"twitter:label1\" content=\"Est. reading time\" \/>\n\t<meta name=\"twitter:data1\" content=\"2 minutes\" \/>\n<script type=\"application\/ld+json\" class=\"yoast-schema-graph\">{\"@context\":\"https:\/\/schema.org\",\"@graph\":[{\"@type\":\"WebPage\",\"@id\":\"https:\/\/hockeydieppememramcook.ca\/m15\/\",\"url\":\"https:\/\/hockeydieppememramcook.ca\/m15\/\",\"name\":\"M15 - Hockey Dieppe Memramcook\",\"isPartOf\":{\"@id\":\"https:\/\/hockeydieppememramcook.ca\/#website\"},\"primaryImageOfPage\":{\"@id\":\"https:\/\/hockeydieppememramcook.ca\/m15\/#primaryimage\"},\"image\":{\"@id\":\"https:\/\/hockeydieppememramcook.ca\/m15\/#primaryimage\"},\"thumbnailUrl\":\"http:\/\/gsh-blanc.com\/data\/hdieppe\/images\/system_calendar.jpg\",\"datePublished\":\"2022-07-15T13:04:59+00:00\",\"dateModified\":\"2025-10-10T18:56:17+00:00\",\"breadcrumb\":{\"@id\":\"https:\/\/hockeydieppememramcook.ca\/m15\/#breadcrumb\"},\"inLanguage\":\"en-US\",\"potentialAction\":[{\"@type\":\"ReadAction\",\"target\":[\"https:\/\/hockeydieppememramcook.ca\/m15\/\"]}]},{\"@type\":\"ImageObject\",\"inLanguage\":\"en-US\",\"@id\":\"https:\/\/hockeydieppememramcook.ca\/m15\/#primaryimage\",\"url\":\"http:\/\/gsh-blanc.com\/data\/hdieppe\/images\/system_calendar.jpg\",\"contentUrl\":\"http:\/\/gsh-blanc.com\/data\/hdieppe\/images\/system_calendar.jpg\"},{\"@type\":\"BreadcrumbList\",\"@id\":\"https:\/\/hockeydieppememramcook.ca\/m15\/#breadcrumb\",\"itemListElement\":[{\"@type\":\"ListItem\",\"position\":1,\"name\":\"Accueil\",\"item\":\"https:\/\/hockeydieppememramcook.ca\/en\/\"},{\"@type\":\"ListItem\",\"position\":2,\"name\":\"M15\"}]},{\"@type\":\"WebSite\",\"@id\":\"https:\/\/hockeydieppememramcook.ca\/#website\",\"url\":\"https:\/\/hockeydieppememramcook.ca\/\",\"name\":\"Hockey Dieppe Memramcook\",\"description\":\"Un site utilisant Les sites de Shark M\u00e9dia & Sport, template Slapshot\",\"potentialAction\":[{\"@type\":\"SearchAction\",\"target\":{\"@type\":\"EntryPoint\",\"urlTemplate\":\"https:\/\/hockeydieppememramcook.ca\/?s={search_term_string}\"},\"query-input\":{\"@type\":\"PropertyValueSpecification\",\"valueRequired\":true,\"valueName\":\"search_term_string\"}}],\"inLanguage\":\"en-US\"}]}<\/script>\n<!-- \/ Yoast SEO plugin. -->","yoast_head_json":{"title":"M15 - Hockey Dieppe Memramcook","robots":{"index":"index","follow":"follow","max-snippet":"max-snippet:-1","max-image-preview":"max-image-preview:large","max-video-preview":"max-video-preview:-1"},"canonical":"https:\/\/hockeydieppememramcook.ca\/m15\/","og_locale":"en_US","og_type":"article","og_title":"M15 - Hockey Dieppe Memramcook","og_description":"SAISON 2025-2026 &nbsp; Coordinateur Division M15 :\u00a0 M\u00e9lanie Fortin Liste de Joueurs-U15 \u00c9valuations 2025 M15 R\u00e9cr\u00e9atif &#8211; L&#8217;\u00e9valuation se fera la 2e semaine d&#8217;Octobre (c\u00e9dule \u00e0 venir lorsque nous serons plus pr\u00e8s du d\u00e9but de la saison) Lorsque les \u00e9quipes seront fait, vous recevrez une invitation de Teamsnap pour vous joindre \u00e0 votre \u00e9quipe. Moins [&hellip;]","og_url":"https:\/\/hockeydieppememramcook.ca\/m15\/","og_site_name":"Hockey Dieppe Memramcook","article_modified_time":"2025-10-10T18:56:17+00:00","og_image":[{"url":"http:\/\/gsh-blanc.com\/data\/hdieppe\/images\/system_calendar.jpg","type":"","width":"","height":""}],"twitter_card":"summary_large_image","twitter_misc":{"Est. reading time":"2 minutes"},"schema":{"@context":"https:\/\/schema.org","@graph":[{"@type":"WebPage","@id":"https:\/\/hockeydieppememramcook.ca\/m15\/","url":"https:\/\/hockeydieppememramcook.ca\/m15\/","name":"M15 - Hockey Dieppe Memramcook","isPartOf":{"@id":"https:\/\/hockeydieppememramcook.ca\/#website"},"primaryImageOfPage":{"@id":"https:\/\/hockeydieppememramcook.ca\/m15\/#primaryimage"},"image":{"@id":"https:\/\/hockeydieppememramcook.ca\/m15\/#primaryimage"},"thumbnailUrl":"http:\/\/gsh-blanc.com\/data\/hdieppe\/images\/system_calendar.jpg","datePublished":"2022-07-15T13:04:59+00:00","dateModified":"2025-10-10T18:56:17+00:00","breadcrumb":{"@id":"https:\/\/hockeydieppememramcook.ca\/m15\/#breadcrumb"},"inLanguage":"en-US","potentialAction":[{"@type":"ReadAction","target":["https:\/\/hockeydieppememramcook.ca\/m15\/"]}]},{"@type":"ImageObject","inLanguage":"en-US","@id":"https:\/\/hockeydieppememramcook.ca\/m15\/#primaryimage","url":"http:\/\/gsh-blanc.com\/data\/hdieppe\/images\/system_calendar.jpg","contentUrl":"http:\/\/gsh-blanc.com\/data\/hdieppe\/images\/system_calendar.jpg"},{"@type":"BreadcrumbList","@id":"https:\/\/hockeydieppememramcook.ca\/m15\/#breadcrumb","itemListElement":[{"@type":"ListItem","position":1,"name":"Accueil","item":"https:\/\/hockeydieppememramcook.ca\/en\/"},{"@type":"ListItem","position":2,"name":"M15"}]},{"@type":"WebSite","@id":"https:\/\/hockeydieppememramcook.ca\/#website","url":"https:\/\/hockeydieppememramcook.ca\/","name":"Hockey Dieppe Memramcook","description":"Un site utilisant Les sites de Shark M\u00e9dia & Sport, template Slapshot","potentialAction":[{"@type":"SearchAction","target":{"@type":"EntryPoint","urlTemplate":"https:\/\/hockeydieppememramcook.ca\/?s={search_term_string}"},"query-input":{"@type":"PropertyValueSpecification","valueRequired":true,"valueName":"search_term_string"}}],"inLanguage":"en-US"}]}},"_links":{"self":[{"href":"https:\/\/hockeydieppememramcook.ca\/en\/wp-json\/wp\/v2\/pages\/3661","targetHints":{"allow":["GET"]}}],"collection":[{"href":"https:\/\/hockeydieppememramcook.ca\/en\/wp-json\/wp\/v2\/pages"}],"about":[{"href":"https:\/\/hockeydieppememramcook.ca\/en\/wp-json\/wp\/v2\/types\/page"}],"author":[{"embeddable":true,"href":"https:\/\/hockeydieppememramcook.ca\/en\/wp-json\/wp\/v2\/users\/473"}],"replies":[{"embeddable":true,"href":"https:\/\/hockeydieppememramcook.ca\/en\/wp-json\/wp\/v2\/comments?post=3661"}],"version-history":[{"count":8,"href":"https:\/\/hockeydieppememramcook.ca\/en\/wp-json\/wp\/v2\/pages\/3661\/revisions"}],"predecessor-version":[{"id":8078,"href":"https:\/\/hockeydieppememramcook.ca\/en\/wp-json\/wp\/v2\/pages\/3661\/revisions\/8078"}],"wp:attachment":[{"href":"https:\/\/hockeydieppememramcook.ca\/en\/wp-json\/wp\/v2\/media?parent=3661"}],"curies":[{"name":"wp","href":"https:\/\/api.w.org\/{rel}","templated":true}]}}