{"id":3651,"date":"2022-07-15T09:02:29","date_gmt":"2022-07-15T13:02:29","guid":{"rendered":"https:\/\/hockeydieppememramcook.sharkmediasport.com\/?page_id=3651"},"modified":"2025-09-26T17:41:36","modified_gmt":"2025-09-26T21:41:36","slug":"m11","status":"publish","type":"page","link":"https:\/\/hockeydieppememramcook.ca\/en\/m11\/","title":{"rendered":"M11"},"content":{"rendered":"<p><strong>SAISON 2025-2026\u00a0<\/strong><\/p>\n<p><img loading=\"lazy\" decoding=\"async\" class=\"alignnone size-full wp-image-3643\" src=\"http:\/\/hockeydieppememramcook.ca\/wp-content\/uploads\/sites\/527\/2022\/07\/system_calendar.jpg\" alt=\"\" width=\"200\" height=\"200\" srcset=\"https:\/\/hockeydieppememramcook.ca\/wp-content\/uploads\/sites\/527\/2022\/07\/system_calendar.jpg 200w, https:\/\/hockeydieppememramcook.ca\/wp-content\/uploads\/sites\/527\/2022\/07\/system_calendar-150x150.jpg 150w\" sizes=\"(max-width: 200px) 100vw, 200px\" \/><\/p>\n<p><strong><a href=\"http:\/\/hockeydieppememramcook.ca\/wp-content\/uploads\/sites\/527\/2025\/09\/Liste-de-Joueurs-U11-Evaluations-2025.pdf\" target=\"\">Liste de Joueurs-U11 \u00c9valuations 2025<\/a><\/strong><\/p>\n<p><strong>M11 \u2013 Les \u00e9valuations se feront le 29 Septembre et 2 Octobre (c\u00e9dule \u00e0 venir lorsque nous serons plus pr\u00e8s du d\u00e9but de la saison) et les pratiques vont commencer la semaine du 14 Octobre.\u00a0 Lorsque les \u00e9quipes seront fait, vous recevrez une invitation de Teamsnap pour vous joindre \u00e0 votre \u00e9quipe.<\/strong><\/p>\n<p><strong>Coordinatrice M11: Amy Boudreau\u00a0 506.227.8240<\/strong><\/p>\n<p>&nbsp;<\/p>\n<p><strong>Objectifs de la division d\u2019\u00e2ge des moins de 11 ans :<\/strong><\/p>\n<ul>\n<li>Plaisir<\/li>\n<li>Perfectionnement des habilet\u00e9s de base<\/li>\n<li>Introduction aux tactiques collectives<\/li>\n<\/ul>\n<p>&nbsp;<\/p>\n<hr \/>\n<p><strong>R\u00e9partition du temps recommand\u00e9e pour les s\u00e9ances d\u2019entra\u00eenement de la division d\u2019\u00e2ge des moins de 11 ans :<\/strong><\/p>\n<ul>\n<li>50\u00a0% habilet\u00e9s techniques<\/li>\n<li>20\u00a0% tactiques individuelles<\/li>\n<li>15\u00a0% tactiques collectives<\/li>\n<li>10\u00a0% jeu collectif<\/li>\n<li>5\u00a0% strat\u00e9gie<\/li>\n<\/ul>\n","protected":false},"excerpt":{"rendered":"<p>SAISON 2025-2026\u00a0 Liste de Joueurs-U11 \u00c9valuations 2025 M11 \u2013 Les \u00e9valuations se feront le 29 Septembre et 2 Octobre (c\u00e9dule \u00e0 venir lorsque nous serons plus pr\u00e8s du d\u00e9but de la saison) et les pratiques vont commencer la semaine du 14 Octobre.\u00a0 Lorsque les \u00e9quipes seront fait, vous recevrez une invitation de Teamsnap pour vous [&hellip;]<\/p>\n","protected":false},"author":473,"featured_media":0,"parent":0,"menu_order":0,"comment_status":"closed","ping_status":"closed","template":"","meta":{"_acf_changed":false,"footnotes":""},"class_list":["post-3651","page","type-page","status-publish","hentry"],"acf":[],"yoast_head":"<!-- This site is optimized with the Yoast SEO plugin v25.7 - https:\/\/yoast.com\/wordpress\/plugins\/seo\/ -->\n<title>M11 - Hockey Dieppe Memramcook<\/title>\n<meta name=\"robots\" content=\"index, follow, max-snippet:-1, max-image-preview:large, max-video-preview:-1\" \/>\n<link rel=\"canonical\" href=\"https:\/\/hockeydieppememramcook.ca\/m11\/\" \/>\n<meta property=\"og:locale\" content=\"en_US\" \/>\n<meta property=\"og:type\" content=\"article\" \/>\n<meta property=\"og:title\" content=\"M11 - Hockey Dieppe Memramcook\" \/>\n<meta property=\"og:description\" content=\"SAISON 2025-2026\u00a0 Liste de Joueurs-U11 \u00c9valuations 2025 M11 \u2013 Les \u00e9valuations se feront le 29 Septembre et 2 Octobre (c\u00e9dule \u00e0 venir lorsque nous serons plus pr\u00e8s du d\u00e9but de la saison) et les pratiques vont commencer la semaine du 14 Octobre.\u00a0 Lorsque les \u00e9quipes seront fait, vous recevrez une invitation de Teamsnap pour vous [&hellip;]\" \/>\n<meta property=\"og:url\" content=\"https:\/\/hockeydieppememramcook.ca\/m11\/\" \/>\n<meta property=\"og:site_name\" content=\"Hockey Dieppe Memramcook\" \/>\n<meta property=\"article:modified_time\" content=\"2025-09-26T21:41:36+00:00\" \/>\n<meta property=\"og:image\" content=\"https:\/\/hockeydieppememramcook.ca\/wp-content\/uploads\/sites\/527\/2022\/07\/system_calendar.jpg\" \/>\n\t<meta property=\"og:image:width\" content=\"200\" \/>\n\t<meta property=\"og:image:height\" content=\"200\" \/>\n\t<meta property=\"og:image:type\" content=\"image\/jpeg\" \/>\n<meta name=\"twitter:card\" content=\"summary_large_image\" \/>\n<meta name=\"twitter:label1\" content=\"Est. reading time\" \/>\n\t<meta name=\"twitter:data1\" content=\"1 minute\" \/>\n<script type=\"application\/ld+json\" class=\"yoast-schema-graph\">{\"@context\":\"https:\/\/schema.org\",\"@graph\":[{\"@type\":\"WebPage\",\"@id\":\"https:\/\/hockeydieppememramcook.ca\/m11\/\",\"url\":\"https:\/\/hockeydieppememramcook.ca\/m11\/\",\"name\":\"M11 - Hockey Dieppe Memramcook\",\"isPartOf\":{\"@id\":\"https:\/\/hockeydieppememramcook.ca\/#website\"},\"primaryImageOfPage\":{\"@id\":\"https:\/\/hockeydieppememramcook.ca\/m11\/#primaryimage\"},\"image\":{\"@id\":\"https:\/\/hockeydieppememramcook.ca\/m11\/#primaryimage\"},\"thumbnailUrl\":\"http:\/\/hockeydieppememramcook.ca\/wp-content\/uploads\/sites\/527\/2022\/07\/system_calendar.jpg\",\"datePublished\":\"2022-07-15T13:02:29+00:00\",\"dateModified\":\"2025-09-26T21:41:36+00:00\",\"breadcrumb\":{\"@id\":\"https:\/\/hockeydieppememramcook.ca\/m11\/#breadcrumb\"},\"inLanguage\":\"en-US\",\"potentialAction\":[{\"@type\":\"ReadAction\",\"target\":[\"https:\/\/hockeydieppememramcook.ca\/m11\/\"]}]},{\"@type\":\"ImageObject\",\"inLanguage\":\"en-US\",\"@id\":\"https:\/\/hockeydieppememramcook.ca\/m11\/#primaryimage\",\"url\":\"http:\/\/hockeydieppememramcook.ca\/wp-content\/uploads\/sites\/527\/2022\/07\/system_calendar.jpg\",\"contentUrl\":\"http:\/\/hockeydieppememramcook.ca\/wp-content\/uploads\/sites\/527\/2022\/07\/system_calendar.jpg\"},{\"@type\":\"BreadcrumbList\",\"@id\":\"https:\/\/hockeydieppememramcook.ca\/m11\/#breadcrumb\",\"itemListElement\":[{\"@type\":\"ListItem\",\"position\":1,\"name\":\"Accueil\",\"item\":\"https:\/\/hockeydieppememramcook.ca\/en\/\"},{\"@type\":\"ListItem\",\"position\":2,\"name\":\"M11\"}]},{\"@type\":\"WebSite\",\"@id\":\"https:\/\/hockeydieppememramcook.ca\/#website\",\"url\":\"https:\/\/hockeydieppememramcook.ca\/\",\"name\":\"Hockey Dieppe Memramcook\",\"description\":\"Un site utilisant Les sites de Shark M\u00e9dia & Sport, template Slapshot\",\"potentialAction\":[{\"@type\":\"SearchAction\",\"target\":{\"@type\":\"EntryPoint\",\"urlTemplate\":\"https:\/\/hockeydieppememramcook.ca\/?s={search_term_string}\"},\"query-input\":{\"@type\":\"PropertyValueSpecification\",\"valueRequired\":true,\"valueName\":\"search_term_string\"}}],\"inLanguage\":\"en-US\"}]}<\/script>\n<!-- \/ Yoast SEO plugin. -->","yoast_head_json":{"title":"M11 - Hockey Dieppe Memramcook","robots":{"index":"index","follow":"follow","max-snippet":"max-snippet:-1","max-image-preview":"max-image-preview:large","max-video-preview":"max-video-preview:-1"},"canonical":"https:\/\/hockeydieppememramcook.ca\/m11\/","og_locale":"en_US","og_type":"article","og_title":"M11 - Hockey Dieppe Memramcook","og_description":"SAISON 2025-2026\u00a0 Liste de Joueurs-U11 \u00c9valuations 2025 M11 \u2013 Les \u00e9valuations se feront le 29 Septembre et 2 Octobre (c\u00e9dule \u00e0 venir lorsque nous serons plus pr\u00e8s du d\u00e9but de la saison) et les pratiques vont commencer la semaine du 14 Octobre.\u00a0 Lorsque les \u00e9quipes seront fait, vous recevrez une invitation de Teamsnap pour vous [&hellip;]","og_url":"https:\/\/hockeydieppememramcook.ca\/m11\/","og_site_name":"Hockey Dieppe Memramcook","article_modified_time":"2025-09-26T21:41:36+00:00","og_image":[{"width":200,"height":200,"url":"https:\/\/hockeydieppememramcook.ca\/wp-content\/uploads\/sites\/527\/2022\/07\/system_calendar.jpg","type":"image\/jpeg"}],"twitter_card":"summary_large_image","twitter_misc":{"Est. reading time":"1 minute"},"schema":{"@context":"https:\/\/schema.org","@graph":[{"@type":"WebPage","@id":"https:\/\/hockeydieppememramcook.ca\/m11\/","url":"https:\/\/hockeydieppememramcook.ca\/m11\/","name":"M11 - Hockey Dieppe Memramcook","isPartOf":{"@id":"https:\/\/hockeydieppememramcook.ca\/#website"},"primaryImageOfPage":{"@id":"https:\/\/hockeydieppememramcook.ca\/m11\/#primaryimage"},"image":{"@id":"https:\/\/hockeydieppememramcook.ca\/m11\/#primaryimage"},"thumbnailUrl":"http:\/\/hockeydieppememramcook.ca\/wp-content\/uploads\/sites\/527\/2022\/07\/system_calendar.jpg","datePublished":"2022-07-15T13:02:29+00:00","dateModified":"2025-09-26T21:41:36+00:00","breadcrumb":{"@id":"https:\/\/hockeydieppememramcook.ca\/m11\/#breadcrumb"},"inLanguage":"en-US","potentialAction":[{"@type":"ReadAction","target":["https:\/\/hockeydieppememramcook.ca\/m11\/"]}]},{"@type":"ImageObject","inLanguage":"en-US","@id":"https:\/\/hockeydieppememramcook.ca\/m11\/#primaryimage","url":"http:\/\/hockeydieppememramcook.ca\/wp-content\/uploads\/sites\/527\/2022\/07\/system_calendar.jpg","contentUrl":"http:\/\/hockeydieppememramcook.ca\/wp-content\/uploads\/sites\/527\/2022\/07\/system_calendar.jpg"},{"@type":"BreadcrumbList","@id":"https:\/\/hockeydieppememramcook.ca\/m11\/#breadcrumb","itemListElement":[{"@type":"ListItem","position":1,"name":"Accueil","item":"https:\/\/hockeydieppememramcook.ca\/en\/"},{"@type":"ListItem","position":2,"name":"M11"}]},{"@type":"WebSite","@id":"https:\/\/hockeydieppememramcook.ca\/#website","url":"https:\/\/hockeydieppememramcook.ca\/","name":"Hockey Dieppe Memramcook","description":"Un site utilisant Les sites de Shark M\u00e9dia & Sport, template Slapshot","potentialAction":[{"@type":"SearchAction","target":{"@type":"EntryPoint","urlTemplate":"https:\/\/hockeydieppememramcook.ca\/?s={search_term_string}"},"query-input":{"@type":"PropertyValueSpecification","valueRequired":true,"valueName":"search_term_string"}}],"inLanguage":"en-US"}]}},"_links":{"self":[{"href":"https:\/\/hockeydieppememramcook.ca\/en\/wp-json\/wp\/v2\/pages\/3651","targetHints":{"allow":["GET"]}}],"collection":[{"href":"https:\/\/hockeydieppememramcook.ca\/en\/wp-json\/wp\/v2\/pages"}],"about":[{"href":"https:\/\/hockeydieppememramcook.ca\/en\/wp-json\/wp\/v2\/types\/page"}],"author":[{"embeddable":true,"href":"https:\/\/hockeydieppememramcook.ca\/en\/wp-json\/wp\/v2\/users\/473"}],"replies":[{"embeddable":true,"href":"https:\/\/hockeydieppememramcook.ca\/en\/wp-json\/wp\/v2\/comments?post=3651"}],"version-history":[{"count":7,"href":"https:\/\/hockeydieppememramcook.ca\/en\/wp-json\/wp\/v2\/pages\/3651\/revisions"}],"predecessor-version":[{"id":7880,"href":"https:\/\/hockeydieppememramcook.ca\/en\/wp-json\/wp\/v2\/pages\/3651\/revisions\/7880"}],"wp:attachment":[{"href":"https:\/\/hockeydieppememramcook.ca\/en\/wp-json\/wp\/v2\/media?parent=3651"}],"curies":[{"name":"wp","href":"https:\/\/api.w.org\/{rel}","templated":true}]}}