{"id":3631,"date":"2022-07-15T08:53:33","date_gmt":"2022-07-15T12:53:33","guid":{"rendered":"https:\/\/hockeydieppememramcook.sharkmediasport.com\/?page_id=3631"},"modified":"2025-09-19T08:36:04","modified_gmt":"2025-09-19T12:36:04","slug":"m7","status":"publish","type":"page","link":"https:\/\/hockeydieppememramcook.ca\/en\/m7\/","title":{"rendered":"M7"},"content":{"rendered":"<p><strong>SAISON 2025-2026<\/strong><\/p>\n<p><img decoding=\"async\" src=\"http:\/\/gsh-blanc.com\/data\/hdieppe\/images\/system_calendar.jpg\" \/><img loading=\"lazy\" decoding=\"async\" class=\"alignnone size-medium wp-image-3633\" src=\"http:\/\/hockeydieppememramcook.ca\/wp-content\/uploads\/sites\/527\/2022\/07\/Timbits_Hockey_4C_E-300x228.jpg\" alt=\"\" width=\"300\" height=\"228\" srcset=\"https:\/\/hockeydieppememramcook.ca\/wp-content\/uploads\/sites\/527\/2022\/07\/Timbits_Hockey_4C_E-300x228.jpg 300w, https:\/\/hockeydieppememramcook.ca\/wp-content\/uploads\/sites\/527\/2022\/07\/Timbits_Hockey_4C_E.jpg 610w\" sizes=\"(max-width: 300px) 100vw, 300px\" \/><\/p>\n<p><strong><a href=\"http:\/\/hockeydieppememramcook.ca\/wp-content\/uploads\/sites\/527\/2025\/09\/Liste-de-Joueurs-2025-Evaluations-U71.pdf\" target=\"\">Liste De Joueurs 2025 (\u00c9valuations U7(1))<\/a><\/strong><\/p>\n<p><strong><a href=\"http:\/\/hockeydieppememramcook.ca\/wp-content\/uploads\/sites\/527\/2025\/09\/Liste-de-Joueurs-2025-Evaluations-U72.pdf\" target=\"\">Liste De Joueurs 2025 (\u00c9valuations U7(2)<\/a><\/strong><\/p>\n<p><strong>M7 &#8211; Les \u00e9valuations se feront le 27 et 28 Septembre (c\u00e9dule \u00e0 venir lorsque nous serons plus pr\u00e8s du d\u00e9but de la saison) et les pratiques vont commencer la semaine du 14 Octobre.\u00a0 Lorsque les \u00e9quipes seront fait, vous recevrez une invitation de Teamsnap pour vous joindre \u00e0 votre \u00e9quipe.<\/strong><\/p>\n<p>&nbsp;<\/p>\n<p><strong>Coordinatrice division M7 : <a href=\"mailto:lauracleblanc@hotmail.com\">Laura Leblanc<\/a><\/strong><\/p>\n<p><strong><br \/>\nQUI S\u2019INSCRIT AU PROGRAMME M7 ET POURQUOI ?<\/strong><strong><br \/>\nLE PROGRAMME M7<\/strong><\/p>\n<p>Le Programme M7 de Hockey Canada est con\u00e7u pour les joueurs\/ses \u00e2g\u00e9s-es de 4, 5 et 6 ans, soit de moins de 7 ans au 31 d\u00e9cembre de la saison en cours, mais il peut servir pour tout joueur-se qui en est \u00e0 ses d\u00e9buts au hockey. Les objectifs du programme sont de s&#8217;amuser, d&#8217;apprendre des habilet\u00e9s et de d\u00e9velopper la confiance en soi.<\/p>\n<p><strong>MOINS DE SEPT (7) ANS AU 31 D\u00c9CEMBRE DE LA SAISON EN COURS<\/strong><\/p>\n<p>L\u2019\u00e2ge et le niveau d\u2019habilet\u00e9 des joueurs servent \u00e0 pr\u00e9parer le plan saisonnier. Les programmes de d\u00e9veloppement des habilet\u00e9s de Hockey Canada sont fond\u00e9s sur des \u00e9tapes progressives et respectent les temps appropri\u00e9s \u00e0 allouer aux diff\u00e9rentes habilet\u00e9s selon la Pyramide du d\u00e9veloppement des habilet\u00e9s.<\/p>\n<p><strong>Les buts pour les joueurs de la cat\u00e9gorie d\u2019\u00e2ge M7 sont :<\/strong><\/p>\n<p>Plaisir<br \/>\nIntroduction aux habilet\u00e9s de base<br \/>\nR\u00e9vision des habilet\u00e9s de base<br \/>\nPerfectionnement des habilet\u00e9s de base<\/p>\n<p><strong>Le programme M7 recommande que le temps des s\u00e9ances d\u2019entra\u00eenement soit r\u00e9parti comme suit :<\/strong><\/p>\n<p>85 % Habilet\u00e9s techniques<br \/>\n15 % Tactiques individuelles<br \/>\n0 % Tactiques collectives<br \/>\n0 % Jeu collectif<br \/>\n0 % Strat\u00e9gie<\/p>\n<p><strong>Conclusion<\/strong><\/p>\n<p>Le premier contact d\u2019un joueur avec le hockey est crucial. Si le d\u00e9butant s\u2019amuse, d\u00e9veloppe des habilet\u00e9s de base et sa confiance en lui, les chances sont bonnes pour que ce joueur prenne plaisir au hockey pendant plusieurs ann\u00e9es. Mais, si l\u2019exp\u00e9rience du d\u00e9butant est malheureuse et non satisfaisante, les chances sont qu\u2019il ou elle abandonnera en bas \u00e2ge et ne d\u00e9couvrira jamais le vrai plaisir de pratiquer le plus grand sport du Canada.<\/p>\n<p><strong>Liens recommand\u00e9s:<\/strong><\/p>\n<p>Exigences de Hockey Nouveau-Brunswick<\/p>\n<p>Tableau des habilet\u00e9s essentielles du programme M7<\/p>\n<p>Conseils pour l&#8217;\u00e9quipement<\/p>\n<p><em><strong>Pour plus d&#8217;informations communiquer avec le coordinateur du programme M7.<\/strong><\/em><\/p>\n","protected":false},"excerpt":{"rendered":"<p>SAISON 2025-2026 Liste De Joueurs 2025 (\u00c9valuations U7(1)) Liste De Joueurs 2025 (\u00c9valuations U7(2) M7 &#8211; Les \u00e9valuations se feront le 27 et 28 Septembre (c\u00e9dule \u00e0 venir lorsque nous serons plus pr\u00e8s du d\u00e9but de la saison) et les pratiques vont commencer la semaine du 14 Octobre.\u00a0 Lorsque les \u00e9quipes seront fait, vous recevrez [&hellip;]<\/p>\n","protected":false},"author":473,"featured_media":0,"parent":0,"menu_order":0,"comment_status":"closed","ping_status":"closed","template":"","meta":{"_acf_changed":false,"footnotes":""},"class_list":["post-3631","page","type-page","status-publish","hentry"],"acf":[],"yoast_head":"<!-- This site is optimized with the Yoast SEO plugin v25.7 - https:\/\/yoast.com\/wordpress\/plugins\/seo\/ -->\n<title>M7 - Hockey Dieppe Memramcook<\/title>\n<meta name=\"robots\" content=\"index, follow, max-snippet:-1, max-image-preview:large, max-video-preview:-1\" \/>\n<link rel=\"canonical\" href=\"https:\/\/hockeydieppememramcook.ca\/m7\/\" \/>\n<meta property=\"og:locale\" content=\"en_US\" \/>\n<meta property=\"og:type\" content=\"article\" \/>\n<meta property=\"og:title\" content=\"M7 - Hockey Dieppe Memramcook\" \/>\n<meta property=\"og:description\" content=\"SAISON 2025-2026 Liste De Joueurs 2025 (\u00c9valuations U7(1)) Liste De Joueurs 2025 (\u00c9valuations U7(2) M7 &#8211; Les \u00e9valuations se feront le 27 et 28 Septembre (c\u00e9dule \u00e0 venir lorsque nous serons plus pr\u00e8s du d\u00e9but de la saison) et les pratiques vont commencer la semaine du 14 Octobre.\u00a0 Lorsque les \u00e9quipes seront fait, vous recevrez [&hellip;]\" \/>\n<meta property=\"og:url\" content=\"https:\/\/hockeydieppememramcook.ca\/m7\/\" \/>\n<meta property=\"og:site_name\" content=\"Hockey Dieppe Memramcook\" \/>\n<meta property=\"article:modified_time\" content=\"2025-09-19T12:36:04+00:00\" \/>\n<meta property=\"og:image\" content=\"http:\/\/gsh-blanc.com\/data\/hdieppe\/images\/system_calendar.jpg\" \/>\n<meta name=\"twitter:card\" content=\"summary_large_image\" \/>\n<meta name=\"twitter:label1\" content=\"Est. reading time\" \/>\n\t<meta name=\"twitter:data1\" content=\"3 minutes\" \/>\n<script type=\"application\/ld+json\" class=\"yoast-schema-graph\">{\"@context\":\"https:\/\/schema.org\",\"@graph\":[{\"@type\":\"WebPage\",\"@id\":\"https:\/\/hockeydieppememramcook.ca\/m7\/\",\"url\":\"https:\/\/hockeydieppememramcook.ca\/m7\/\",\"name\":\"M7 - Hockey Dieppe Memramcook\",\"isPartOf\":{\"@id\":\"https:\/\/hockeydieppememramcook.ca\/#website\"},\"primaryImageOfPage\":{\"@id\":\"https:\/\/hockeydieppememramcook.ca\/m7\/#primaryimage\"},\"image\":{\"@id\":\"https:\/\/hockeydieppememramcook.ca\/m7\/#primaryimage\"},\"thumbnailUrl\":\"http:\/\/gsh-blanc.com\/data\/hdieppe\/images\/system_calendar.jpg\",\"datePublished\":\"2022-07-15T12:53:33+00:00\",\"dateModified\":\"2025-09-19T12:36:04+00:00\",\"breadcrumb\":{\"@id\":\"https:\/\/hockeydieppememramcook.ca\/m7\/#breadcrumb\"},\"inLanguage\":\"en-US\",\"potentialAction\":[{\"@type\":\"ReadAction\",\"target\":[\"https:\/\/hockeydieppememramcook.ca\/m7\/\"]}]},{\"@type\":\"ImageObject\",\"inLanguage\":\"en-US\",\"@id\":\"https:\/\/hockeydieppememramcook.ca\/m7\/#primaryimage\",\"url\":\"http:\/\/gsh-blanc.com\/data\/hdieppe\/images\/system_calendar.jpg\",\"contentUrl\":\"http:\/\/gsh-blanc.com\/data\/hdieppe\/images\/system_calendar.jpg\"},{\"@type\":\"BreadcrumbList\",\"@id\":\"https:\/\/hockeydieppememramcook.ca\/m7\/#breadcrumb\",\"itemListElement\":[{\"@type\":\"ListItem\",\"position\":1,\"name\":\"Accueil\",\"item\":\"https:\/\/hockeydieppememramcook.ca\/en\/\"},{\"@type\":\"ListItem\",\"position\":2,\"name\":\"M7\"}]},{\"@type\":\"WebSite\",\"@id\":\"https:\/\/hockeydieppememramcook.ca\/#website\",\"url\":\"https:\/\/hockeydieppememramcook.ca\/\",\"name\":\"Hockey Dieppe Memramcook\",\"description\":\"Un site utilisant Les sites de Shark M\u00e9dia & Sport, template Slapshot\",\"potentialAction\":[{\"@type\":\"SearchAction\",\"target\":{\"@type\":\"EntryPoint\",\"urlTemplate\":\"https:\/\/hockeydieppememramcook.ca\/?s={search_term_string}\"},\"query-input\":{\"@type\":\"PropertyValueSpecification\",\"valueRequired\":true,\"valueName\":\"search_term_string\"}}],\"inLanguage\":\"en-US\"}]}<\/script>\n<!-- \/ Yoast SEO plugin. -->","yoast_head_json":{"title":"M7 - Hockey Dieppe Memramcook","robots":{"index":"index","follow":"follow","max-snippet":"max-snippet:-1","max-image-preview":"max-image-preview:large","max-video-preview":"max-video-preview:-1"},"canonical":"https:\/\/hockeydieppememramcook.ca\/m7\/","og_locale":"en_US","og_type":"article","og_title":"M7 - Hockey Dieppe Memramcook","og_description":"SAISON 2025-2026 Liste De Joueurs 2025 (\u00c9valuations U7(1)) Liste De Joueurs 2025 (\u00c9valuations U7(2) M7 &#8211; Les \u00e9valuations se feront le 27 et 28 Septembre (c\u00e9dule \u00e0 venir lorsque nous serons plus pr\u00e8s du d\u00e9but de la saison) et les pratiques vont commencer la semaine du 14 Octobre.\u00a0 Lorsque les \u00e9quipes seront fait, vous recevrez [&hellip;]","og_url":"https:\/\/hockeydieppememramcook.ca\/m7\/","og_site_name":"Hockey Dieppe Memramcook","article_modified_time":"2025-09-19T12:36:04+00:00","og_image":[{"url":"http:\/\/gsh-blanc.com\/data\/hdieppe\/images\/system_calendar.jpg","type":"","width":"","height":""}],"twitter_card":"summary_large_image","twitter_misc":{"Est. reading time":"3 minutes"},"schema":{"@context":"https:\/\/schema.org","@graph":[{"@type":"WebPage","@id":"https:\/\/hockeydieppememramcook.ca\/m7\/","url":"https:\/\/hockeydieppememramcook.ca\/m7\/","name":"M7 - Hockey Dieppe Memramcook","isPartOf":{"@id":"https:\/\/hockeydieppememramcook.ca\/#website"},"primaryImageOfPage":{"@id":"https:\/\/hockeydieppememramcook.ca\/m7\/#primaryimage"},"image":{"@id":"https:\/\/hockeydieppememramcook.ca\/m7\/#primaryimage"},"thumbnailUrl":"http:\/\/gsh-blanc.com\/data\/hdieppe\/images\/system_calendar.jpg","datePublished":"2022-07-15T12:53:33+00:00","dateModified":"2025-09-19T12:36:04+00:00","breadcrumb":{"@id":"https:\/\/hockeydieppememramcook.ca\/m7\/#breadcrumb"},"inLanguage":"en-US","potentialAction":[{"@type":"ReadAction","target":["https:\/\/hockeydieppememramcook.ca\/m7\/"]}]},{"@type":"ImageObject","inLanguage":"en-US","@id":"https:\/\/hockeydieppememramcook.ca\/m7\/#primaryimage","url":"http:\/\/gsh-blanc.com\/data\/hdieppe\/images\/system_calendar.jpg","contentUrl":"http:\/\/gsh-blanc.com\/data\/hdieppe\/images\/system_calendar.jpg"},{"@type":"BreadcrumbList","@id":"https:\/\/hockeydieppememramcook.ca\/m7\/#breadcrumb","itemListElement":[{"@type":"ListItem","position":1,"name":"Accueil","item":"https:\/\/hockeydieppememramcook.ca\/en\/"},{"@type":"ListItem","position":2,"name":"M7"}]},{"@type":"WebSite","@id":"https:\/\/hockeydieppememramcook.ca\/#website","url":"https:\/\/hockeydieppememramcook.ca\/","name":"Hockey Dieppe Memramcook","description":"Un site utilisant Les sites de Shark M\u00e9dia & Sport, template Slapshot","potentialAction":[{"@type":"SearchAction","target":{"@type":"EntryPoint","urlTemplate":"https:\/\/hockeydieppememramcook.ca\/?s={search_term_string}"},"query-input":{"@type":"PropertyValueSpecification","valueRequired":true,"valueName":"search_term_string"}}],"inLanguage":"en-US"}]}},"_links":{"self":[{"href":"https:\/\/hockeydieppememramcook.ca\/en\/wp-json\/wp\/v2\/pages\/3631","targetHints":{"allow":["GET"]}}],"collection":[{"href":"https:\/\/hockeydieppememramcook.ca\/en\/wp-json\/wp\/v2\/pages"}],"about":[{"href":"https:\/\/hockeydieppememramcook.ca\/en\/wp-json\/wp\/v2\/types\/page"}],"author":[{"embeddable":true,"href":"https:\/\/hockeydieppememramcook.ca\/en\/wp-json\/wp\/v2\/users\/473"}],"replies":[{"embeddable":true,"href":"https:\/\/hockeydieppememramcook.ca\/en\/wp-json\/wp\/v2\/comments?post=3631"}],"version-history":[{"count":7,"href":"https:\/\/hockeydieppememramcook.ca\/en\/wp-json\/wp\/v2\/pages\/3631\/revisions"}],"predecessor-version":[{"id":7600,"href":"https:\/\/hockeydieppememramcook.ca\/en\/wp-json\/wp\/v2\/pages\/3631\/revisions\/7600"}],"wp:attachment":[{"href":"https:\/\/hockeydieppememramcook.ca\/en\/wp-json\/wp\/v2\/media?parent=3631"}],"curies":[{"name":"wp","href":"https:\/\/api.w.org\/{rel}","templated":true}]}}