{"id":3611,"date":"2022-07-15T08:46:44","date_gmt":"2022-07-15T12:46:44","guid":{"rendered":"https:\/\/hockeydieppememramcook.sharkmediasport.com\/?page_id=3611"},"modified":"2025-09-19T09:47:46","modified_gmt":"2025-09-19T13:47:46","slug":"hockey-feminin","status":"publish","type":"page","link":"https:\/\/hockeydieppememramcook.ca\/en\/hockey-feminin\/","title":{"rendered":"Hockey F\u00e9minin"},"content":{"rendered":"<div>\n<div dir=\"ltr\">\n<div class=\"gmail_quote\">\n<div dir=\"auto\">\n<div dir=\"ltr\">\n<div dir=\"ltr\">\n<div><strong>Saison 2025 &#8211; 2026<\/strong><\/div>\n<\/div>\n<\/div>\n<\/div>\n<\/div>\n<\/div>\n<\/div>\n<p>&nbsp;<\/p>\n<p><strong><img loading=\"lazy\" decoding=\"async\" src=\"http:\/\/gsh-blanc.com\/data\/hdieppe\/images\/system_calendar.jpg\" alt=\"\" width=\"200\" height=\"200\" \/><img loading=\"lazy\" decoding=\"async\" class=\"alignnone size-medium wp-image-3625\" src=\"http:\/\/hockeydieppememramcook.ca\/wp-content\/uploads\/sites\/527\/2022\/07\/Pantheres-Logo-Ben-1-1-300x240.png\" alt=\"\" width=\"300\" height=\"240\" srcset=\"https:\/\/hockeydieppememramcook.ca\/wp-content\/uploads\/sites\/527\/2022\/07\/Pantheres-Logo-Ben-1-1-300x240.png 300w, https:\/\/hockeydieppememramcook.ca\/wp-content\/uploads\/sites\/527\/2022\/07\/Pantheres-Logo-Ben-1-1-768x614.png 768w, https:\/\/hockeydieppememramcook.ca\/wp-content\/uploads\/sites\/527\/2022\/07\/Pantheres-Logo-Ben-1-1.png 1500w\" sizes=\"(max-width: 300px) 100vw, 300px\" \/><\/strong><\/p>\n<div><a href=\"http:\/\/hockeydieppememramcook.ca\/wp-content\/uploads\/sites\/527\/2024\/09\/Liste-de-Joueurs-2025-Evaluations-U7-Feminin.pdf\" target=\"\"><strong>Liste de Joueurs 2025 (\u00c9valuations M7 F\u00e9minin)<\/strong><\/a><\/div>\n<div><strong><a href=\"http:\/\/hockeydieppememramcook.ca\/wp-content\/uploads\/sites\/527\/2024\/09\/Liste-de-Joueuses-2025-Evaluations-U9-Feminin.pdf\" target=\"\">Liste de Joueuses 2025 (\u00c9valuations M9 F\u00e9minin)<\/a><\/strong><\/div>\n<div><strong><a href=\"http:\/\/hockeydieppememramcook.ca\/wp-content\/uploads\/sites\/527\/2024\/09\/Liste-de-Joueurs-2025-Evaluations-U11-Feminin.pdf\" target=\"\">Liste de Joueurs 2025 (\u00c9valuations M11 F\u00e9minin)<\/a><\/strong><\/div>\n<div><strong><a href=\"http:\/\/hockeydieppememramcook.ca\/wp-content\/uploads\/sites\/527\/2024\/09\/Liste-de-Joueurs-2025-Evaluations-U13-Feminin.pdf\" target=\"\">Liste de Joueurs 2025 (\u00c9valuations M13 F\u00e9minin)<\/a><\/strong><\/div>\n<div><strong><a href=\"http:\/\/hockeydieppememramcook.ca\/wp-content\/uploads\/sites\/527\/2024\/09\/Liste-de-Joueurs-2025-Evaluations-U15-Feminin.pdf\" target=\"\">Liste de Joueurs 2025 (\u00c9valuations M15 F\u00e9minin)<\/a><\/strong><\/div>\n<div><strong>M18 &#8211; TBD<\/strong><\/div>\n<div>\n<p>Nous sommes \u00e0 la recherche de fille \u00e2g\u00e9es de 4 \u00e0 17 ans pour jouer au hockey avec les Panth\u00e8res de Dieppe Memramcook.<\/p>\n<p>Venez essayer et vous amuser!<\/p>\n<p>Hockey Dieppe Memramcook a comme mission de \u00ab Diriger, d\u00e9velopper et promouvoir des exp\u00e9riences enrichissantes au hockey. Ceci dit, l\u2019importance que chaque joueuse a le m\u00eame temps de glace, n\u2019importe leur calibre est une priorit\u00e9 pour notre association \u00bb.<\/p>\n<p>Au-del\u00e0 de 195 filles se sont inscrites pour la saison 2024-25.\u00a0 F\u00e9licitations aux filles et toutes les personnes impliqu\u00e9es!<\/p>\n<p>SEFHA est divis\u00e9 en 3 zones:<\/p>\n<p>Zone A &#8211;\u00a0Moncton, Riverview, Hillsborough, Salisbury, Petitcodiac qui est administr\u00e9 par SEFHA.<\/p>\n<p>Zone B &#8211; Dieppe, Memramcook, Lewisville, Sackville qui est adminstr\u00e9 par Hockey Dieppe \/ Memramcook.<\/p>\n<p>Zone C &#8211; Sackville<\/p>\n<p>L&#8217;\u00e9quipe Fury est une combinaison des deux zones pour cr\u00e9er une \u00e9quipe comp\u00e9titive r\u00e9gionale.<\/p>\n<p>Bonne Saison et encore une fois F\u00e9licitations!<\/p>\n<p>Si vous avez des questions ou d\u00e9sirez plus d&#8217;information, n&#8217;h\u00e9sitez pas de communiquer avec la Coordinatrice de Hockey F\u00e9minin<\/p>\n<p><strong>Coordinatrice Hockey F\u00e9minin<\/strong><strong>\u00a0: Danika Leblanc &#8211;\u00a0<a href=\"mailto:danikaleblanc@hotmail.com\">courriel\u00a0<\/a>&#8211; 506.856.0148\u00a0\u00a0<\/strong><\/p>\n<p><strong><em>Plus de d\u00e9tails \u00e0 venir des entraineurs et g\u00e9rant(e)s de chaque \u00e9quipe.<\/em><\/strong><\/p>\n<\/div>\n","protected":false},"excerpt":{"rendered":"<p>Saison 2025 &#8211; 2026 &nbsp; Liste de Joueurs 2025 (\u00c9valuations M7 F\u00e9minin) Liste de Joueuses 2025 (\u00c9valuations M9 F\u00e9minin) Liste de Joueurs 2025 (\u00c9valuations M11 F\u00e9minin) Liste de Joueurs 2025 (\u00c9valuations M13 F\u00e9minin) Liste de Joueurs 2025 (\u00c9valuations M15 F\u00e9minin) M18 &#8211; TBD Nous sommes \u00e0 la recherche de fille \u00e2g\u00e9es de 4 \u00e0 17 [&hellip;]<\/p>\n","protected":false},"author":473,"featured_media":0,"parent":0,"menu_order":0,"comment_status":"closed","ping_status":"closed","template":"","meta":{"_acf_changed":false,"footnotes":""},"class_list":["post-3611","page","type-page","status-publish","hentry"],"acf":[],"yoast_head":"<!-- This site is optimized with the Yoast SEO plugin v25.7 - https:\/\/yoast.com\/wordpress\/plugins\/seo\/ -->\n<title>Hockey F\u00e9minin - Hockey Dieppe Memramcook<\/title>\n<meta name=\"robots\" content=\"index, follow, max-snippet:-1, max-image-preview:large, max-video-preview:-1\" \/>\n<link rel=\"canonical\" href=\"https:\/\/hockeydieppememramcook.ca\/hockey-feminin\/\" \/>\n<meta property=\"og:locale\" content=\"en_US\" \/>\n<meta property=\"og:type\" content=\"article\" \/>\n<meta property=\"og:title\" content=\"Hockey F\u00e9minin - Hockey Dieppe Memramcook\" \/>\n<meta property=\"og:description\" content=\"Saison 2025 &#8211; 2026 &nbsp; Liste de Joueurs 2025 (\u00c9valuations M7 F\u00e9minin) Liste de Joueuses 2025 (\u00c9valuations M9 F\u00e9minin) Liste de Joueurs 2025 (\u00c9valuations M11 F\u00e9minin) Liste de Joueurs 2025 (\u00c9valuations M13 F\u00e9minin) Liste de Joueurs 2025 (\u00c9valuations M15 F\u00e9minin) M18 &#8211; TBD Nous sommes \u00e0 la recherche de fille \u00e2g\u00e9es de 4 \u00e0 17 [&hellip;]\" \/>\n<meta property=\"og:url\" content=\"https:\/\/hockeydieppememramcook.ca\/hockey-feminin\/\" \/>\n<meta property=\"og:site_name\" content=\"Hockey Dieppe Memramcook\" \/>\n<meta property=\"article:modified_time\" content=\"2025-09-19T13:47:46+00:00\" \/>\n<meta property=\"og:image\" content=\"http:\/\/gsh-blanc.com\/data\/hdieppe\/images\/system_calendar.jpg\" \/>\n<meta name=\"twitter:card\" content=\"summary_large_image\" \/>\n<meta name=\"twitter:label1\" content=\"Est. reading time\" \/>\n\t<meta name=\"twitter:data1\" content=\"2 minutes\" \/>\n<script type=\"application\/ld+json\" class=\"yoast-schema-graph\">{\"@context\":\"https:\/\/schema.org\",\"@graph\":[{\"@type\":\"WebPage\",\"@id\":\"https:\/\/hockeydieppememramcook.ca\/hockey-feminin\/\",\"url\":\"https:\/\/hockeydieppememramcook.ca\/hockey-feminin\/\",\"name\":\"Hockey F\u00e9minin - Hockey Dieppe Memramcook\",\"isPartOf\":{\"@id\":\"https:\/\/hockeydieppememramcook.ca\/#website\"},\"primaryImageOfPage\":{\"@id\":\"https:\/\/hockeydieppememramcook.ca\/hockey-feminin\/#primaryimage\"},\"image\":{\"@id\":\"https:\/\/hockeydieppememramcook.ca\/hockey-feminin\/#primaryimage\"},\"thumbnailUrl\":\"http:\/\/gsh-blanc.com\/data\/hdieppe\/images\/system_calendar.jpg\",\"datePublished\":\"2022-07-15T12:46:44+00:00\",\"dateModified\":\"2025-09-19T13:47:46+00:00\",\"breadcrumb\":{\"@id\":\"https:\/\/hockeydieppememramcook.ca\/hockey-feminin\/#breadcrumb\"},\"inLanguage\":\"en-US\",\"potentialAction\":[{\"@type\":\"ReadAction\",\"target\":[\"https:\/\/hockeydieppememramcook.ca\/hockey-feminin\/\"]}]},{\"@type\":\"ImageObject\",\"inLanguage\":\"en-US\",\"@id\":\"https:\/\/hockeydieppememramcook.ca\/hockey-feminin\/#primaryimage\",\"url\":\"http:\/\/gsh-blanc.com\/data\/hdieppe\/images\/system_calendar.jpg\",\"contentUrl\":\"http:\/\/gsh-blanc.com\/data\/hdieppe\/images\/system_calendar.jpg\"},{\"@type\":\"BreadcrumbList\",\"@id\":\"https:\/\/hockeydieppememramcook.ca\/hockey-feminin\/#breadcrumb\",\"itemListElement\":[{\"@type\":\"ListItem\",\"position\":1,\"name\":\"Accueil\",\"item\":\"https:\/\/hockeydieppememramcook.ca\/en\/\"},{\"@type\":\"ListItem\",\"position\":2,\"name\":\"Hockey F\u00e9minin\"}]},{\"@type\":\"WebSite\",\"@id\":\"https:\/\/hockeydieppememramcook.ca\/#website\",\"url\":\"https:\/\/hockeydieppememramcook.ca\/\",\"name\":\"Hockey Dieppe Memramcook\",\"description\":\"Un site utilisant Les sites de Shark M\u00e9dia & Sport, template Slapshot\",\"potentialAction\":[{\"@type\":\"SearchAction\",\"target\":{\"@type\":\"EntryPoint\",\"urlTemplate\":\"https:\/\/hockeydieppememramcook.ca\/?s={search_term_string}\"},\"query-input\":{\"@type\":\"PropertyValueSpecification\",\"valueRequired\":true,\"valueName\":\"search_term_string\"}}],\"inLanguage\":\"en-US\"}]}<\/script>\n<!-- \/ Yoast SEO plugin. -->","yoast_head_json":{"title":"Hockey F\u00e9minin - Hockey Dieppe Memramcook","robots":{"index":"index","follow":"follow","max-snippet":"max-snippet:-1","max-image-preview":"max-image-preview:large","max-video-preview":"max-video-preview:-1"},"canonical":"https:\/\/hockeydieppememramcook.ca\/hockey-feminin\/","og_locale":"en_US","og_type":"article","og_title":"Hockey F\u00e9minin - Hockey Dieppe Memramcook","og_description":"Saison 2025 &#8211; 2026 &nbsp; Liste de Joueurs 2025 (\u00c9valuations M7 F\u00e9minin) Liste de Joueuses 2025 (\u00c9valuations M9 F\u00e9minin) Liste de Joueurs 2025 (\u00c9valuations M11 F\u00e9minin) Liste de Joueurs 2025 (\u00c9valuations M13 F\u00e9minin) Liste de Joueurs 2025 (\u00c9valuations M15 F\u00e9minin) M18 &#8211; TBD Nous sommes \u00e0 la recherche de fille \u00e2g\u00e9es de 4 \u00e0 17 [&hellip;]","og_url":"https:\/\/hockeydieppememramcook.ca\/hockey-feminin\/","og_site_name":"Hockey Dieppe Memramcook","article_modified_time":"2025-09-19T13:47:46+00:00","og_image":[{"url":"http:\/\/gsh-blanc.com\/data\/hdieppe\/images\/system_calendar.jpg","type":"","width":"","height":""}],"twitter_card":"summary_large_image","twitter_misc":{"Est. reading time":"2 minutes"},"schema":{"@context":"https:\/\/schema.org","@graph":[{"@type":"WebPage","@id":"https:\/\/hockeydieppememramcook.ca\/hockey-feminin\/","url":"https:\/\/hockeydieppememramcook.ca\/hockey-feminin\/","name":"Hockey F\u00e9minin - Hockey Dieppe Memramcook","isPartOf":{"@id":"https:\/\/hockeydieppememramcook.ca\/#website"},"primaryImageOfPage":{"@id":"https:\/\/hockeydieppememramcook.ca\/hockey-feminin\/#primaryimage"},"image":{"@id":"https:\/\/hockeydieppememramcook.ca\/hockey-feminin\/#primaryimage"},"thumbnailUrl":"http:\/\/gsh-blanc.com\/data\/hdieppe\/images\/system_calendar.jpg","datePublished":"2022-07-15T12:46:44+00:00","dateModified":"2025-09-19T13:47:46+00:00","breadcrumb":{"@id":"https:\/\/hockeydieppememramcook.ca\/hockey-feminin\/#breadcrumb"},"inLanguage":"en-US","potentialAction":[{"@type":"ReadAction","target":["https:\/\/hockeydieppememramcook.ca\/hockey-feminin\/"]}]},{"@type":"ImageObject","inLanguage":"en-US","@id":"https:\/\/hockeydieppememramcook.ca\/hockey-feminin\/#primaryimage","url":"http:\/\/gsh-blanc.com\/data\/hdieppe\/images\/system_calendar.jpg","contentUrl":"http:\/\/gsh-blanc.com\/data\/hdieppe\/images\/system_calendar.jpg"},{"@type":"BreadcrumbList","@id":"https:\/\/hockeydieppememramcook.ca\/hockey-feminin\/#breadcrumb","itemListElement":[{"@type":"ListItem","position":1,"name":"Accueil","item":"https:\/\/hockeydieppememramcook.ca\/en\/"},{"@type":"ListItem","position":2,"name":"Hockey F\u00e9minin"}]},{"@type":"WebSite","@id":"https:\/\/hockeydieppememramcook.ca\/#website","url":"https:\/\/hockeydieppememramcook.ca\/","name":"Hockey Dieppe Memramcook","description":"Un site utilisant Les sites de Shark M\u00e9dia & Sport, template Slapshot","potentialAction":[{"@type":"SearchAction","target":{"@type":"EntryPoint","urlTemplate":"https:\/\/hockeydieppememramcook.ca\/?s={search_term_string}"},"query-input":{"@type":"PropertyValueSpecification","valueRequired":true,"valueName":"search_term_string"}}],"inLanguage":"en-US"}]}},"_links":{"self":[{"href":"https:\/\/hockeydieppememramcook.ca\/en\/wp-json\/wp\/v2\/pages\/3611","targetHints":{"allow":["GET"]}}],"collection":[{"href":"https:\/\/hockeydieppememramcook.ca\/en\/wp-json\/wp\/v2\/pages"}],"about":[{"href":"https:\/\/hockeydieppememramcook.ca\/en\/wp-json\/wp\/v2\/types\/page"}],"author":[{"embeddable":true,"href":"https:\/\/hockeydieppememramcook.ca\/en\/wp-json\/wp\/v2\/users\/473"}],"replies":[{"embeddable":true,"href":"https:\/\/hockeydieppememramcook.ca\/en\/wp-json\/wp\/v2\/comments?post=3611"}],"version-history":[{"count":10,"href":"https:\/\/hockeydieppememramcook.ca\/en\/wp-json\/wp\/v2\/pages\/3611\/revisions"}],"predecessor-version":[{"id":7746,"href":"https:\/\/hockeydieppememramcook.ca\/en\/wp-json\/wp\/v2\/pages\/3611\/revisions\/7746"}],"wp:attachment":[{"href":"https:\/\/hockeydieppememramcook.ca\/en\/wp-json\/wp\/v2\/media?parent=3611"}],"curies":[{"name":"wp","href":"https:\/\/api.w.org\/{rel}","templated":true}]}}