{"id":3587,"date":"2022-07-15T08:05:57","date_gmt":"2022-07-15T12:05:57","guid":{"rendered":"https:\/\/hockeydieppememramcook.sharkmediasport.com\/?page_id=3587"},"modified":"2025-06-11T10:33:32","modified_gmt":"2025-06-11T14:33:32","slug":"vetements-dequipe","status":"publish","type":"page","link":"https:\/\/hockeydieppememramcook.ca\/en\/vetements-dequipe\/","title":{"rendered":"V\u00eatements d&#8217;\u00e9quipe"},"content":{"rendered":"<p><img loading=\"lazy\" decoding=\"async\" class=\"alignnone wp-image-3589\" src=\"http:\/\/hockeydieppememramcook.ca\/wp-content\/uploads\/sites\/527\/2022\/07\/OIP-300x295.jpg\" alt=\"\" width=\"305\" height=\"300\" srcset=\"https:\/\/hockeydieppememramcook.ca\/wp-content\/uploads\/sites\/527\/2022\/07\/OIP-300x295.jpg 300w, https:\/\/hockeydieppememramcook.ca\/wp-content\/uploads\/sites\/527\/2022\/07\/OIP.jpg 474w\" sizes=\"(max-width: 305px) 100vw, 305px\" \/> <img loading=\"lazy\" decoding=\"async\" class=\"alignnone size-medium wp-image-3593\" src=\"http:\/\/hockeydieppememramcook.ca\/wp-content\/uploads\/sites\/527\/2022\/07\/OIP-1.jpg\" alt=\"\" width=\"270\" height=\"270\" srcset=\"https:\/\/hockeydieppememramcook.ca\/wp-content\/uploads\/sites\/527\/2022\/07\/OIP-1.jpg 270w, https:\/\/hockeydieppememramcook.ca\/wp-content\/uploads\/sites\/527\/2022\/07\/OIP-1-150x150.jpg 150w\" sizes=\"(max-width: 270px) 100vw, 270px\" \/> <img loading=\"lazy\" decoding=\"async\" class=\"alignnone size-medium wp-image-3597\" src=\"http:\/\/hockeydieppememramcook.ca\/wp-content\/uploads\/sites\/527\/2022\/07\/1-81.jpg\" alt=\"\" width=\"300\" height=\"300\" srcset=\"https:\/\/hockeydieppememramcook.ca\/wp-content\/uploads\/sites\/527\/2022\/07\/1-81.jpg 300w, https:\/\/hockeydieppememramcook.ca\/wp-content\/uploads\/sites\/527\/2022\/07\/1-81-150x150.jpg 150w\" sizes=\"(max-width: 300px) 100vw, 300px\" \/><\/p>\n<p>&nbsp;<\/p>\n<p>&nbsp;<\/p>\n<p>Hockey Dieppe Memramcook est tr\u00e8s heureux d&#8217;annoncer que nous avons \u00e9tabli une relation de fournisseur exclusive avec Maritimes la Source du sport \/ Cleve&#8217;s la Source du sport.<\/p>\n<p>Cette relation fournisseur est une excellente occasion de maximiser le plein pouvoir d&#8217;achat de l&#8217;ensemble de notre organisation HDM au b\u00e9n\u00e9fice des membres individuels, des \u00e9quipes et de l&#8217;organisation.<\/p>\n<p><strong>CARTES VIP \u2013 R\u00e9duction de 10%<\/strong><\/p>\n<p>Tous les joueurs, cadres et membres du personnel d&#8217;entrainement de HDM recevront une carte de hockey VIP par courriel qui leur donne droit \u00e0 une r\u00e9duction de 10% sur les prix r\u00e9guliers et de vente sur tous les produits d\u2019entrainement de hockey et de hockey, y compris les patins, b\u00e2tons, \u00e9quipement, ruban, lacets, accessoires, v\u00eatements de glace et d&#8217;entra\u00eenement hockey, des chaussures d\u2019entrainement et des v\u00eatements de style de vie de hockey.<\/p>\n<p>Cette r\u00e9duction de 10% ne peut pas \u00eatre combin\u00e9e avec d&#8217;autres offres de rabais, c.-\u00e0-d. Ventes d&#8217;\u00e9quipe, coupons, \u00e9v\u00e9nements sans-taxes, promotions BOGO, offre \u00e0 dur\u00e9e limit\u00e9e, etc.<\/p>\n<p><strong>Comment obtenir votre r\u00e9duction de 10% maintenant:<\/strong><br \/>\nLes cartes de hockey VIP seront distribu\u00e9es par courriel \u00e0 chaque joueur une fois que les \u00e9quipes auront \u00e9t\u00e9 cr\u00e9\u00e9es.<\/p>\n<p><em><strong>Entre-temps, vous pouvez vous pr\u00e9senter \u00e0 Maritime la Source du sport, situ\u00e9e au 242 Lewisville Road, Moncton avec votre re\u00e7u d&#8217;inscription de 2025\/2026 et obtenez votre r\u00e9duction de 10% de votre achat MAINTENANT!<br \/>\n<\/strong><\/em><\/p>\n<p>L&#8217;\u00e9tablissement de partenariats avec des entreprises de ce calibre est une d\u00e9cision strat\u00e9gique pour HDM, car nous sommes maintenant en mesure de tirer parti de notre pouvoir d&#8217;achat collectif pour b\u00e9n\u00e9ficier \u00e0 l&#8217;ensemble de l&#8217;organisation, en plus d&#8217;obtenir des prix favorables pour nos membres.<\/p>\n<p>Ce partenariat apportera un regard constant sur les v\u00eatements et les uniformes que nos \u00e9quipes utilisent.\u00a0 Cela signifie \u00e9galement que vous pouvez garder les manteaux de vos joueurs jusqu&#8217;\u00e0 ce qu&#8217;ils d\u00e9passent, plut\u00f4t que d&#8217;avoir \u00e0 acheter un nouveau manteau chaque ann\u00e9e, simplement parce qu\u2019il semble diff\u00e9rent du reste des joueurs sur les \u00e9quipes. Dans le cadre de notre accord, nous pouvons maintenant acc\u00e9der \u00e0 des rabais pour les achats d&#8217;\u00e9quipe, les r\u00e9ductions des membres individuels et une fin de semaine de shopping HDM.<\/p>\n<div dir=\"ltr\">\n<div id=\"m_3678219739790803679divtagdefaultwrapper\" dir=\"ltr\">\n<div id=\"m_3678219739790803679Signature\">\n<div id=\"m_3678219739790803679divtagdefaultwrapper\" dir=\"ltr\">\n<p>&nbsp;<\/p>\n<p><span class=\"il\">La saison 2025\/2026 SVP contacter Keeley pour votre document Google Sheet.<\/span><\/p>\n<p><span class=\"il\">Keeley<\/span>\u00a0Atkinson<\/p>\n<\/div>\n<\/div>\n<\/div>\n<\/div>\n<div dir=\"ltr\">\n<div id=\"m_3678219739790803679divtagdefaultwrapper\" dir=\"ltr\">\n<div id=\"m_3678219739790803679Signature\">\n<div id=\"m_3678219739790803679divtagdefaultwrapper\" dir=\"ltr\">\n<p>Team Sales<\/p>\n<p>maritime.team@sourceforsports.ca<\/p>\n<\/div>\n<\/div>\n<\/div>\n<\/div>\n<div dir=\"ltr\">\n<div id=\"m_3678219739790803679divtagdefaultwrapper\" dir=\"ltr\">\n<div id=\"m_3678219739790803679Signature\">\n<div id=\"m_3678219739790803679divtagdefaultwrapper\" dir=\"ltr\">\n<p>506-858-8421<\/p>\n<\/div>\n<\/div>\n<\/div>\n<\/div>\n","protected":false},"excerpt":{"rendered":"<p>&nbsp; &nbsp; Hockey Dieppe Memramcook est tr\u00e8s heureux d&#8217;annoncer que nous avons \u00e9tabli une relation de fournisseur exclusive avec Maritimes la Source du sport \/ Cleve&#8217;s la Source du sport. Cette relation fournisseur est une excellente occasion de maximiser le plein pouvoir d&#8217;achat de l&#8217;ensemble de notre organisation HDM au b\u00e9n\u00e9fice des membres individuels, des [&hellip;]<\/p>\n","protected":false},"author":473,"featured_media":0,"parent":0,"menu_order":0,"comment_status":"closed","ping_status":"closed","template":"","meta":{"_acf_changed":false,"footnotes":""},"class_list":["post-3587","page","type-page","status-publish","hentry"],"acf":[],"yoast_head":"<!-- This site is optimized with the Yoast SEO plugin v25.7 - https:\/\/yoast.com\/wordpress\/plugins\/seo\/ -->\n<title>V\u00eatements d&#039;\u00e9quipe - Hockey Dieppe Memramcook<\/title>\n<meta name=\"robots\" content=\"index, follow, max-snippet:-1, max-image-preview:large, max-video-preview:-1\" \/>\n<link rel=\"canonical\" href=\"https:\/\/hockeydieppememramcook.ca\/vetements-dequipe\/\" \/>\n<meta property=\"og:locale\" content=\"en_US\" \/>\n<meta property=\"og:type\" content=\"article\" \/>\n<meta property=\"og:title\" content=\"V\u00eatements d&#039;\u00e9quipe - Hockey Dieppe Memramcook\" \/>\n<meta property=\"og:description\" content=\"&nbsp; &nbsp; Hockey Dieppe Memramcook est tr\u00e8s heureux d&#8217;annoncer que nous avons \u00e9tabli une relation de fournisseur exclusive avec Maritimes la Source du sport \/ Cleve&#8217;s la Source du sport. Cette relation fournisseur est une excellente occasion de maximiser le plein pouvoir d&#8217;achat de l&#8217;ensemble de notre organisation HDM au b\u00e9n\u00e9fice des membres individuels, des [&hellip;]\" \/>\n<meta property=\"og:url\" content=\"https:\/\/hockeydieppememramcook.ca\/vetements-dequipe\/\" \/>\n<meta property=\"og:site_name\" content=\"Hockey Dieppe Memramcook\" \/>\n<meta property=\"article:modified_time\" content=\"2025-06-11T14:33:32+00:00\" \/>\n<meta property=\"og:image\" content=\"http:\/\/hockeydieppememramcook.ca\/wp-content\/uploads\/sites\/527\/2022\/07\/OIP-300x295.jpg\" \/>\n<meta name=\"twitter:card\" content=\"summary_large_image\" \/>\n<meta name=\"twitter:label1\" content=\"Est. reading time\" \/>\n\t<meta name=\"twitter:data1\" content=\"3 minutes\" \/>\n<script type=\"application\/ld+json\" class=\"yoast-schema-graph\">{\"@context\":\"https:\/\/schema.org\",\"@graph\":[{\"@type\":\"WebPage\",\"@id\":\"https:\/\/hockeydieppememramcook.ca\/vetements-dequipe\/\",\"url\":\"https:\/\/hockeydieppememramcook.ca\/vetements-dequipe\/\",\"name\":\"V\u00eatements d'\u00e9quipe - Hockey Dieppe Memramcook\",\"isPartOf\":{\"@id\":\"https:\/\/hockeydieppememramcook.ca\/#website\"},\"primaryImageOfPage\":{\"@id\":\"https:\/\/hockeydieppememramcook.ca\/vetements-dequipe\/#primaryimage\"},\"image\":{\"@id\":\"https:\/\/hockeydieppememramcook.ca\/vetements-dequipe\/#primaryimage\"},\"thumbnailUrl\":\"http:\/\/hockeydieppememramcook.ca\/wp-content\/uploads\/sites\/527\/2022\/07\/OIP-300x295.jpg\",\"datePublished\":\"2022-07-15T12:05:57+00:00\",\"dateModified\":\"2025-06-11T14:33:32+00:00\",\"breadcrumb\":{\"@id\":\"https:\/\/hockeydieppememramcook.ca\/vetements-dequipe\/#breadcrumb\"},\"inLanguage\":\"en-US\",\"potentialAction\":[{\"@type\":\"ReadAction\",\"target\":[\"https:\/\/hockeydieppememramcook.ca\/vetements-dequipe\/\"]}]},{\"@type\":\"ImageObject\",\"inLanguage\":\"en-US\",\"@id\":\"https:\/\/hockeydieppememramcook.ca\/vetements-dequipe\/#primaryimage\",\"url\":\"http:\/\/hockeydieppememramcook.ca\/wp-content\/uploads\/sites\/527\/2022\/07\/OIP-300x295.jpg\",\"contentUrl\":\"http:\/\/hockeydieppememramcook.ca\/wp-content\/uploads\/sites\/527\/2022\/07\/OIP-300x295.jpg\"},{\"@type\":\"BreadcrumbList\",\"@id\":\"https:\/\/hockeydieppememramcook.ca\/vetements-dequipe\/#breadcrumb\",\"itemListElement\":[{\"@type\":\"ListItem\",\"position\":1,\"name\":\"Accueil\",\"item\":\"https:\/\/hockeydieppememramcook.ca\/en\/\"},{\"@type\":\"ListItem\",\"position\":2,\"name\":\"V\u00eatements d&rsquo;\u00e9quipe\"}]},{\"@type\":\"WebSite\",\"@id\":\"https:\/\/hockeydieppememramcook.ca\/#website\",\"url\":\"https:\/\/hockeydieppememramcook.ca\/\",\"name\":\"Hockey Dieppe Memramcook\",\"description\":\"Un site utilisant Les sites de Shark M\u00e9dia & Sport, template Slapshot\",\"potentialAction\":[{\"@type\":\"SearchAction\",\"target\":{\"@type\":\"EntryPoint\",\"urlTemplate\":\"https:\/\/hockeydieppememramcook.ca\/?s={search_term_string}\"},\"query-input\":{\"@type\":\"PropertyValueSpecification\",\"valueRequired\":true,\"valueName\":\"search_term_string\"}}],\"inLanguage\":\"en-US\"}]}<\/script>\n<!-- \/ Yoast SEO plugin. -->","yoast_head_json":{"title":"V\u00eatements d'\u00e9quipe - Hockey Dieppe Memramcook","robots":{"index":"index","follow":"follow","max-snippet":"max-snippet:-1","max-image-preview":"max-image-preview:large","max-video-preview":"max-video-preview:-1"},"canonical":"https:\/\/hockeydieppememramcook.ca\/vetements-dequipe\/","og_locale":"en_US","og_type":"article","og_title":"V\u00eatements d'\u00e9quipe - Hockey Dieppe Memramcook","og_description":"&nbsp; &nbsp; Hockey Dieppe Memramcook est tr\u00e8s heureux d&#8217;annoncer que nous avons \u00e9tabli une relation de fournisseur exclusive avec Maritimes la Source du sport \/ Cleve&#8217;s la Source du sport. Cette relation fournisseur est une excellente occasion de maximiser le plein pouvoir d&#8217;achat de l&#8217;ensemble de notre organisation HDM au b\u00e9n\u00e9fice des membres individuels, des [&hellip;]","og_url":"https:\/\/hockeydieppememramcook.ca\/vetements-dequipe\/","og_site_name":"Hockey Dieppe Memramcook","article_modified_time":"2025-06-11T14:33:32+00:00","og_image":[{"url":"http:\/\/hockeydieppememramcook.ca\/wp-content\/uploads\/sites\/527\/2022\/07\/OIP-300x295.jpg","type":"","width":"","height":""}],"twitter_card":"summary_large_image","twitter_misc":{"Est. reading time":"3 minutes"},"schema":{"@context":"https:\/\/schema.org","@graph":[{"@type":"WebPage","@id":"https:\/\/hockeydieppememramcook.ca\/vetements-dequipe\/","url":"https:\/\/hockeydieppememramcook.ca\/vetements-dequipe\/","name":"V\u00eatements d'\u00e9quipe - Hockey Dieppe Memramcook","isPartOf":{"@id":"https:\/\/hockeydieppememramcook.ca\/#website"},"primaryImageOfPage":{"@id":"https:\/\/hockeydieppememramcook.ca\/vetements-dequipe\/#primaryimage"},"image":{"@id":"https:\/\/hockeydieppememramcook.ca\/vetements-dequipe\/#primaryimage"},"thumbnailUrl":"http:\/\/hockeydieppememramcook.ca\/wp-content\/uploads\/sites\/527\/2022\/07\/OIP-300x295.jpg","datePublished":"2022-07-15T12:05:57+00:00","dateModified":"2025-06-11T14:33:32+00:00","breadcrumb":{"@id":"https:\/\/hockeydieppememramcook.ca\/vetements-dequipe\/#breadcrumb"},"inLanguage":"en-US","potentialAction":[{"@type":"ReadAction","target":["https:\/\/hockeydieppememramcook.ca\/vetements-dequipe\/"]}]},{"@type":"ImageObject","inLanguage":"en-US","@id":"https:\/\/hockeydieppememramcook.ca\/vetements-dequipe\/#primaryimage","url":"http:\/\/hockeydieppememramcook.ca\/wp-content\/uploads\/sites\/527\/2022\/07\/OIP-300x295.jpg","contentUrl":"http:\/\/hockeydieppememramcook.ca\/wp-content\/uploads\/sites\/527\/2022\/07\/OIP-300x295.jpg"},{"@type":"BreadcrumbList","@id":"https:\/\/hockeydieppememramcook.ca\/vetements-dequipe\/#breadcrumb","itemListElement":[{"@type":"ListItem","position":1,"name":"Accueil","item":"https:\/\/hockeydieppememramcook.ca\/en\/"},{"@type":"ListItem","position":2,"name":"V\u00eatements d&rsquo;\u00e9quipe"}]},{"@type":"WebSite","@id":"https:\/\/hockeydieppememramcook.ca\/#website","url":"https:\/\/hockeydieppememramcook.ca\/","name":"Hockey Dieppe Memramcook","description":"Un site utilisant Les sites de Shark M\u00e9dia & Sport, template Slapshot","potentialAction":[{"@type":"SearchAction","target":{"@type":"EntryPoint","urlTemplate":"https:\/\/hockeydieppememramcook.ca\/?s={search_term_string}"},"query-input":{"@type":"PropertyValueSpecification","valueRequired":true,"valueName":"search_term_string"}}],"inLanguage":"en-US"}]}},"_links":{"self":[{"href":"https:\/\/hockeydieppememramcook.ca\/en\/wp-json\/wp\/v2\/pages\/3587","targetHints":{"allow":["GET"]}}],"collection":[{"href":"https:\/\/hockeydieppememramcook.ca\/en\/wp-json\/wp\/v2\/pages"}],"about":[{"href":"https:\/\/hockeydieppememramcook.ca\/en\/wp-json\/wp\/v2\/types\/page"}],"author":[{"embeddable":true,"href":"https:\/\/hockeydieppememramcook.ca\/en\/wp-json\/wp\/v2\/users\/473"}],"replies":[{"embeddable":true,"href":"https:\/\/hockeydieppememramcook.ca\/en\/wp-json\/wp\/v2\/comments?post=3587"}],"version-history":[{"count":4,"href":"https:\/\/hockeydieppememramcook.ca\/en\/wp-json\/wp\/v2\/pages\/3587\/revisions"}],"predecessor-version":[{"id":7152,"href":"https:\/\/hockeydieppememramcook.ca\/en\/wp-json\/wp\/v2\/pages\/3587\/revisions\/7152"}],"wp:attachment":[{"href":"https:\/\/hockeydieppememramcook.ca\/en\/wp-json\/wp\/v2\/media?parent=3587"}],"curies":[{"name":"wp","href":"https:\/\/api.w.org\/{rel}","templated":true}]}}