{"id":3581,"date":"2022-07-15T07:49:00","date_gmt":"2022-07-15T11:49:00","guid":{"rendered":"https:\/\/hockeydieppememramcook.sharkmediasport.com\/?page_id=3581"},"modified":"2025-07-08T12:15:09","modified_gmt":"2025-07-08T16:15:09","slug":"dates-des-tournois-2","status":"publish","type":"page","link":"https:\/\/hockeydieppememramcook.ca\/en\/dates-des-tournois-2\/","title":{"rendered":"Dates des tournois"},"content":{"rendered":"<p><strong>DATES DES TOURNOIS 2025-2026<\/strong><\/p>\n<p><strong>L&#8217;enregistrement est maintenant ouvert<\/strong><\/p>\n<p>Le tournoi doit \u00eatre pay\u00e9 un maximum de une semaine apr\u00e8s que nous recevons l&#8217;enregistrement, sinon nous allons passer \u00e0 la prochaine \u00e9quipe sur notre liste d&#8217;attente.<\/p>\n<p>SVP vous enregistrer seulement si vous planifiez de venir et non pour tenir une place ouverte.<\/p>\n<p>Si vous annuler l&#8217;enregistrement plus de 1 mois avant la date du tournoi, il va y avoir un frais de $100.<\/p>\n<p>Si vous annuler l&#8217;enregistrement moins de 1 mois avant la date du tournoi, il n&#8217;y aura aucun remboursement.<\/p>\n<p>Appuyer sur le lien ci-bas de votre choix pour \u00eatre redirig\u00e9 vers l&#8217;enregistrement en ligne.<\/p>\n<p><a href=\"https:\/\/events.teamsnap.com\/events\/44042\/register\"><strong>M11 et M13 C (R\u00e9cr\u00e9atif) &#8211; 12 au 14 D\u00e9cembre 2025<\/strong><\/a><\/p>\n<p><a href=\"https:\/\/events.teamsnap.com\/events\/44043\/register\"><strong>M13 AAA &#8211; 12 au 14 D\u00e9cembre 2025<\/strong><\/a><\/p>\n<p><a href=\"https:\/\/events.teamsnap.com\/events\/44044\/register\"><strong>M11 et M13 Comp\u00e9titif AA, A, B &#8211; 16 au 18 Janvier 2026<\/strong><\/a><\/p>\n<p><a href=\"https:\/\/events.teamsnap.com\/events\/44045\/register\"><strong>M7 et M9 Jamboree &#8211; 7 et 8 F\u00e9vrier 2026<\/strong><\/a><\/p>\n<p><a href=\"https:\/\/events.teamsnap.com\/events\/44046\/register\"><strong>M15 et M18 Comp\u00e9titif AA, A, C- 20 au 22 F\u00e9vrier 2026<\/strong><\/a><\/p>\n<p><a href=\"https:\/\/events.teamsnap.com\/events\/44047\/register\"><strong>Tournoi F\u00e9minin D\u00e9gel &#8211; 27 au 29 Mars 2026<\/strong><\/a><\/p>\n","protected":false},"excerpt":{"rendered":"<p>DATES DES TOURNOIS 2025-2026 L&#8217;enregistrement est maintenant ouvert Le tournoi doit \u00eatre pay\u00e9 un maximum de une semaine apr\u00e8s que nous recevons l&#8217;enregistrement, sinon nous allons passer \u00e0 la prochaine \u00e9quipe sur notre liste d&#8217;attente. SVP vous enregistrer seulement si vous planifiez de venir et non pour tenir une place ouverte. Si vous annuler l&#8217;enregistrement [&hellip;]<\/p>\n","protected":false},"author":473,"featured_media":0,"parent":0,"menu_order":0,"comment_status":"closed","ping_status":"closed","template":"","meta":{"_acf_changed":false,"footnotes":""},"class_list":["post-3581","page","type-page","status-publish","hentry"],"acf":[],"yoast_head":"<!-- This site is optimized with the Yoast SEO plugin v25.7 - https:\/\/yoast.com\/wordpress\/plugins\/seo\/ -->\n<title>Dates des tournois - Hockey Dieppe Memramcook<\/title>\n<meta name=\"robots\" content=\"index, follow, max-snippet:-1, max-image-preview:large, max-video-preview:-1\" \/>\n<link rel=\"canonical\" href=\"https:\/\/hockeydieppememramcook.ca\/dates-des-tournois-2\/\" \/>\n<meta property=\"og:locale\" content=\"en_US\" \/>\n<meta property=\"og:type\" content=\"article\" \/>\n<meta property=\"og:title\" content=\"Dates des tournois - Hockey Dieppe Memramcook\" \/>\n<meta property=\"og:description\" content=\"DATES DES TOURNOIS 2025-2026 L&#8217;enregistrement est maintenant ouvert Le tournoi doit \u00eatre pay\u00e9 un maximum de une semaine apr\u00e8s que nous recevons l&#8217;enregistrement, sinon nous allons passer \u00e0 la prochaine \u00e9quipe sur notre liste d&#8217;attente. SVP vous enregistrer seulement si vous planifiez de venir et non pour tenir une place ouverte. Si vous annuler l&#8217;enregistrement [&hellip;]\" \/>\n<meta property=\"og:url\" content=\"https:\/\/hockeydieppememramcook.ca\/dates-des-tournois-2\/\" \/>\n<meta property=\"og:site_name\" content=\"Hockey Dieppe Memramcook\" \/>\n<meta property=\"article:modified_time\" content=\"2025-07-08T16:15:09+00:00\" \/>\n<meta name=\"twitter:card\" content=\"summary_large_image\" \/>\n<meta name=\"twitter:label1\" content=\"Est. reading time\" \/>\n\t<meta name=\"twitter:data1\" content=\"1 minute\" \/>\n<script type=\"application\/ld+json\" class=\"yoast-schema-graph\">{\"@context\":\"https:\/\/schema.org\",\"@graph\":[{\"@type\":\"WebPage\",\"@id\":\"https:\/\/hockeydieppememramcook.ca\/dates-des-tournois-2\/\",\"url\":\"https:\/\/hockeydieppememramcook.ca\/dates-des-tournois-2\/\",\"name\":\"Dates des tournois - Hockey Dieppe Memramcook\",\"isPartOf\":{\"@id\":\"https:\/\/hockeydieppememramcook.ca\/#website\"},\"datePublished\":\"2022-07-15T11:49:00+00:00\",\"dateModified\":\"2025-07-08T16:15:09+00:00\",\"breadcrumb\":{\"@id\":\"https:\/\/hockeydieppememramcook.ca\/dates-des-tournois-2\/#breadcrumb\"},\"inLanguage\":\"en-US\",\"potentialAction\":[{\"@type\":\"ReadAction\",\"target\":[\"https:\/\/hockeydieppememramcook.ca\/dates-des-tournois-2\/\"]}]},{\"@type\":\"BreadcrumbList\",\"@id\":\"https:\/\/hockeydieppememramcook.ca\/dates-des-tournois-2\/#breadcrumb\",\"itemListElement\":[{\"@type\":\"ListItem\",\"position\":1,\"name\":\"Accueil\",\"item\":\"https:\/\/hockeydieppememramcook.ca\/en\/\"},{\"@type\":\"ListItem\",\"position\":2,\"name\":\"Dates des tournois\"}]},{\"@type\":\"WebSite\",\"@id\":\"https:\/\/hockeydieppememramcook.ca\/#website\",\"url\":\"https:\/\/hockeydieppememramcook.ca\/\",\"name\":\"Hockey Dieppe Memramcook\",\"description\":\"Un site utilisant Les sites de Shark M\u00e9dia & Sport, template Slapshot\",\"potentialAction\":[{\"@type\":\"SearchAction\",\"target\":{\"@type\":\"EntryPoint\",\"urlTemplate\":\"https:\/\/hockeydieppememramcook.ca\/?s={search_term_string}\"},\"query-input\":{\"@type\":\"PropertyValueSpecification\",\"valueRequired\":true,\"valueName\":\"search_term_string\"}}],\"inLanguage\":\"en-US\"}]}<\/script>\n<!-- \/ Yoast SEO plugin. -->","yoast_head_json":{"title":"Dates des tournois - Hockey Dieppe Memramcook","robots":{"index":"index","follow":"follow","max-snippet":"max-snippet:-1","max-image-preview":"max-image-preview:large","max-video-preview":"max-video-preview:-1"},"canonical":"https:\/\/hockeydieppememramcook.ca\/dates-des-tournois-2\/","og_locale":"en_US","og_type":"article","og_title":"Dates des tournois - Hockey Dieppe Memramcook","og_description":"DATES DES TOURNOIS 2025-2026 L&#8217;enregistrement est maintenant ouvert Le tournoi doit \u00eatre pay\u00e9 un maximum de une semaine apr\u00e8s que nous recevons l&#8217;enregistrement, sinon nous allons passer \u00e0 la prochaine \u00e9quipe sur notre liste d&#8217;attente. SVP vous enregistrer seulement si vous planifiez de venir et non pour tenir une place ouverte. Si vous annuler l&#8217;enregistrement [&hellip;]","og_url":"https:\/\/hockeydieppememramcook.ca\/dates-des-tournois-2\/","og_site_name":"Hockey Dieppe Memramcook","article_modified_time":"2025-07-08T16:15:09+00:00","twitter_card":"summary_large_image","twitter_misc":{"Est. reading time":"1 minute"},"schema":{"@context":"https:\/\/schema.org","@graph":[{"@type":"WebPage","@id":"https:\/\/hockeydieppememramcook.ca\/dates-des-tournois-2\/","url":"https:\/\/hockeydieppememramcook.ca\/dates-des-tournois-2\/","name":"Dates des tournois - Hockey Dieppe Memramcook","isPartOf":{"@id":"https:\/\/hockeydieppememramcook.ca\/#website"},"datePublished":"2022-07-15T11:49:00+00:00","dateModified":"2025-07-08T16:15:09+00:00","breadcrumb":{"@id":"https:\/\/hockeydieppememramcook.ca\/dates-des-tournois-2\/#breadcrumb"},"inLanguage":"en-US","potentialAction":[{"@type":"ReadAction","target":["https:\/\/hockeydieppememramcook.ca\/dates-des-tournois-2\/"]}]},{"@type":"BreadcrumbList","@id":"https:\/\/hockeydieppememramcook.ca\/dates-des-tournois-2\/#breadcrumb","itemListElement":[{"@type":"ListItem","position":1,"name":"Accueil","item":"https:\/\/hockeydieppememramcook.ca\/en\/"},{"@type":"ListItem","position":2,"name":"Dates des tournois"}]},{"@type":"WebSite","@id":"https:\/\/hockeydieppememramcook.ca\/#website","url":"https:\/\/hockeydieppememramcook.ca\/","name":"Hockey Dieppe Memramcook","description":"Un site utilisant Les sites de Shark M\u00e9dia & Sport, template Slapshot","potentialAction":[{"@type":"SearchAction","target":{"@type":"EntryPoint","urlTemplate":"https:\/\/hockeydieppememramcook.ca\/?s={search_term_string}"},"query-input":{"@type":"PropertyValueSpecification","valueRequired":true,"valueName":"search_term_string"}}],"inLanguage":"en-US"}]}},"_links":{"self":[{"href":"https:\/\/hockeydieppememramcook.ca\/en\/wp-json\/wp\/v2\/pages\/3581","targetHints":{"allow":["GET"]}}],"collection":[{"href":"https:\/\/hockeydieppememramcook.ca\/en\/wp-json\/wp\/v2\/pages"}],"about":[{"href":"https:\/\/hockeydieppememramcook.ca\/en\/wp-json\/wp\/v2\/types\/page"}],"author":[{"embeddable":true,"href":"https:\/\/hockeydieppememramcook.ca\/en\/wp-json\/wp\/v2\/users\/473"}],"replies":[{"embeddable":true,"href":"https:\/\/hockeydieppememramcook.ca\/en\/wp-json\/wp\/v2\/comments?post=3581"}],"version-history":[{"count":6,"href":"https:\/\/hockeydieppememramcook.ca\/en\/wp-json\/wp\/v2\/pages\/3581\/revisions"}],"predecessor-version":[{"id":7254,"href":"https:\/\/hockeydieppememramcook.ca\/en\/wp-json\/wp\/v2\/pages\/3581\/revisions\/7254"}],"wp:attachment":[{"href":"https:\/\/hockeydieppememramcook.ca\/en\/wp-json\/wp\/v2\/media?parent=3581"}],"curies":[{"name":"wp","href":"https:\/\/api.w.org\/{rel}","templated":true}]}}