{"id":3573,"date":"2022-07-14T10:25:16","date_gmt":"2022-07-14T14:25:16","guid":{"rendered":"https:\/\/hockeydieppememramcook.sharkmediasport.com\/?page_id=3573"},"modified":"2025-10-31T13:37:24","modified_gmt":"2025-10-31T17:37:24","slug":"arbitres","status":"publish","type":"page","link":"https:\/\/hockeydieppememramcook.ca\/en\/membres\/arbitres\/","title":{"rendered":"Arbitres"},"content":{"rendered":"<p><strong>Coordonnateurs des arbitres : Jean-Guy Richard<\/strong><\/p>\n<p>Si vous avez besoin d&#8217;arbitres, communiquez avec Jean-Guy Richard au 269-0212 ou par courriel au <a href=\"mailto:dieppereferee@rogers.com\"><span class=\"s1\"><strong>dieppereferee@rogers.com<\/strong><\/span><\/a><\/p>\n<div><strong>Un nouveau cours officiel en ligne est disponible<\/strong><\/div>\n<div>Veuillez utiliser le lien ci-dessous pour commencer le processus pour devenir un nouveau fonctionnaire. Si vous avez des questions s&#8217;il vous pla\u00eet contactez-moi Association des officiels de hockey du Nouveau-Brunswick:<\/div>\n<div><\/div>\n<div><a href=\"http:\/\/nbhoa.ca\/page.php?page_id=126177\" target=\"_blank\" rel=\"nofollow noopener noreferrer\" data-saferedirecturl=\"https:\/\/www.google.com\/url?q=http:\/\/nbhoa.ca\/page.php?page_id%3D126177&amp;source=gmail&amp;ust=1634644837953000&amp;usg=AFQjCNFVW6hI0modsY0McHXpDECB4a0ChQ\">New Brunswick Hockey Officials Association : Powered by GOALLINE (nbhoa.ca)<\/a><\/div>\n<p><strong>Les \u00e9quipes sont responsables de r\u00e9server les arbitres<\/strong>\u00a0pour toutes leurs parties en communiquant avec Jean-Guy. Elles sont aussi responsables de v\u00e9rifier qu\u2019il y a des arbitres d\u2019assign\u00e9s pour toutes leurs parties \u00e0 domicile. Vous pouvez v\u00e9rifier le site des arbitres :\u00a0<a href=\"http:\/\/site2687.goalline.ca\/index.php\" target=\"_blank\" rel=\"noopener\">http:\/\/site2687.goalline.ca\/index.php<\/a>\u00a0ou communiquer avec M. Jean-Guy au moins 48h heures \u00e0 l&#8217;avance.<\/p>\n<p><strong>Si une partie est annul\u00e9e<\/strong>\u00a0pour n\u2019importe quelles raisons, les \u00e9quipes sont responsables d\u2019annuler les arbitres en contactant le directeur des arbitres au moins 48 heures avant l`heure de la partie c\u00e9dul\u00e9e. Si les arbitres ne sont pas annul\u00e9s, l\u2019\u00e9quipe en question sera factur\u00e9e pour les co\u00fbts des arbitres et l`\u00e9quipe sera responsable de payer les frais. Sur r\u00e9ception de la facture, l\u2019\u00e9quipe aura 5 jours ouvrables \u00e0 payer le montant. Si cette facture n\u2019est pas pay\u00e9e, les glaces de l\u2019\u00e9quipe seront suspendues jusqu`\u00e0 r\u00e9ception du paiement.<\/p>\n<p><strong>Chronom\u00e9treur:<\/strong>\u00a0Les \u00e9quipes sont responsables de r\u00e9server des chronom\u00e9treurs si ils le d\u00e9sirent.\u00a0 Ils peuvent \u00e9galement utiliser leur propre.\u00a0 Pour r\u00e9server un chronom\u00e9treur, il faudra contacter Janice Richard:\u00a0<a href=\"mailto:janrand12@hotmail.com\">janrand12@hotmail.com\u00a0<\/a><\/p>\n<p>&nbsp;<\/p>\n<p class=\"p1\">Pour informations sur les divers programmes pour officiels, consultez le site web de Hockey Canada \u00e0 l&#8217;adresse suivante:<\/p>\n<p class=\"p2\"><strong><a href=\"http:\/\/www.hockeycanada.ca\/index.php\/ci_id\/58611\/la_id\/2.htm\">http:\/\/www.hockeycanada.ca\/index.php\/ci_id\/58611\/la_id\/2.htm<\/a><\/strong><\/p>\n<p class=\"p2\">\n","protected":false},"excerpt":{"rendered":"<p>Coordonnateurs des arbitres : Jean-Guy Richard Si vous avez besoin d&#8217;arbitres, communiquez avec Jean-Guy Richard au 269-0212 ou par courriel au dieppereferee@rogers.com Un nouveau cours officiel en ligne est disponible Veuillez utiliser le lien ci-dessous pour commencer le processus pour devenir un nouveau fonctionnaire. Si vous avez des questions s&#8217;il vous pla\u00eet contactez-moi Association des [&hellip;]<\/p>\n","protected":false},"author":473,"featured_media":0,"parent":3535,"menu_order":0,"comment_status":"closed","ping_status":"closed","template":"","meta":{"_acf_changed":false,"footnotes":""},"class_list":["post-3573","page","type-page","status-publish","hentry"],"acf":[],"yoast_head":"<!-- This site is optimized with the Yoast SEO plugin v25.7 - https:\/\/yoast.com\/wordpress\/plugins\/seo\/ -->\n<title>Arbitres - Hockey Dieppe Memramcook<\/title>\n<meta name=\"robots\" content=\"index, follow, max-snippet:-1, max-image-preview:large, max-video-preview:-1\" \/>\n<link rel=\"canonical\" href=\"https:\/\/hockeydieppememramcook.ca\/membres\/arbitres\/\" \/>\n<meta property=\"og:locale\" content=\"en_US\" \/>\n<meta property=\"og:type\" content=\"article\" \/>\n<meta property=\"og:title\" content=\"Arbitres - Hockey Dieppe Memramcook\" \/>\n<meta property=\"og:description\" content=\"Coordonnateurs des arbitres : Jean-Guy Richard Si vous avez besoin d&#8217;arbitres, communiquez avec Jean-Guy Richard au 269-0212 ou par courriel au dieppereferee@rogers.com Un nouveau cours officiel en ligne est disponible Veuillez utiliser le lien ci-dessous pour commencer le processus pour devenir un nouveau fonctionnaire. Si vous avez des questions s&#8217;il vous pla\u00eet contactez-moi Association des [&hellip;]\" \/>\n<meta property=\"og:url\" content=\"https:\/\/hockeydieppememramcook.ca\/membres\/arbitres\/\" \/>\n<meta property=\"og:site_name\" content=\"Hockey Dieppe Memramcook\" \/>\n<meta property=\"article:modified_time\" content=\"2025-10-31T17:37:24+00:00\" \/>\n<meta name=\"twitter:card\" content=\"summary_large_image\" \/>\n<meta name=\"twitter:label1\" content=\"Est. reading time\" \/>\n\t<meta name=\"twitter:data1\" content=\"2 minutes\" \/>\n<script type=\"application\/ld+json\" class=\"yoast-schema-graph\">{\"@context\":\"https:\/\/schema.org\",\"@graph\":[{\"@type\":\"WebPage\",\"@id\":\"https:\/\/hockeydieppememramcook.ca\/membres\/arbitres\/\",\"url\":\"https:\/\/hockeydieppememramcook.ca\/membres\/arbitres\/\",\"name\":\"Arbitres - Hockey Dieppe Memramcook\",\"isPartOf\":{\"@id\":\"https:\/\/hockeydieppememramcook.ca\/#website\"},\"datePublished\":\"2022-07-14T14:25:16+00:00\",\"dateModified\":\"2025-10-31T17:37:24+00:00\",\"breadcrumb\":{\"@id\":\"https:\/\/hockeydieppememramcook.ca\/membres\/arbitres\/#breadcrumb\"},\"inLanguage\":\"en-US\",\"potentialAction\":[{\"@type\":\"ReadAction\",\"target\":[\"https:\/\/hockeydieppememramcook.ca\/membres\/arbitres\/\"]}]},{\"@type\":\"BreadcrumbList\",\"@id\":\"https:\/\/hockeydieppememramcook.ca\/membres\/arbitres\/#breadcrumb\",\"itemListElement\":[{\"@type\":\"ListItem\",\"position\":1,\"name\":\"Accueil\",\"item\":\"https:\/\/hockeydieppememramcook.ca\/en\/\"},{\"@type\":\"ListItem\",\"position\":2,\"name\":\"Membres\",\"item\":\"https:\/\/hockeydieppememramcook.ca\/membres\/\"},{\"@type\":\"ListItem\",\"position\":3,\"name\":\"Arbitres\"}]},{\"@type\":\"WebSite\",\"@id\":\"https:\/\/hockeydieppememramcook.ca\/#website\",\"url\":\"https:\/\/hockeydieppememramcook.ca\/\",\"name\":\"Hockey Dieppe Memramcook\",\"description\":\"Un site utilisant Les sites de Shark M\u00e9dia & Sport, template Slapshot\",\"potentialAction\":[{\"@type\":\"SearchAction\",\"target\":{\"@type\":\"EntryPoint\",\"urlTemplate\":\"https:\/\/hockeydieppememramcook.ca\/?s={search_term_string}\"},\"query-input\":{\"@type\":\"PropertyValueSpecification\",\"valueRequired\":true,\"valueName\":\"search_term_string\"}}],\"inLanguage\":\"en-US\"}]}<\/script>\n<!-- \/ Yoast SEO plugin. -->","yoast_head_json":{"title":"Arbitres - Hockey Dieppe Memramcook","robots":{"index":"index","follow":"follow","max-snippet":"max-snippet:-1","max-image-preview":"max-image-preview:large","max-video-preview":"max-video-preview:-1"},"canonical":"https:\/\/hockeydieppememramcook.ca\/membres\/arbitres\/","og_locale":"en_US","og_type":"article","og_title":"Arbitres - Hockey Dieppe Memramcook","og_description":"Coordonnateurs des arbitres : Jean-Guy Richard Si vous avez besoin d&#8217;arbitres, communiquez avec Jean-Guy Richard au 269-0212 ou par courriel au dieppereferee@rogers.com Un nouveau cours officiel en ligne est disponible Veuillez utiliser le lien ci-dessous pour commencer le processus pour devenir un nouveau fonctionnaire. Si vous avez des questions s&#8217;il vous pla\u00eet contactez-moi Association des [&hellip;]","og_url":"https:\/\/hockeydieppememramcook.ca\/membres\/arbitres\/","og_site_name":"Hockey Dieppe Memramcook","article_modified_time":"2025-10-31T17:37:24+00:00","twitter_card":"summary_large_image","twitter_misc":{"Est. reading time":"2 minutes"},"schema":{"@context":"https:\/\/schema.org","@graph":[{"@type":"WebPage","@id":"https:\/\/hockeydieppememramcook.ca\/membres\/arbitres\/","url":"https:\/\/hockeydieppememramcook.ca\/membres\/arbitres\/","name":"Arbitres - Hockey Dieppe Memramcook","isPartOf":{"@id":"https:\/\/hockeydieppememramcook.ca\/#website"},"datePublished":"2022-07-14T14:25:16+00:00","dateModified":"2025-10-31T17:37:24+00:00","breadcrumb":{"@id":"https:\/\/hockeydieppememramcook.ca\/membres\/arbitres\/#breadcrumb"},"inLanguage":"en-US","potentialAction":[{"@type":"ReadAction","target":["https:\/\/hockeydieppememramcook.ca\/membres\/arbitres\/"]}]},{"@type":"BreadcrumbList","@id":"https:\/\/hockeydieppememramcook.ca\/membres\/arbitres\/#breadcrumb","itemListElement":[{"@type":"ListItem","position":1,"name":"Accueil","item":"https:\/\/hockeydieppememramcook.ca\/en\/"},{"@type":"ListItem","position":2,"name":"Membres","item":"https:\/\/hockeydieppememramcook.ca\/membres\/"},{"@type":"ListItem","position":3,"name":"Arbitres"}]},{"@type":"WebSite","@id":"https:\/\/hockeydieppememramcook.ca\/#website","url":"https:\/\/hockeydieppememramcook.ca\/","name":"Hockey Dieppe Memramcook","description":"Un site utilisant Les sites de Shark M\u00e9dia & Sport, template Slapshot","potentialAction":[{"@type":"SearchAction","target":{"@type":"EntryPoint","urlTemplate":"https:\/\/hockeydieppememramcook.ca\/?s={search_term_string}"},"query-input":{"@type":"PropertyValueSpecification","valueRequired":true,"valueName":"search_term_string"}}],"inLanguage":"en-US"}]}},"_links":{"self":[{"href":"https:\/\/hockeydieppememramcook.ca\/en\/wp-json\/wp\/v2\/pages\/3573","targetHints":{"allow":["GET"]}}],"collection":[{"href":"https:\/\/hockeydieppememramcook.ca\/en\/wp-json\/wp\/v2\/pages"}],"about":[{"href":"https:\/\/hockeydieppememramcook.ca\/en\/wp-json\/wp\/v2\/types\/page"}],"author":[{"embeddable":true,"href":"https:\/\/hockeydieppememramcook.ca\/en\/wp-json\/wp\/v2\/users\/473"}],"replies":[{"embeddable":true,"href":"https:\/\/hockeydieppememramcook.ca\/en\/wp-json\/wp\/v2\/comments?post=3573"}],"version-history":[{"count":4,"href":"https:\/\/hockeydieppememramcook.ca\/en\/wp-json\/wp\/v2\/pages\/3573\/revisions"}],"predecessor-version":[{"id":8156,"href":"https:\/\/hockeydieppememramcook.ca\/en\/wp-json\/wp\/v2\/pages\/3573\/revisions\/8156"}],"up":[{"embeddable":true,"href":"https:\/\/hockeydieppememramcook.ca\/en\/wp-json\/wp\/v2\/pages\/3535"}],"wp:attachment":[{"href":"https:\/\/hockeydieppememramcook.ca\/en\/wp-json\/wp\/v2\/media?parent=3573"}],"curies":[{"name":"wp","href":"https:\/\/api.w.org\/{rel}","templated":true}]}}