{"id":3561,"date":"2022-07-14T10:19:24","date_gmt":"2022-07-14T14:19:24","guid":{"rendered":"https:\/\/hockeydieppememramcook.sharkmediasport.com\/?page_id=3561"},"modified":"2025-10-27T08:03:45","modified_gmt":"2025-10-27T12:03:45","slug":"entraineurs-et-gerants","status":"publish","type":"page","link":"https:\/\/hockeydieppememramcook.ca\/en\/entraineurs-et-gerants\/","title":{"rendered":"Entra\u00eeneurs et G\u00e9rants"},"content":{"rendered":"<p class=\"p1\"><strong>INFORMATION POUR LES ENTRA\u00ceNEURS ET G\u00c9RANTS<\/strong><\/p>\n<p class=\"p2\"><a href=\"http:\/\/www.hockeycanada.ca\/fr-ca\/hockey-programs\/drill-hub\"><strong>Acc\u00e8s aux exercices de Hockey Canada<\/strong><\/a><\/p>\n<p class=\"p2\"><a href=\"http:\/\/www.hockeycanada.ca\/fr-ca\/hockey-programs\/drill-hub\" target=\"_blank\" rel=\"noopener\"><strong><img loading=\"lazy\" decoding=\"async\" src=\"http:\/\/gsh-blanc.com\/data\/hdieppe\/images\/hdr_logo_drill_hub_f.png\" alt=\"\" width=\"190\" height=\"90\" \/><\/strong><\/a><\/p>\n<p class=\"p2\"><strong><a href=\"https:\/\/drive.google.com\/file\/d\/1B6dV32U2Upi22kESAsQEFLRozysKkP2o\/view\">Pr\u00e9sentation sur les commotions c\u00e9r\u00e9brales<\/a><\/strong><\/p>\n<p class=\"p2\"><a href=\"https:\/\/spordle.atlassian.net\/wiki\/spaces\/HDF\/pages\/2610987039\/Permis+de+voyage#Demande-de-permis-de-voyage\"><strong>Permis de voyage<\/strong><\/a><\/p>\n<p><strong><a href=\"http:\/\/hockeydieppememramcook.ca\/wp-content\/uploads\/sites\/527\/2025\/10\/2025-2026-Manuel-des-Entraineurs-et-des-Gerants_FR_rev-27-10-2025.pdf\" target=\"\">2025-2026 Manuel des Entra\u00eeneurs et des G\u00e9rants<\/a><\/strong><\/p>\n<p><strong><a href=\"http:\/\/hockeydieppememramcook.ca\/wp-content\/uploads\/sites\/527\/2024\/07\/Team-Roster-form.pdf\" target=\"\" rel=\"noopener\">Formulaire d&#8217;alignement(roster)<\/a><\/strong><\/p>\n<p class=\"p2\"><strong><a href=\"http:\/\/hockeydieppememramcook.ca\/wp-content\/uploads\/sites\/527\/2025\/06\/FundraisingHDM2025.pdf\" target=\"\" rel=\"noopener\">Feuille por commanditaire HDM2025<\/a><\/strong><\/p>\n<p class=\"p2\"><a title=\"FR - Hockey NB - Safe Sport - Policy Manual (1).pdf (746 KB)\" href=\"http:\/\/gsh-blanc.com\/data\/hdieppe\/images\/Politiques\/FR%20-%20Hockey%20NB%20-%20Safe%20Sport%20-%20Policy%20Manual%20%281%29.pdf\"><strong>Manuel politique s\u00e9curit\u00e9 sportif<\/strong><\/a><\/p>\n<p><strong><a href=\"http:\/\/hockeydieppememramcook.ca\/wp-content\/uploads\/sites\/527\/2024\/07\/Video_Review_Policy_FR.pdf\" target=\"\" rel=\"noopener\">Politique d&#8217;examen des vid\u00e9os de HNB<\/a><\/strong><\/p>\n<p><strong><a href=\"http:\/\/hockeydieppememramcook.ca\/wp-content\/uploads\/sites\/527\/2025\/10\/TEAM-GUIDE-2025-2026-FR.pdf\" target=\"\">GUIDE d&#8217;\u00c9QUIPE 2025 2026 FR<\/a><\/strong><\/p>\n<hr \/>\n<p class=\"p3\"><strong><a href=\"http:\/\/hockeydieppememramcook.ca\/wp-content\/uploads\/sites\/527\/2025\/06\/Formulaire-de-mise-en-candidature-pour-poste-entraineur-2025-26.pdf\" target=\"\" rel=\"noopener\">Formulaire De Mise En Candidature Pour Poste Entra\u00eeneur 2025 26<\/a><\/strong><\/p>\n<p class=\"p4\"><strong>V\u00e9rification de vos ant\u00e9c\u00e9dents criminels<\/strong><\/p>\n<p class=\"p4\">Pour faire la v\u00e9rification de vos ant\u00e9c\u00e9dents criminels vous devrez vous rendre au bureau de la GRC avec 2 pi\u00e8ces d&#8217;identit\u00e9s et une lettre confirmant que vous ferez du b\u00e9n\u00e9volat durant la saison pour que ceci soit gratuit.\u00a0\u00a0<strong>NOUVEAU: Depuis le 21 Octobre 2021 vous devez venir chercher la lettre au bureau de HDM avant d&#8217;aller \u00e0 la GRC.<\/strong><\/p>\n<hr \/>\n<p class=\"p4\"><span class=\"s2\"><strong>Formation et certification des entraineurs<\/strong><\/span><\/p>\n<p class=\"p4\">Voici un aper\u00e7u des ateliers auxquels vos b\u00e9n\u00e9voles et entraineurs devront participer au cours de la saison\u00a02024-2025:<\/p>\n<p class=\"p4\"><strong>Programme the Shift Forward &#8211; remplace le cours Dis-le et Respect dans le sport<\/strong><\/p>\n<p class=\"p4\">Tous les membres du personnel de banc et du personnel de glace \u00e2g\u00e9s de 16 ans ou plus et inscrits aupr\u00e8s de Hockey Nouveau-Brunswick doivent suivre le programme the Shift Forward en ligne.\u00a0 Le cours the Shift Forward est disponible \u00e0 <a href=\"https:\/\/register.hockeycanada.ca\/clinics\"><strong>https:\/\/register.hockeycanada.ca\/clinics<\/strong><\/a><\/p>\n<p class=\"p4\"><strong>Entraineur niveau 1 et 2<\/strong><\/p>\n<p class=\"p4\">Tous les entraineurs chefs et adjoints de niveau M7 et M9 doivent \u00eatre certifi\u00e9s selon les anciens volets \u00ab\u00a0introduction au m\u00e9tier d\u2019entraineur\u00a0\u00bb ou \u00ab\u00a0Entraineur\u00a0\u00bb ou selon l\u2019actuel \u00ab\u00a0Entraineur niveau 1 ou 2\u00a0\u00bb. Tous les entraineurs en chef et tous les entraineurs adjoints des \u00e9quipes M11 \u00e0 M18 (non AAA) doivent \u00eatre certifi\u00e9s du programme \u00ab\u00a0Entraineur niveau\u00a02\u00a0\u00bb.\u00a0 Les niveaux 1 et 2 incluent un cours en ligne et un cours en salle. Le volet en salle consiste en s\u00e9ances en classe et en s\u00e9ances sur glace. Pour vous inscrire allez au\u00a0<a href=\"https:\/\/register.hockeycanada.ca\/clinics\"><strong>https:\/\/register.hockeycanada.ca\/clinics<\/strong><\/a>\u00a0 et inscrivez vous au HU-Online Coach 1\/2 et au Coach 2 qui vous convient.<\/p>\n<p class=\"p4\"><strong><br \/>\nD\u00e9veloppement\u00a01<\/strong><\/p>\n<p class=\"p4\">Tous les entraineurs en chef et tous les entraineurs adjoints de hockey mineur D\u00e9veloppement AAA doivent suivre le cours D\u00e9veloppement\u00a01 du PNCE.<\/p>\n<p class=\"p4\"><strong>Programme de s\u00e9curit\u00e9 de Hockey Canada<\/strong><\/p>\n<p class=\"p4\">Toutes les \u00e9quipes de hockey mineur inscrites aupr\u00e8s de HNB doivent avoir un membre du personnel de banc qui a compl\u00e9t\u00e9\u00a0<strong>avec succ\u00e8s<\/strong>\u00a0le Programme de s\u00e9curit\u00e9 de Hockey Canada. Cette certification expire cinq ans apr\u00e8s la date du cours du programme de certification.<em>\u00a0<\/em>Le cours de s\u00e9curit\u00e9 de<em>\u00a0<\/em>Hockey Canada est disponible en ligne. Pour vous inscrire\u00a0:<a href=\"https:\/\/register.hockeycanada.ca\/clinics\"><strong>https:\/\/register.hockeycanada.ca\/clinics<\/strong><\/a>.<\/p>\n<p class=\"p4\"><em>Pour plus d&#8217;informations au sujet de la formation, de la certification\u00a0ou du processus de s\u00e9lection des entraineurs, communiquez avec le Directeur Technique.<\/em><\/p>\n","protected":false},"excerpt":{"rendered":"<p>INFORMATION POUR LES ENTRA\u00ceNEURS ET G\u00c9RANTS Acc\u00e8s aux exercices de Hockey Canada Pr\u00e9sentation sur les commotions c\u00e9r\u00e9brales Permis de voyage 2025-2026 Manuel des Entra\u00eeneurs et des G\u00e9rants Formulaire d&#8217;alignement(roster) Feuille por commanditaire HDM2025 Manuel politique s\u00e9curit\u00e9 sportif Politique d&#8217;examen des vid\u00e9os de HNB GUIDE d&#8217;\u00c9QUIPE 2025 2026 FR Formulaire De Mise En Candidature Pour Poste [&hellip;]<\/p>\n","protected":false},"author":473,"featured_media":0,"parent":0,"menu_order":0,"comment_status":"closed","ping_status":"closed","template":"","meta":{"_acf_changed":false,"footnotes":""},"class_list":["post-3561","page","type-page","status-publish","hentry"],"acf":[],"yoast_head":"<!-- This site is optimized with the Yoast SEO plugin v25.7 - https:\/\/yoast.com\/wordpress\/plugins\/seo\/ -->\n<title>Entra\u00eeneurs et G\u00e9rants - Hockey Dieppe Memramcook<\/title>\n<meta name=\"robots\" content=\"index, follow, max-snippet:-1, max-image-preview:large, max-video-preview:-1\" \/>\n<link rel=\"canonical\" href=\"https:\/\/hockeydieppememramcook.ca\/entraineurs-et-gerants\/\" \/>\n<meta property=\"og:locale\" content=\"en_US\" \/>\n<meta property=\"og:type\" content=\"article\" \/>\n<meta property=\"og:title\" content=\"Entra\u00eeneurs et G\u00e9rants - Hockey Dieppe Memramcook\" \/>\n<meta property=\"og:description\" content=\"INFORMATION POUR LES ENTRA\u00ceNEURS ET G\u00c9RANTS Acc\u00e8s aux exercices de Hockey Canada Pr\u00e9sentation sur les commotions c\u00e9r\u00e9brales Permis de voyage 2025-2026 Manuel des Entra\u00eeneurs et des G\u00e9rants Formulaire d&#8217;alignement(roster) Feuille por commanditaire HDM2025 Manuel politique s\u00e9curit\u00e9 sportif Politique d&#8217;examen des vid\u00e9os de HNB GUIDE d&#8217;\u00c9QUIPE 2025 2026 FR Formulaire De Mise En Candidature Pour Poste [&hellip;]\" \/>\n<meta property=\"og:url\" content=\"https:\/\/hockeydieppememramcook.ca\/entraineurs-et-gerants\/\" \/>\n<meta property=\"og:site_name\" content=\"Hockey Dieppe Memramcook\" \/>\n<meta property=\"article:modified_time\" content=\"2025-10-27T12:03:45+00:00\" \/>\n<meta property=\"og:image\" content=\"http:\/\/gsh-blanc.com\/data\/hdieppe\/images\/hdr_logo_drill_hub_f.png\" \/>\n<meta name=\"twitter:card\" content=\"summary_large_image\" \/>\n<meta name=\"twitter:label1\" content=\"Est. reading time\" \/>\n\t<meta name=\"twitter:data1\" content=\"3 minutes\" \/>\n<script type=\"application\/ld+json\" class=\"yoast-schema-graph\">{\"@context\":\"https:\/\/schema.org\",\"@graph\":[{\"@type\":\"WebPage\",\"@id\":\"https:\/\/hockeydieppememramcook.ca\/entraineurs-et-gerants\/\",\"url\":\"https:\/\/hockeydieppememramcook.ca\/entraineurs-et-gerants\/\",\"name\":\"Entra\u00eeneurs et G\u00e9rants - Hockey Dieppe Memramcook\",\"isPartOf\":{\"@id\":\"https:\/\/hockeydieppememramcook.ca\/#website\"},\"primaryImageOfPage\":{\"@id\":\"https:\/\/hockeydieppememramcook.ca\/entraineurs-et-gerants\/#primaryimage\"},\"image\":{\"@id\":\"https:\/\/hockeydieppememramcook.ca\/entraineurs-et-gerants\/#primaryimage\"},\"thumbnailUrl\":\"http:\/\/gsh-blanc.com\/data\/hdieppe\/images\/hdr_logo_drill_hub_f.png\",\"datePublished\":\"2022-07-14T14:19:24+00:00\",\"dateModified\":\"2025-10-27T12:03:45+00:00\",\"breadcrumb\":{\"@id\":\"https:\/\/hockeydieppememramcook.ca\/entraineurs-et-gerants\/#breadcrumb\"},\"inLanguage\":\"en-US\",\"potentialAction\":[{\"@type\":\"ReadAction\",\"target\":[\"https:\/\/hockeydieppememramcook.ca\/entraineurs-et-gerants\/\"]}]},{\"@type\":\"ImageObject\",\"inLanguage\":\"en-US\",\"@id\":\"https:\/\/hockeydieppememramcook.ca\/entraineurs-et-gerants\/#primaryimage\",\"url\":\"http:\/\/gsh-blanc.com\/data\/hdieppe\/images\/hdr_logo_drill_hub_f.png\",\"contentUrl\":\"http:\/\/gsh-blanc.com\/data\/hdieppe\/images\/hdr_logo_drill_hub_f.png\"},{\"@type\":\"BreadcrumbList\",\"@id\":\"https:\/\/hockeydieppememramcook.ca\/entraineurs-et-gerants\/#breadcrumb\",\"itemListElement\":[{\"@type\":\"ListItem\",\"position\":1,\"name\":\"Accueil\",\"item\":\"https:\/\/hockeydieppememramcook.ca\/en\/\"},{\"@type\":\"ListItem\",\"position\":2,\"name\":\"Entra\u00eeneurs et G\u00e9rants\"}]},{\"@type\":\"WebSite\",\"@id\":\"https:\/\/hockeydieppememramcook.ca\/#website\",\"url\":\"https:\/\/hockeydieppememramcook.ca\/\",\"name\":\"Hockey Dieppe Memramcook\",\"description\":\"Un site utilisant Les sites de Shark M\u00e9dia & Sport, template Slapshot\",\"potentialAction\":[{\"@type\":\"SearchAction\",\"target\":{\"@type\":\"EntryPoint\",\"urlTemplate\":\"https:\/\/hockeydieppememramcook.ca\/?s={search_term_string}\"},\"query-input\":{\"@type\":\"PropertyValueSpecification\",\"valueRequired\":true,\"valueName\":\"search_term_string\"}}],\"inLanguage\":\"en-US\"}]}<\/script>\n<!-- \/ Yoast SEO plugin. -->","yoast_head_json":{"title":"Entra\u00eeneurs et G\u00e9rants - Hockey Dieppe Memramcook","robots":{"index":"index","follow":"follow","max-snippet":"max-snippet:-1","max-image-preview":"max-image-preview:large","max-video-preview":"max-video-preview:-1"},"canonical":"https:\/\/hockeydieppememramcook.ca\/entraineurs-et-gerants\/","og_locale":"en_US","og_type":"article","og_title":"Entra\u00eeneurs et G\u00e9rants - Hockey Dieppe Memramcook","og_description":"INFORMATION POUR LES ENTRA\u00ceNEURS ET G\u00c9RANTS Acc\u00e8s aux exercices de Hockey Canada Pr\u00e9sentation sur les commotions c\u00e9r\u00e9brales Permis de voyage 2025-2026 Manuel des Entra\u00eeneurs et des G\u00e9rants Formulaire d&#8217;alignement(roster) Feuille por commanditaire HDM2025 Manuel politique s\u00e9curit\u00e9 sportif Politique d&#8217;examen des vid\u00e9os de HNB GUIDE d&#8217;\u00c9QUIPE 2025 2026 FR Formulaire De Mise En Candidature Pour Poste [&hellip;]","og_url":"https:\/\/hockeydieppememramcook.ca\/entraineurs-et-gerants\/","og_site_name":"Hockey Dieppe Memramcook","article_modified_time":"2025-10-27T12:03:45+00:00","og_image":[{"url":"http:\/\/gsh-blanc.com\/data\/hdieppe\/images\/hdr_logo_drill_hub_f.png","type":"","width":"","height":""}],"twitter_card":"summary_large_image","twitter_misc":{"Est. reading time":"3 minutes"},"schema":{"@context":"https:\/\/schema.org","@graph":[{"@type":"WebPage","@id":"https:\/\/hockeydieppememramcook.ca\/entraineurs-et-gerants\/","url":"https:\/\/hockeydieppememramcook.ca\/entraineurs-et-gerants\/","name":"Entra\u00eeneurs et G\u00e9rants - Hockey Dieppe Memramcook","isPartOf":{"@id":"https:\/\/hockeydieppememramcook.ca\/#website"},"primaryImageOfPage":{"@id":"https:\/\/hockeydieppememramcook.ca\/entraineurs-et-gerants\/#primaryimage"},"image":{"@id":"https:\/\/hockeydieppememramcook.ca\/entraineurs-et-gerants\/#primaryimage"},"thumbnailUrl":"http:\/\/gsh-blanc.com\/data\/hdieppe\/images\/hdr_logo_drill_hub_f.png","datePublished":"2022-07-14T14:19:24+00:00","dateModified":"2025-10-27T12:03:45+00:00","breadcrumb":{"@id":"https:\/\/hockeydieppememramcook.ca\/entraineurs-et-gerants\/#breadcrumb"},"inLanguage":"en-US","potentialAction":[{"@type":"ReadAction","target":["https:\/\/hockeydieppememramcook.ca\/entraineurs-et-gerants\/"]}]},{"@type":"ImageObject","inLanguage":"en-US","@id":"https:\/\/hockeydieppememramcook.ca\/entraineurs-et-gerants\/#primaryimage","url":"http:\/\/gsh-blanc.com\/data\/hdieppe\/images\/hdr_logo_drill_hub_f.png","contentUrl":"http:\/\/gsh-blanc.com\/data\/hdieppe\/images\/hdr_logo_drill_hub_f.png"},{"@type":"BreadcrumbList","@id":"https:\/\/hockeydieppememramcook.ca\/entraineurs-et-gerants\/#breadcrumb","itemListElement":[{"@type":"ListItem","position":1,"name":"Accueil","item":"https:\/\/hockeydieppememramcook.ca\/en\/"},{"@type":"ListItem","position":2,"name":"Entra\u00eeneurs et G\u00e9rants"}]},{"@type":"WebSite","@id":"https:\/\/hockeydieppememramcook.ca\/#website","url":"https:\/\/hockeydieppememramcook.ca\/","name":"Hockey Dieppe Memramcook","description":"Un site utilisant Les sites de Shark M\u00e9dia & Sport, template Slapshot","potentialAction":[{"@type":"SearchAction","target":{"@type":"EntryPoint","urlTemplate":"https:\/\/hockeydieppememramcook.ca\/?s={search_term_string}"},"query-input":{"@type":"PropertyValueSpecification","valueRequired":true,"valueName":"search_term_string"}}],"inLanguage":"en-US"}]}},"_links":{"self":[{"href":"https:\/\/hockeydieppememramcook.ca\/en\/wp-json\/wp\/v2\/pages\/3561","targetHints":{"allow":["GET"]}}],"collection":[{"href":"https:\/\/hockeydieppememramcook.ca\/en\/wp-json\/wp\/v2\/pages"}],"about":[{"href":"https:\/\/hockeydieppememramcook.ca\/en\/wp-json\/wp\/v2\/types\/page"}],"author":[{"embeddable":true,"href":"https:\/\/hockeydieppememramcook.ca\/en\/wp-json\/wp\/v2\/users\/473"}],"replies":[{"embeddable":true,"href":"https:\/\/hockeydieppememramcook.ca\/en\/wp-json\/wp\/v2\/comments?post=3561"}],"version-history":[{"count":23,"href":"https:\/\/hockeydieppememramcook.ca\/en\/wp-json\/wp\/v2\/pages\/3561\/revisions"}],"predecessor-version":[{"id":8142,"href":"https:\/\/hockeydieppememramcook.ca\/en\/wp-json\/wp\/v2\/pages\/3561\/revisions\/8142"}],"wp:attachment":[{"href":"https:\/\/hockeydieppememramcook.ca\/en\/wp-json\/wp\/v2\/media?parent=3561"}],"curies":[{"name":"wp","href":"https:\/\/api.w.org\/{rel}","templated":true}]}}