{"id":3539,"date":"2022-07-14T09:51:49","date_gmt":"2022-07-14T13:51:49","guid":{"rendered":"https:\/\/hockeydieppememramcook.sharkmediasport.com\/?page_id=3539"},"modified":"2026-03-11T09:17:13","modified_gmt":"2026-03-11T13:17:13","slug":"joueurs","status":"publish","type":"page","link":"https:\/\/hockeydieppememramcook.ca\/en\/membres\/joueurs\/","title":{"rendered":"Joueurs"},"content":{"rendered":"<p class=\"p1\"><strong>\u00c9cole de hockey pr\u00e9-saison<\/strong><\/p>\n<p class=\"p1\">Chaque saison, hockey Dieppe Memramcook offre un programme de d\u00e9veloppement pr\u00e9-saison avec des entra\u00eenements sur glace de qualit\u00e9 \u00e0 un prix tr\u00e8s abordable.<\/p>\n<p class=\"p1\">Ce programme sera encore offert pour la saison 2025-2026. \u00a0Les inscriptions sont ouvertes.<\/p>\n<p class=\"p1\">\u00c0 noter que ce programme se remplit tr\u00e8s vite.\u00a0 Les places sont limit\u00e9es.<\/p>\n<p class=\"p1\"><strong><a href=\"http:\/\/hockeydieppememramcook.ca\/wp-content\/uploads\/sites\/527\/2025\/09\/HORAIRE-PRE-SAISON-20252.pdf\" target=\"\">HORAIRE PR\u00c9-SAISON 2025<\/a><\/strong><\/p>\n<p class=\"p1\"><a href=\"https:\/\/page.spordle.com\/dieppe-memramcook-hockey-club\"><strong>ENREGISTREMENT<\/strong><\/a><\/p>\n<p class=\"p1\"><strong>Nouveau: Programme Petits Patins &#8211; durant la saison<\/strong><\/p>\n<p class=\"p1\">Nouveau programme d&#8217;apprentissage du patinage pour les 3 ans et plus.<\/p>\n<p class=\"p1\">Que ton futur soit hockey, ringuette, patinage artistique ou de vitesse, ou simplement patiner pour le plaisir, ce programme est pour toi!<\/p>\n<p class=\"p1\">Les journ\u00e9es des sessions serons d\u00e9termin\u00e9 prochainement.<\/p>\n<p class=\"p1\"><a href=\"https:\/\/page.spordle.com\/dieppe-memramcook-hockey-club\"><strong>ENREGISTREMENT<\/strong><\/a><\/p>\n<p class=\"p1\"><strong>Programme de d\u00e9veloppement de D\u00e9fenseur avec Serge Bourgeois<\/strong><\/p>\n<p class=\"p1\">HDM offre un camp qui s\u2019adresse aux joueurs qui veulent d\u00e9velopper leur technique de d\u00e9fenseur.<\/p>\n<p class=\"p1\">Le camp sp\u00e9cialis\u00e9 pour les d\u00e9fenseur sont pour les divisions: M9(2e ann\u00e9e), M11 et M13.<\/p>\n<p class=\"p1\">Les sessions sont les Jeudis une fois toute les 2 semaines.\u00a0 Il y a un total de 8 sessions de 1 heure.<\/p>\n<p>Durant ce camp, on va te permettre de parfaire tes habilet\u00e9s de patinage arri\u00e8re, de d\u00e9velopper les bonnes techniques d\u00e9fensives et offensives pour que tu puisses devenir un d\u00e9fenseur plus complet.<\/p>\n<ul>\n<li>Patin et d\u00e9part arri\u00e8re<\/li>\n<li>Agilit\u00e9 des pieds<\/li>\n<li>Pivots de transition<\/li>\n<li>1 contre 1<\/li>\n<li>Approche au porteur<\/li>\n<li>Sortie de zone<\/li>\n<li>Maniement de la rondelle<\/li>\n<li>Et beaucoup plus.<\/li>\n<\/ul>\n<p class=\"p1\"><a href=\"https:\/\/page.spordle.com\/dieppe-memramcook-hockey-club\"><strong>ENREGISTREMENT<\/strong><\/a><\/p>\n<p class=\"p1\"><strong>Programme de d\u00e9veloppement des habilet\u00e9s individuels (Jeudi soir)<\/strong><\/p>\n<p class=\"p1\">HDM offre \u00e0 ses membres un programme de d\u00e9veloppement des habilet\u00e9s individuels pour les niveaux M9 \u00e0 M13. \u00a0Ce programme sera dirig\u00e9 par Serge Bourgeois, ancien entraineurs des Aigles Bleus de l&#8217;universit\u00e9 de Moncton. \u00a0Ce programme consistera de 8 s\u00e9ances \u00e0 chaque 2 semaines commen\u00e7ant vers la fin Octobre et visera le d\u00e9veloppement du patin en examinant s\u00e9par\u00e9ment tous les \u00e9l\u00e9ments: l\u2019\u00e9quilibre, l\u2019agilit\u00e9, la foul\u00e9e, le d\u00e9part, l\u2019arr\u00eat, le virage puissant et le pas crois\u00e9. \u00a0Il visera aussi tous les \u00e9l\u00e9ments du contr\u00f4le de la rondelle: maniement, passe, tir, protection de la rondelle, feinte et jeu seul \u00e0 seul.<\/p>\n<p class=\"p1\">Les places sont limit\u00e9s donc ne tardez pas de vous inscrire.\u00a0 Le camp se d\u00e9roulera les Jeudis soirs de fin Octobre \u00e0 F\u00e9vrier.<\/p>\n<p class=\"p1\"><a href=\"https:\/\/page.spordle.com\/dieppe-memramcook-hockey-club\"><strong>ENREGISTREMENT<\/strong><\/a><\/p>\n<p class=\"p1\"><img loading=\"lazy\" decoding=\"async\" src=\"http:\/\/gsh-blanc.com\/data\/hdieppe\/images\/th-1.jpg\" alt=\"\" width=\"140\" height=\"140\" \/><\/p>\n<p class=\"p3\"><strong>Programme de hockey 3 contre 3 &#8211; Fin Mars et Avril 2026<\/strong><\/p>\n<p class=\"p1\">Hockey Dieppe-Memramcook offre son programme 3 contre 3 permettant ainsi aux jeunes de poursuivre leur saison durant le mois d\u2019avril.\u00a0<span class=\"Apple-converted-space\">\u00a0\u00a0<\/span>Le programme est offert aux jeunes inscrits au hockey mineur durant la saison dans les divisions M7 jusqu\u2019\u00e0 M18.<\/p>\n<p class=\"p1\">Le programme vise le d\u00e9veloppement des jeunes dans un environnement amusant.<span class=\"Apple-converted-space\">\u00a0\u00a0<\/span>Le concept du jeu \u00e0 3 contre 3 sur demi-glace fait en sorte que les jeunes ont \u00e0 r\u00e9agir plus rapidement ce qui augmente l\u2019intensit\u00e9 du jeu, favorise le jeu d\u2019\u00e9quipe, d\u00e9veloppe la cr\u00e9ativit\u00e9 et la rapidit\u00e9 d\u2019ex\u00e9cution.<span class=\"Apple-converted-space\">\u00a0\u00a0<\/span>Comme le dit si bien Tom Renney, ancien entraineur-chef des Oilers d\u2019Edmonton, \u00abReduce Space and Increase Pace\u00bb.<\/p>\n<p class=\"p1\">Le programme comprend un total de 10 s\u00e9ances d\u2019une dur\u00e9e de 60 minutes chacune. Le co\u00fbt est de 219 $ par participant et les inscriptions sont accept\u00e9es sur la base du premier pay\u00e9, premier confirm\u00e9.<span class=\"Apple-converted-space\">\u00a0\u00a0<\/span>Les places sont toutefois limit\u00e9es donc, ne tardez pas si vous pensez joindre le programme.<\/p>\n<p class=\"p1\">\u00c0 noter que les profits engendr\u00e9s par ce programme sont r\u00e9investis dans diverses initiatives de d\u00e9veloppement de Hockey Dieppe-Memramcook.<\/p>\n<p class=\"p1\"><a href=\"https:\/\/page.spordle.com\/dieppe-memramcook-hockey-club\"><strong>ENREGISTREMENT<\/strong><\/a><\/p>\n<p><strong><a href=\"http:\/\/hockeydieppememramcook.ca\/wp-content\/uploads\/sites\/527\/2026\/03\/Horaire-3x3-2026.pdf\" target=\"\">Horaire 3&#215;3 2026<\/a><\/strong><\/p>\n","protected":false},"excerpt":{"rendered":"<p>\u00c9cole de hockey pr\u00e9-saison Chaque saison, hockey Dieppe Memramcook offre un programme de d\u00e9veloppement pr\u00e9-saison avec des entra\u00eenements sur glace de qualit\u00e9 \u00e0 un prix tr\u00e8s abordable. Ce programme sera encore offert pour la saison 2025-2026. \u00a0Les inscriptions sont ouvertes. \u00c0 noter que ce programme se remplit tr\u00e8s vite.\u00a0 Les places sont limit\u00e9es. HORAIRE PR\u00c9-SAISON [&hellip;]<\/p>\n","protected":false},"author":473,"featured_media":0,"parent":3535,"menu_order":0,"comment_status":"closed","ping_status":"closed","template":"","meta":{"_acf_changed":false,"footnotes":""},"class_list":["post-3539","page","type-page","status-publish","hentry"],"acf":[],"yoast_head":"<!-- This site is optimized with the Yoast SEO plugin v25.7 - https:\/\/yoast.com\/wordpress\/plugins\/seo\/ -->\n<title>Joueurs - Hockey Dieppe Memramcook<\/title>\n<meta name=\"robots\" content=\"index, follow, max-snippet:-1, max-image-preview:large, max-video-preview:-1\" \/>\n<link rel=\"canonical\" href=\"https:\/\/hockeydieppememramcook.ca\/membres\/joueurs\/\" \/>\n<meta property=\"og:locale\" content=\"en_US\" \/>\n<meta property=\"og:type\" content=\"article\" \/>\n<meta property=\"og:title\" content=\"Joueurs - Hockey Dieppe Memramcook\" \/>\n<meta property=\"og:description\" content=\"\u00c9cole de hockey pr\u00e9-saison Chaque saison, hockey Dieppe Memramcook offre un programme de d\u00e9veloppement pr\u00e9-saison avec des entra\u00eenements sur glace de qualit\u00e9 \u00e0 un prix tr\u00e8s abordable. Ce programme sera encore offert pour la saison 2025-2026. \u00a0Les inscriptions sont ouvertes. \u00c0 noter que ce programme se remplit tr\u00e8s vite.\u00a0 Les places sont limit\u00e9es. HORAIRE PR\u00c9-SAISON [&hellip;]\" \/>\n<meta property=\"og:url\" content=\"https:\/\/hockeydieppememramcook.ca\/membres\/joueurs\/\" \/>\n<meta property=\"og:site_name\" content=\"Hockey Dieppe Memramcook\" \/>\n<meta property=\"article:modified_time\" content=\"2026-03-11T13:17:13+00:00\" \/>\n<meta property=\"og:image\" content=\"http:\/\/gsh-blanc.com\/data\/hdieppe\/images\/th-1.jpg\" \/>\n<meta name=\"twitter:card\" content=\"summary_large_image\" \/>\n<meta name=\"twitter:label1\" content=\"Est. reading time\" \/>\n\t<meta name=\"twitter:data1\" content=\"3 minutes\" \/>\n<script type=\"application\/ld+json\" class=\"yoast-schema-graph\">{\"@context\":\"https:\/\/schema.org\",\"@graph\":[{\"@type\":\"WebPage\",\"@id\":\"https:\/\/hockeydieppememramcook.ca\/membres\/joueurs\/\",\"url\":\"https:\/\/hockeydieppememramcook.ca\/membres\/joueurs\/\",\"name\":\"Joueurs - Hockey Dieppe Memramcook\",\"isPartOf\":{\"@id\":\"https:\/\/hockeydieppememramcook.ca\/#website\"},\"primaryImageOfPage\":{\"@id\":\"https:\/\/hockeydieppememramcook.ca\/membres\/joueurs\/#primaryimage\"},\"image\":{\"@id\":\"https:\/\/hockeydieppememramcook.ca\/membres\/joueurs\/#primaryimage\"},\"thumbnailUrl\":\"http:\/\/gsh-blanc.com\/data\/hdieppe\/images\/th-1.jpg\",\"datePublished\":\"2022-07-14T13:51:49+00:00\",\"dateModified\":\"2026-03-11T13:17:13+00:00\",\"breadcrumb\":{\"@id\":\"https:\/\/hockeydieppememramcook.ca\/membres\/joueurs\/#breadcrumb\"},\"inLanguage\":\"en-US\",\"potentialAction\":[{\"@type\":\"ReadAction\",\"target\":[\"https:\/\/hockeydieppememramcook.ca\/membres\/joueurs\/\"]}]},{\"@type\":\"ImageObject\",\"inLanguage\":\"en-US\",\"@id\":\"https:\/\/hockeydieppememramcook.ca\/membres\/joueurs\/#primaryimage\",\"url\":\"http:\/\/gsh-blanc.com\/data\/hdieppe\/images\/th-1.jpg\",\"contentUrl\":\"http:\/\/gsh-blanc.com\/data\/hdieppe\/images\/th-1.jpg\"},{\"@type\":\"BreadcrumbList\",\"@id\":\"https:\/\/hockeydieppememramcook.ca\/membres\/joueurs\/#breadcrumb\",\"itemListElement\":[{\"@type\":\"ListItem\",\"position\":1,\"name\":\"Accueil\",\"item\":\"https:\/\/hockeydieppememramcook.ca\/en\/\"},{\"@type\":\"ListItem\",\"position\":2,\"name\":\"Membres\",\"item\":\"https:\/\/hockeydieppememramcook.ca\/membres\/\"},{\"@type\":\"ListItem\",\"position\":3,\"name\":\"Joueurs\"}]},{\"@type\":\"WebSite\",\"@id\":\"https:\/\/hockeydieppememramcook.ca\/#website\",\"url\":\"https:\/\/hockeydieppememramcook.ca\/\",\"name\":\"Hockey Dieppe Memramcook\",\"description\":\"Un site utilisant Les sites de Shark M\u00e9dia & Sport, template Slapshot\",\"potentialAction\":[{\"@type\":\"SearchAction\",\"target\":{\"@type\":\"EntryPoint\",\"urlTemplate\":\"https:\/\/hockeydieppememramcook.ca\/?s={search_term_string}\"},\"query-input\":{\"@type\":\"PropertyValueSpecification\",\"valueRequired\":true,\"valueName\":\"search_term_string\"}}],\"inLanguage\":\"en-US\"}]}<\/script>\n<!-- \/ Yoast SEO plugin. -->","yoast_head_json":{"title":"Joueurs - Hockey Dieppe Memramcook","robots":{"index":"index","follow":"follow","max-snippet":"max-snippet:-1","max-image-preview":"max-image-preview:large","max-video-preview":"max-video-preview:-1"},"canonical":"https:\/\/hockeydieppememramcook.ca\/membres\/joueurs\/","og_locale":"en_US","og_type":"article","og_title":"Joueurs - Hockey Dieppe Memramcook","og_description":"\u00c9cole de hockey pr\u00e9-saison Chaque saison, hockey Dieppe Memramcook offre un programme de d\u00e9veloppement pr\u00e9-saison avec des entra\u00eenements sur glace de qualit\u00e9 \u00e0 un prix tr\u00e8s abordable. Ce programme sera encore offert pour la saison 2025-2026. \u00a0Les inscriptions sont ouvertes. \u00c0 noter que ce programme se remplit tr\u00e8s vite.\u00a0 Les places sont limit\u00e9es. HORAIRE PR\u00c9-SAISON [&hellip;]","og_url":"https:\/\/hockeydieppememramcook.ca\/membres\/joueurs\/","og_site_name":"Hockey Dieppe Memramcook","article_modified_time":"2026-03-11T13:17:13+00:00","og_image":[{"url":"http:\/\/gsh-blanc.com\/data\/hdieppe\/images\/th-1.jpg","type":"","width":"","height":""}],"twitter_card":"summary_large_image","twitter_misc":{"Est. reading time":"3 minutes"},"schema":{"@context":"https:\/\/schema.org","@graph":[{"@type":"WebPage","@id":"https:\/\/hockeydieppememramcook.ca\/membres\/joueurs\/","url":"https:\/\/hockeydieppememramcook.ca\/membres\/joueurs\/","name":"Joueurs - Hockey Dieppe Memramcook","isPartOf":{"@id":"https:\/\/hockeydieppememramcook.ca\/#website"},"primaryImageOfPage":{"@id":"https:\/\/hockeydieppememramcook.ca\/membres\/joueurs\/#primaryimage"},"image":{"@id":"https:\/\/hockeydieppememramcook.ca\/membres\/joueurs\/#primaryimage"},"thumbnailUrl":"http:\/\/gsh-blanc.com\/data\/hdieppe\/images\/th-1.jpg","datePublished":"2022-07-14T13:51:49+00:00","dateModified":"2026-03-11T13:17:13+00:00","breadcrumb":{"@id":"https:\/\/hockeydieppememramcook.ca\/membres\/joueurs\/#breadcrumb"},"inLanguage":"en-US","potentialAction":[{"@type":"ReadAction","target":["https:\/\/hockeydieppememramcook.ca\/membres\/joueurs\/"]}]},{"@type":"ImageObject","inLanguage":"en-US","@id":"https:\/\/hockeydieppememramcook.ca\/membres\/joueurs\/#primaryimage","url":"http:\/\/gsh-blanc.com\/data\/hdieppe\/images\/th-1.jpg","contentUrl":"http:\/\/gsh-blanc.com\/data\/hdieppe\/images\/th-1.jpg"},{"@type":"BreadcrumbList","@id":"https:\/\/hockeydieppememramcook.ca\/membres\/joueurs\/#breadcrumb","itemListElement":[{"@type":"ListItem","position":1,"name":"Accueil","item":"https:\/\/hockeydieppememramcook.ca\/en\/"},{"@type":"ListItem","position":2,"name":"Membres","item":"https:\/\/hockeydieppememramcook.ca\/membres\/"},{"@type":"ListItem","position":3,"name":"Joueurs"}]},{"@type":"WebSite","@id":"https:\/\/hockeydieppememramcook.ca\/#website","url":"https:\/\/hockeydieppememramcook.ca\/","name":"Hockey Dieppe Memramcook","description":"Un site utilisant Les sites de Shark M\u00e9dia & Sport, template Slapshot","potentialAction":[{"@type":"SearchAction","target":{"@type":"EntryPoint","urlTemplate":"https:\/\/hockeydieppememramcook.ca\/?s={search_term_string}"},"query-input":{"@type":"PropertyValueSpecification","valueRequired":true,"valueName":"search_term_string"}}],"inLanguage":"en-US"}]}},"_links":{"self":[{"href":"https:\/\/hockeydieppememramcook.ca\/en\/wp-json\/wp\/v2\/pages\/3539","targetHints":{"allow":["GET"]}}],"collection":[{"href":"https:\/\/hockeydieppememramcook.ca\/en\/wp-json\/wp\/v2\/pages"}],"about":[{"href":"https:\/\/hockeydieppememramcook.ca\/en\/wp-json\/wp\/v2\/types\/page"}],"author":[{"embeddable":true,"href":"https:\/\/hockeydieppememramcook.ca\/en\/wp-json\/wp\/v2\/users\/473"}],"replies":[{"embeddable":true,"href":"https:\/\/hockeydieppememramcook.ca\/en\/wp-json\/wp\/v2\/comments?post=3539"}],"version-history":[{"count":17,"href":"https:\/\/hockeydieppememramcook.ca\/en\/wp-json\/wp\/v2\/pages\/3539\/revisions"}],"predecessor-version":[{"id":8491,"href":"https:\/\/hockeydieppememramcook.ca\/en\/wp-json\/wp\/v2\/pages\/3539\/revisions\/8491"}],"up":[{"embeddable":true,"href":"https:\/\/hockeydieppememramcook.ca\/en\/wp-json\/wp\/v2\/pages\/3535"}],"wp:attachment":[{"href":"https:\/\/hockeydieppememramcook.ca\/en\/wp-json\/wp\/v2\/media?parent=3539"}],"curies":[{"name":"wp","href":"https:\/\/api.w.org\/{rel}","templated":true}]}}