{"id":3517,"date":"2022-07-13T10:50:55","date_gmt":"2022-07-13T14:50:55","guid":{"rendered":"https:\/\/hockeydieppememramcook.sharkmediasport.com\/?page_id=3517"},"modified":"2026-03-13T14:53:37","modified_gmt":"2026-03-13T18:53:37","slug":"horaires-des-parties","status":"publish","type":"page","link":"https:\/\/hockeydieppememramcook.ca\/en\/tournois\/horaires-des-parties\/","title":{"rendered":"R\u00e8glements des Tournois"},"content":{"rendered":"<p><a href=\"http:\/\/hockeydieppememramcook.ca\/wp-content\/uploads\/sites\/527\/2024\/06\/REGLEMENTS-DU-TOURNOI-U11-et-U13-rec.pdf\" target=\"\" rel=\"noopener\"><strong>R\u00c8GLEMENTS DU TOURNOI U11 Et U13 Rec<\/strong><\/a><\/p>\n<p><strong><a href=\"http:\/\/hockeydieppememramcook.ca\/wp-content\/uploads\/sites\/527\/2024\/11\/REGLEMENTS-DU-TOURNOI-M13-AAA.pdf\" target=\"\" rel=\"noopener\">R\u00c8GLEMENTS DU TOURNOI M13 AAA<\/a><\/strong><\/p>\n<p><strong><a href=\"http:\/\/hockeydieppememramcook.ca\/wp-content\/uploads\/sites\/527\/2024\/06\/REGLEMENTS-DU-TOURNOI-U11-et-U13-COMP.pdf\" target=\"\" rel=\"noopener\">R\u00c8GLEMENTS DU TOURNOI U11 Et U13 COMP<\/a><\/strong><\/p>\n<p><strong><a href=\"http:\/\/hockeydieppememramcook.ca\/wp-content\/uploads\/sites\/527\/2026\/01\/Reglements-U7-et-U9-version-2026.pdf\" target=\"\">R\u00c8GLEMENTS U7 Et U9<\/a><\/strong><\/p>\n<p><a href=\"http:\/\/hockeydieppememramcook.ca\/wp-content\/uploads\/sites\/527\/2024\/06\/REGLEMENTS-DU-TOURNOI-M15-M18.pdf\" target=\"\" rel=\"noopener\"><strong>R\u00c8GLEMENTS DU TOURNOI M15 M18<\/strong><\/a><\/p>\n<p><strong><a href=\"http:\/\/hockeydieppememramcook.ca\/wp-content\/uploads\/sites\/527\/2026\/03\/REGLEMENTS-DU-TOURNOI-M11-a-M18-Degel.pdf\" target=\"\">R\u00c8GLEMENTS DU TOURNOI M11 \u00e0 M18 D\u00e9gel<\/a><\/strong><\/p>\n","protected":false},"excerpt":{"rendered":"<p>R\u00c8GLEMENTS DU TOURNOI U11 Et U13 Rec R\u00c8GLEMENTS DU TOURNOI M13 AAA R\u00c8GLEMENTS DU TOURNOI U11 Et U13 COMP R\u00c8GLEMENTS U7 Et U9 R\u00c8GLEMENTS DU TOURNOI M15 M18 R\u00c8GLEMENTS DU TOURNOI M11 \u00e0 M18 D\u00e9gel<\/p>\n","protected":false},"author":473,"featured_media":0,"parent":3445,"menu_order":0,"comment_status":"closed","ping_status":"closed","template":"","meta":{"_acf_changed":false,"footnotes":""},"class_list":["post-3517","page","type-page","status-publish","hentry"],"acf":[],"yoast_head":"<!-- This site is optimized with the Yoast SEO plugin v25.7 - https:\/\/yoast.com\/wordpress\/plugins\/seo\/ -->\n<title>R\u00e8glements des Tournois - Hockey Dieppe Memramcook<\/title>\n<meta name=\"robots\" content=\"index, follow, max-snippet:-1, max-image-preview:large, max-video-preview:-1\" \/>\n<link rel=\"canonical\" href=\"https:\/\/hockeydieppememramcook.ca\/tournois\/horaires-des-parties\/\" \/>\n<meta property=\"og:locale\" content=\"en_US\" \/>\n<meta property=\"og:type\" content=\"article\" \/>\n<meta property=\"og:title\" content=\"R\u00e8glements des Tournois - Hockey Dieppe Memramcook\" \/>\n<meta property=\"og:description\" content=\"R\u00c8GLEMENTS DU TOURNOI U11 Et U13 Rec R\u00c8GLEMENTS DU TOURNOI M13 AAA R\u00c8GLEMENTS DU TOURNOI U11 Et U13 COMP R\u00c8GLEMENTS U7 Et U9 R\u00c8GLEMENTS DU TOURNOI M15 M18 R\u00c8GLEMENTS DU TOURNOI M11 \u00e0 M18 D\u00e9gel\" \/>\n<meta property=\"og:url\" content=\"https:\/\/hockeydieppememramcook.ca\/tournois\/horaires-des-parties\/\" \/>\n<meta property=\"og:site_name\" content=\"Hockey Dieppe Memramcook\" \/>\n<meta property=\"article:modified_time\" content=\"2026-03-13T18:53:37+00:00\" \/>\n<meta name=\"twitter:card\" content=\"summary_large_image\" \/>\n<meta name=\"twitter:label1\" content=\"Est. reading time\" \/>\n\t<meta name=\"twitter:data1\" content=\"1 minute\" \/>\n<script type=\"application\/ld+json\" class=\"yoast-schema-graph\">{\"@context\":\"https:\/\/schema.org\",\"@graph\":[{\"@type\":\"WebPage\",\"@id\":\"https:\/\/hockeydieppememramcook.ca\/tournois\/horaires-des-parties\/\",\"url\":\"https:\/\/hockeydieppememramcook.ca\/tournois\/horaires-des-parties\/\",\"name\":\"R\u00e8glements des Tournois - Hockey Dieppe Memramcook\",\"isPartOf\":{\"@id\":\"https:\/\/hockeydieppememramcook.ca\/#website\"},\"datePublished\":\"2022-07-13T14:50:55+00:00\",\"dateModified\":\"2026-03-13T18:53:37+00:00\",\"breadcrumb\":{\"@id\":\"https:\/\/hockeydieppememramcook.ca\/tournois\/horaires-des-parties\/#breadcrumb\"},\"inLanguage\":\"en-US\",\"potentialAction\":[{\"@type\":\"ReadAction\",\"target\":[\"https:\/\/hockeydieppememramcook.ca\/tournois\/horaires-des-parties\/\"]}]},{\"@type\":\"BreadcrumbList\",\"@id\":\"https:\/\/hockeydieppememramcook.ca\/tournois\/horaires-des-parties\/#breadcrumb\",\"itemListElement\":[{\"@type\":\"ListItem\",\"position\":1,\"name\":\"Accueil\",\"item\":\"https:\/\/hockeydieppememramcook.ca\/en\/\"},{\"@type\":\"ListItem\",\"position\":2,\"name\":\"Tournois\",\"item\":\"https:\/\/hockeydieppememramcook.ca\/tournois\/\"},{\"@type\":\"ListItem\",\"position\":3,\"name\":\"R\u00e8glements des Tournois\"}]},{\"@type\":\"WebSite\",\"@id\":\"https:\/\/hockeydieppememramcook.ca\/#website\",\"url\":\"https:\/\/hockeydieppememramcook.ca\/\",\"name\":\"Hockey Dieppe Memramcook\",\"description\":\"Un site utilisant Les sites de Shark M\u00e9dia & Sport, template Slapshot\",\"potentialAction\":[{\"@type\":\"SearchAction\",\"target\":{\"@type\":\"EntryPoint\",\"urlTemplate\":\"https:\/\/hockeydieppememramcook.ca\/?s={search_term_string}\"},\"query-input\":{\"@type\":\"PropertyValueSpecification\",\"valueRequired\":true,\"valueName\":\"search_term_string\"}}],\"inLanguage\":\"en-US\"}]}<\/script>\n<!-- \/ Yoast SEO plugin. -->","yoast_head_json":{"title":"R\u00e8glements des Tournois - Hockey Dieppe Memramcook","robots":{"index":"index","follow":"follow","max-snippet":"max-snippet:-1","max-image-preview":"max-image-preview:large","max-video-preview":"max-video-preview:-1"},"canonical":"https:\/\/hockeydieppememramcook.ca\/tournois\/horaires-des-parties\/","og_locale":"en_US","og_type":"article","og_title":"R\u00e8glements des Tournois - Hockey Dieppe Memramcook","og_description":"R\u00c8GLEMENTS DU TOURNOI U11 Et U13 Rec R\u00c8GLEMENTS DU TOURNOI M13 AAA R\u00c8GLEMENTS DU TOURNOI U11 Et U13 COMP R\u00c8GLEMENTS U7 Et U9 R\u00c8GLEMENTS DU TOURNOI M15 M18 R\u00c8GLEMENTS DU TOURNOI M11 \u00e0 M18 D\u00e9gel","og_url":"https:\/\/hockeydieppememramcook.ca\/tournois\/horaires-des-parties\/","og_site_name":"Hockey Dieppe Memramcook","article_modified_time":"2026-03-13T18:53:37+00:00","twitter_card":"summary_large_image","twitter_misc":{"Est. reading time":"1 minute"},"schema":{"@context":"https:\/\/schema.org","@graph":[{"@type":"WebPage","@id":"https:\/\/hockeydieppememramcook.ca\/tournois\/horaires-des-parties\/","url":"https:\/\/hockeydieppememramcook.ca\/tournois\/horaires-des-parties\/","name":"R\u00e8glements des Tournois - Hockey Dieppe Memramcook","isPartOf":{"@id":"https:\/\/hockeydieppememramcook.ca\/#website"},"datePublished":"2022-07-13T14:50:55+00:00","dateModified":"2026-03-13T18:53:37+00:00","breadcrumb":{"@id":"https:\/\/hockeydieppememramcook.ca\/tournois\/horaires-des-parties\/#breadcrumb"},"inLanguage":"en-US","potentialAction":[{"@type":"ReadAction","target":["https:\/\/hockeydieppememramcook.ca\/tournois\/horaires-des-parties\/"]}]},{"@type":"BreadcrumbList","@id":"https:\/\/hockeydieppememramcook.ca\/tournois\/horaires-des-parties\/#breadcrumb","itemListElement":[{"@type":"ListItem","position":1,"name":"Accueil","item":"https:\/\/hockeydieppememramcook.ca\/en\/"},{"@type":"ListItem","position":2,"name":"Tournois","item":"https:\/\/hockeydieppememramcook.ca\/tournois\/"},{"@type":"ListItem","position":3,"name":"R\u00e8glements des Tournois"}]},{"@type":"WebSite","@id":"https:\/\/hockeydieppememramcook.ca\/#website","url":"https:\/\/hockeydieppememramcook.ca\/","name":"Hockey Dieppe Memramcook","description":"Un site utilisant Les sites de Shark M\u00e9dia & Sport, template Slapshot","potentialAction":[{"@type":"SearchAction","target":{"@type":"EntryPoint","urlTemplate":"https:\/\/hockeydieppememramcook.ca\/?s={search_term_string}"},"query-input":{"@type":"PropertyValueSpecification","valueRequired":true,"valueName":"search_term_string"}}],"inLanguage":"en-US"}]}},"_links":{"self":[{"href":"https:\/\/hockeydieppememramcook.ca\/en\/wp-json\/wp\/v2\/pages\/3517","targetHints":{"allow":["GET"]}}],"collection":[{"href":"https:\/\/hockeydieppememramcook.ca\/en\/wp-json\/wp\/v2\/pages"}],"about":[{"href":"https:\/\/hockeydieppememramcook.ca\/en\/wp-json\/wp\/v2\/types\/page"}],"author":[{"embeddable":true,"href":"https:\/\/hockeydieppememramcook.ca\/en\/wp-json\/wp\/v2\/users\/473"}],"replies":[{"embeddable":true,"href":"https:\/\/hockeydieppememramcook.ca\/en\/wp-json\/wp\/v2\/comments?post=3517"}],"version-history":[{"count":10,"href":"https:\/\/hockeydieppememramcook.ca\/en\/wp-json\/wp\/v2\/pages\/3517\/revisions"}],"predecessor-version":[{"id":8513,"href":"https:\/\/hockeydieppememramcook.ca\/en\/wp-json\/wp\/v2\/pages\/3517\/revisions\/8513"}],"up":[{"embeddable":true,"href":"https:\/\/hockeydieppememramcook.ca\/en\/wp-json\/wp\/v2\/pages\/3445"}],"wp:attachment":[{"href":"https:\/\/hockeydieppememramcook.ca\/en\/wp-json\/wp\/v2\/media?parent=3517"}],"curies":[{"name":"wp","href":"https:\/\/api.w.org\/{rel}","templated":true}]}}