{"id":3471,"date":"2022-07-13T09:50:34","date_gmt":"2022-07-13T13:50:34","guid":{"rendered":"https:\/\/hockeydieppememramcook.sharkmediasport.com\/?page_id=3471"},"modified":"2025-08-29T10:13:33","modified_gmt":"2025-08-29T14:13:33","slug":"jamboree-m7-et-m9","status":"publish","type":"page","link":"https:\/\/hockeydieppememramcook.ca\/en\/inscription-2\/jamboree-m7-et-m9\/","title":{"rendered":"Inscription Jamboree M7 et M9"},"content":{"rendered":"<p><strong>DATES DES TOURNOIS 2025-2026<\/strong><\/p>\n<p><strong>R\u00c8GLES D&#8217;INSCRIPTION AU TOURNOI<\/strong><\/p>\n<ol>\n<li>Vous n&#8217;\u00eates pas inscrit \u00e0 notre tournoi tant que les frais d&#8217;inscription n&#8217;ont pas \u00e9t\u00e9 compl\u00e8tement pay\u00e9.<\/li>\n<li>Les frais d&#8217;inscription doivent \u00eatre compl\u00e8tement pay\u00e9 une semaine apr\u00e8s r\u00e9ception de votre inscription.<\/li>\n<li>Veuillez inscrire votre \u00e9quipe uniquement si vous pr\u00e9voyez de participer et non pas simplement pour conserver une place.<\/li>\n<li>Si vous annulez votre inscription plus d&#8217;un mois avant le d\u00e9but du tournoi, des frais administratifs de 100 $ seront retenus.<\/li>\n<li>Si vous annulez votre inscription moins d&#8217;un mois avant le d\u00e9but du tournoi, aucun remboursement ne sera effectu\u00e9.<\/li>\n<\/ol>\n<p>Appuyer sur le lien ce-bas de votre choix pour \u00eatre redirig\u00e9 vers l&#8217;enregistrement en ligne.<\/p>\n<p><a href=\"https:\/\/events.teamsnap.com\/events\/44045\/register\"><strong>M7 et M9 Jamboree &#8211; 7 et 8 F\u00e9vrier 2026<\/strong><\/a><\/p>\n","protected":false},"excerpt":{"rendered":"<p>DATES DES TOURNOIS 2025-2026 R\u00c8GLES D&#8217;INSCRIPTION AU TOURNOI Vous n&#8217;\u00eates pas inscrit \u00e0 notre tournoi tant que les frais d&#8217;inscription n&#8217;ont pas \u00e9t\u00e9 compl\u00e8tement pay\u00e9. Les frais d&#8217;inscription doivent \u00eatre compl\u00e8tement pay\u00e9 une semaine apr\u00e8s r\u00e9ception de votre inscription. Veuillez inscrire votre \u00e9quipe uniquement si vous pr\u00e9voyez de participer et non pas simplement pour conserver [&hellip;]<\/p>\n","protected":false},"author":473,"featured_media":0,"parent":3451,"menu_order":0,"comment_status":"closed","ping_status":"closed","template":"","meta":{"_acf_changed":false,"footnotes":""},"class_list":["post-3471","page","type-page","status-publish","hentry"],"acf":[],"yoast_head":"<!-- This site is optimized with the Yoast SEO plugin v25.7 - https:\/\/yoast.com\/wordpress\/plugins\/seo\/ -->\n<title>Inscription Jamboree M7 et M9 - Hockey Dieppe Memramcook<\/title>\n<meta name=\"robots\" content=\"index, follow, max-snippet:-1, max-image-preview:large, max-video-preview:-1\" \/>\n<link rel=\"canonical\" href=\"https:\/\/hockeydieppememramcook.ca\/inscription-2\/jamboree-m7-et-m9\/\" \/>\n<meta property=\"og:locale\" content=\"en_US\" \/>\n<meta property=\"og:type\" content=\"article\" \/>\n<meta property=\"og:title\" content=\"Inscription Jamboree M7 et M9 - Hockey Dieppe Memramcook\" \/>\n<meta property=\"og:description\" content=\"DATES DES TOURNOIS 2025-2026 R\u00c8GLES D&#8217;INSCRIPTION AU TOURNOI Vous n&#8217;\u00eates pas inscrit \u00e0 notre tournoi tant que les frais d&#8217;inscription n&#8217;ont pas \u00e9t\u00e9 compl\u00e8tement pay\u00e9. Les frais d&#8217;inscription doivent \u00eatre compl\u00e8tement pay\u00e9 une semaine apr\u00e8s r\u00e9ception de votre inscription. Veuillez inscrire votre \u00e9quipe uniquement si vous pr\u00e9voyez de participer et non pas simplement pour conserver [&hellip;]\" \/>\n<meta property=\"og:url\" content=\"https:\/\/hockeydieppememramcook.ca\/inscription-2\/jamboree-m7-et-m9\/\" \/>\n<meta property=\"og:site_name\" content=\"Hockey Dieppe Memramcook\" \/>\n<meta property=\"article:modified_time\" content=\"2025-08-29T14:13:33+00:00\" \/>\n<meta name=\"twitter:card\" content=\"summary_large_image\" \/>\n<meta name=\"twitter:label1\" content=\"Est. reading time\" \/>\n\t<meta name=\"twitter:data1\" content=\"1 minute\" \/>\n<script type=\"application\/ld+json\" class=\"yoast-schema-graph\">{\"@context\":\"https:\/\/schema.org\",\"@graph\":[{\"@type\":\"WebPage\",\"@id\":\"https:\/\/hockeydieppememramcook.ca\/inscription-2\/jamboree-m7-et-m9\/\",\"url\":\"https:\/\/hockeydieppememramcook.ca\/inscription-2\/jamboree-m7-et-m9\/\",\"name\":\"Inscription Jamboree M7 et M9 - Hockey Dieppe Memramcook\",\"isPartOf\":{\"@id\":\"https:\/\/hockeydieppememramcook.ca\/#website\"},\"datePublished\":\"2022-07-13T13:50:34+00:00\",\"dateModified\":\"2025-08-29T14:13:33+00:00\",\"breadcrumb\":{\"@id\":\"https:\/\/hockeydieppememramcook.ca\/inscription-2\/jamboree-m7-et-m9\/#breadcrumb\"},\"inLanguage\":\"en-US\",\"potentialAction\":[{\"@type\":\"ReadAction\",\"target\":[\"https:\/\/hockeydieppememramcook.ca\/inscription-2\/jamboree-m7-et-m9\/\"]}]},{\"@type\":\"BreadcrumbList\",\"@id\":\"https:\/\/hockeydieppememramcook.ca\/inscription-2\/jamboree-m7-et-m9\/#breadcrumb\",\"itemListElement\":[{\"@type\":\"ListItem\",\"position\":1,\"name\":\"Accueil\",\"item\":\"https:\/\/hockeydieppememramcook.ca\/en\/\"},{\"@type\":\"ListItem\",\"position\":2,\"name\":\"Inscription\",\"item\":\"https:\/\/hockeydieppememramcook.ca\/inscription-2\/\"},{\"@type\":\"ListItem\",\"position\":3,\"name\":\"Inscription Jamboree M7 et M9\"}]},{\"@type\":\"WebSite\",\"@id\":\"https:\/\/hockeydieppememramcook.ca\/#website\",\"url\":\"https:\/\/hockeydieppememramcook.ca\/\",\"name\":\"Hockey Dieppe Memramcook\",\"description\":\"Un site utilisant Les sites de Shark M\u00e9dia & Sport, template Slapshot\",\"potentialAction\":[{\"@type\":\"SearchAction\",\"target\":{\"@type\":\"EntryPoint\",\"urlTemplate\":\"https:\/\/hockeydieppememramcook.ca\/?s={search_term_string}\"},\"query-input\":{\"@type\":\"PropertyValueSpecification\",\"valueRequired\":true,\"valueName\":\"search_term_string\"}}],\"inLanguage\":\"en-US\"}]}<\/script>\n<!-- \/ Yoast SEO plugin. -->","yoast_head_json":{"title":"Inscription Jamboree M7 et M9 - Hockey Dieppe Memramcook","robots":{"index":"index","follow":"follow","max-snippet":"max-snippet:-1","max-image-preview":"max-image-preview:large","max-video-preview":"max-video-preview:-1"},"canonical":"https:\/\/hockeydieppememramcook.ca\/inscription-2\/jamboree-m7-et-m9\/","og_locale":"en_US","og_type":"article","og_title":"Inscription Jamboree M7 et M9 - Hockey Dieppe Memramcook","og_description":"DATES DES TOURNOIS 2025-2026 R\u00c8GLES D&#8217;INSCRIPTION AU TOURNOI Vous n&#8217;\u00eates pas inscrit \u00e0 notre tournoi tant que les frais d&#8217;inscription n&#8217;ont pas \u00e9t\u00e9 compl\u00e8tement pay\u00e9. Les frais d&#8217;inscription doivent \u00eatre compl\u00e8tement pay\u00e9 une semaine apr\u00e8s r\u00e9ception de votre inscription. Veuillez inscrire votre \u00e9quipe uniquement si vous pr\u00e9voyez de participer et non pas simplement pour conserver [&hellip;]","og_url":"https:\/\/hockeydieppememramcook.ca\/inscription-2\/jamboree-m7-et-m9\/","og_site_name":"Hockey Dieppe Memramcook","article_modified_time":"2025-08-29T14:13:33+00:00","twitter_card":"summary_large_image","twitter_misc":{"Est. reading time":"1 minute"},"schema":{"@context":"https:\/\/schema.org","@graph":[{"@type":"WebPage","@id":"https:\/\/hockeydieppememramcook.ca\/inscription-2\/jamboree-m7-et-m9\/","url":"https:\/\/hockeydieppememramcook.ca\/inscription-2\/jamboree-m7-et-m9\/","name":"Inscription Jamboree M7 et M9 - Hockey Dieppe Memramcook","isPartOf":{"@id":"https:\/\/hockeydieppememramcook.ca\/#website"},"datePublished":"2022-07-13T13:50:34+00:00","dateModified":"2025-08-29T14:13:33+00:00","breadcrumb":{"@id":"https:\/\/hockeydieppememramcook.ca\/inscription-2\/jamboree-m7-et-m9\/#breadcrumb"},"inLanguage":"en-US","potentialAction":[{"@type":"ReadAction","target":["https:\/\/hockeydieppememramcook.ca\/inscription-2\/jamboree-m7-et-m9\/"]}]},{"@type":"BreadcrumbList","@id":"https:\/\/hockeydieppememramcook.ca\/inscription-2\/jamboree-m7-et-m9\/#breadcrumb","itemListElement":[{"@type":"ListItem","position":1,"name":"Accueil","item":"https:\/\/hockeydieppememramcook.ca\/en\/"},{"@type":"ListItem","position":2,"name":"Inscription","item":"https:\/\/hockeydieppememramcook.ca\/inscription-2\/"},{"@type":"ListItem","position":3,"name":"Inscription Jamboree M7 et M9"}]},{"@type":"WebSite","@id":"https:\/\/hockeydieppememramcook.ca\/#website","url":"https:\/\/hockeydieppememramcook.ca\/","name":"Hockey Dieppe Memramcook","description":"Un site utilisant Les sites de Shark M\u00e9dia & Sport, template Slapshot","potentialAction":[{"@type":"SearchAction","target":{"@type":"EntryPoint","urlTemplate":"https:\/\/hockeydieppememramcook.ca\/?s={search_term_string}"},"query-input":{"@type":"PropertyValueSpecification","valueRequired":true,"valueName":"search_term_string"}}],"inLanguage":"en-US"}]}},"_links":{"self":[{"href":"https:\/\/hockeydieppememramcook.ca\/en\/wp-json\/wp\/v2\/pages\/3471","targetHints":{"allow":["GET"]}}],"collection":[{"href":"https:\/\/hockeydieppememramcook.ca\/en\/wp-json\/wp\/v2\/pages"}],"about":[{"href":"https:\/\/hockeydieppememramcook.ca\/en\/wp-json\/wp\/v2\/types\/page"}],"author":[{"embeddable":true,"href":"https:\/\/hockeydieppememramcook.ca\/en\/wp-json\/wp\/v2\/users\/473"}],"replies":[{"embeddable":true,"href":"https:\/\/hockeydieppememramcook.ca\/en\/wp-json\/wp\/v2\/comments?post=3471"}],"version-history":[{"count":7,"href":"https:\/\/hockeydieppememramcook.ca\/en\/wp-json\/wp\/v2\/pages\/3471\/revisions"}],"predecessor-version":[{"id":7476,"href":"https:\/\/hockeydieppememramcook.ca\/en\/wp-json\/wp\/v2\/pages\/3471\/revisions\/7476"}],"up":[{"embeddable":true,"href":"https:\/\/hockeydieppememramcook.ca\/en\/wp-json\/wp\/v2\/pages\/3451"}],"wp:attachment":[{"href":"https:\/\/hockeydieppememramcook.ca\/en\/wp-json\/wp\/v2\/media?parent=3471"}],"curies":[{"name":"wp","href":"https:\/\/api.w.org\/{rel}","templated":true}]}}