{"id":3451,"date":"2022-07-13T08:45:05","date_gmt":"2022-07-13T12:45:05","guid":{"rendered":"https:\/\/hockeydieppememramcook.sharkmediasport.com\/?page_id=3451"},"modified":"2024-07-03T10:31:57","modified_gmt":"2024-07-03T14:31:57","slug":"inscription-2","status":"publish","type":"page","link":"https:\/\/hockeydieppememramcook.ca\/en\/inscription-2\/","title":{"rendered":"Inscription"},"content":{"rendered":"<p><strong>Les\u00a0<a href=\"https:\/\/page.hockeycanada.ca\/page\/hc\/hnb\/district-6\/dieppe\/memramcook-hockey-club\">inscriptions<\/a>\u00a0pour la saison 2024-2025 sont ouverts.\u00a0 La date limite pour s&#8217;inscrire est le 15 Septembre 2024 pour \u00e9viter les frais de retard.<\/strong><\/p>\n<p><strong>Cette ann\u00e9e, Hockey Canada a am\u00e9lior\u00e9 son site web pour l\u2019enregistrement des joueurs, mais pour pouvoir y acc\u00e9der, il va falloir cr\u00e9er un nouveau compte.\u00a0 Voici les\u00a0<a title=\"Online registration steps.pdf (2.79 MB)\" href=\"http:\/\/gsh-blanc.com\/data\/hdieppe\/fichiers\/Online%20registration%20steps.pdf\">\u00e9tapes<\/a>\u00a0\u00e0 suivre si vous avez des probl\u00e8mes.<\/strong><\/p>\n<p><strong>Si vous \u00eates nouveau au hockey ou que vous avez d\u00e9m\u00e9nag\u00e9 \u00e0 Dieppe\/Memramcook, veuilez contacter Christian Boss\u00e9 au (506)382-9293 ou\u00a0<a href=\"mailto:christianbosse.hdm@gmail.com\">courriel<\/a><\/strong><\/p>\n<p>Vous recevrez un courriel avec votre c\u00e9dule des \u00e9valuations lorsque nous seront plus pr\u00e8s du d\u00e9but de la saison.<\/p>\n<p>Essais comp\u00e9titif <a href=\"http:\/\/hockeydieppememramcook.ca\/wp-content\/uploads\/sites\/527\/2024\/07\/U11-U13-U15-U18-guide-devaluation.pdf\" target=\"\" rel=\"noopener\">U11 U13 U15 U18 Guide D&#8217;\u00e9valuation<\/a> <a href=\"http:\/\/hockeydieppememramcook.ca\/wp-content\/uploads\/sites\/527\/2024\/07\/Evaluation-Competitif-HDMdrill-1.pdf\" target=\"\" rel=\"noopener\">Drill session 1)<\/a> <a href=\"http:\/\/hockeydieppememramcook.ca\/wp-content\/uploads\/sites\/527\/2024\/07\/Evaluation-1vs1-competitifdrill-2.pdf\" target=\"\" rel=\"noopener\">Drill session 2<\/a>\u00a0\u00a0<a href=\"http:\/\/hockeydieppememramcook.ca\/wp-content\/uploads\/sites\/527\/2024\/07\/Player-selection-guide-revise-2023-final-francais.pdf\" target=\"\" rel=\"noopener\">Guide S\u00e9lection des Joueurs<\/a><\/p>\n<p>Nous offrons aussi les diff\u00e9rents programmes suivants:<\/p>\n<p><a href=\"https:\/\/hockeydieppememramcook.ca\/membres\/joueurs\/\">Camp mise en \u00e9chec(Ao\u00fbt) &#8211; pour les 2e ann\u00e9e M13 et M15<\/a><\/p>\n<p><a href=\"http:\/\/hockeydieppememramcook.ca\/wp-content\/uploads\/sites\/527\/2024\/07\/Checking-Camp-Letter-schedule-August-2024.pdf\" target=\"\" rel=\"noopener\">Checking Camp Schedule August 2024<\/a><\/p>\n<p>&nbsp;<\/p>\n<p><a href=\"https:\/\/hockeydieppememramcook.ca\/membres\/joueurs\/\">Camp D\u00e9fenseurs(Ao\u00fbt)<\/a><\/p>\n<p><a href=\"http:\/\/hockeydieppememramcook.ca\/wp-content\/uploads\/sites\/527\/2024\/07\/Defenseman-Camp-Letter-schedule-August-2024.pdf\" target=\"\" rel=\"noopener\">C\u00e9dule camp D\u00e9fenseur Ao\u00fbt 2024<\/a><\/p>\n<p>&nbsp;<\/p>\n<p><a href=\"https:\/\/hockeydieppememramcook.ca\/membres\/joueurs\/\">\u00c9cole pr\u00e9-saison co-ed et f\u00e9minine<\/a><\/p>\n<p><a href=\"https:\/\/hockeydieppememramcook.ca\/membres\/joueurs\/\">Programme de d\u00e9fenseurs(durant la saison)<\/a><\/p>\n<p><a href=\"https:\/\/hockeydieppememramcook.ca\/membres\/joueurs\/\">Programme d&#8217;habilet\u00e9 d&#8217;hiver(durant la saison)<\/a><\/p>\n<p><a href=\"https:\/\/hockeydieppememramcook.ca\/membres\/joueurs\/\">Programme de gardiens(durant la saison)<\/a><\/p>\n<p><a href=\"https:\/\/hockeydieppememramcook.ca\/membres\/joueurs\/\">Programme Printemps 3 vs 3(Avril 2025)<\/a><\/p>\n","protected":false},"excerpt":{"rendered":"<p>Les\u00a0inscriptions\u00a0pour la saison 2024-2025 sont ouverts.\u00a0 La date limite pour s&#8217;inscrire est le 15 Septembre 2024 pour \u00e9viter les frais de retard. Cette ann\u00e9e, Hockey Canada a am\u00e9lior\u00e9 son site web pour l\u2019enregistrement des joueurs, mais pour pouvoir y acc\u00e9der, il va falloir cr\u00e9er un nouveau compte.\u00a0 Voici les\u00a0\u00e9tapes\u00a0\u00e0 suivre si vous avez des probl\u00e8mes. [&hellip;]<\/p>\n","protected":false},"author":473,"featured_media":0,"parent":0,"menu_order":0,"comment_status":"closed","ping_status":"closed","template":"","meta":{"_acf_changed":false,"footnotes":""},"class_list":["post-3451","page","type-page","status-publish","hentry"],"acf":[],"yoast_head":"<!-- This site is optimized with the Yoast SEO plugin v25.7 - https:\/\/yoast.com\/wordpress\/plugins\/seo\/ -->\n<title>Inscription - Hockey Dieppe Memramcook<\/title>\n<meta name=\"robots\" content=\"index, follow, max-snippet:-1, max-image-preview:large, max-video-preview:-1\" \/>\n<link rel=\"canonical\" href=\"https:\/\/hockeydieppememramcook.ca\/inscription-2\/\" \/>\n<meta property=\"og:locale\" content=\"en_US\" \/>\n<meta property=\"og:type\" content=\"article\" \/>\n<meta property=\"og:title\" content=\"Inscription - Hockey Dieppe Memramcook\" \/>\n<meta property=\"og:description\" content=\"Les\u00a0inscriptions\u00a0pour la saison 2024-2025 sont ouverts.\u00a0 La date limite pour s&#8217;inscrire est le 15 Septembre 2024 pour \u00e9viter les frais de retard. Cette ann\u00e9e, Hockey Canada a am\u00e9lior\u00e9 son site web pour l\u2019enregistrement des joueurs, mais pour pouvoir y acc\u00e9der, il va falloir cr\u00e9er un nouveau compte.\u00a0 Voici les\u00a0\u00e9tapes\u00a0\u00e0 suivre si vous avez des probl\u00e8mes. [&hellip;]\" \/>\n<meta property=\"og:url\" content=\"https:\/\/hockeydieppememramcook.ca\/inscription-2\/\" \/>\n<meta property=\"og:site_name\" content=\"Hockey Dieppe Memramcook\" \/>\n<meta property=\"article:modified_time\" content=\"2024-07-03T14:31:57+00:00\" \/>\n<meta name=\"twitter:card\" content=\"summary_large_image\" \/>\n<meta name=\"twitter:label1\" content=\"Est. reading time\" \/>\n\t<meta name=\"twitter:data1\" content=\"1 minute\" \/>\n<script type=\"application\/ld+json\" class=\"yoast-schema-graph\">{\"@context\":\"https:\/\/schema.org\",\"@graph\":[{\"@type\":\"WebPage\",\"@id\":\"https:\/\/hockeydieppememramcook.ca\/inscription-2\/\",\"url\":\"https:\/\/hockeydieppememramcook.ca\/inscription-2\/\",\"name\":\"Inscription - Hockey Dieppe Memramcook\",\"isPartOf\":{\"@id\":\"https:\/\/hockeydieppememramcook.ca\/#website\"},\"datePublished\":\"2022-07-13T12:45:05+00:00\",\"dateModified\":\"2024-07-03T14:31:57+00:00\",\"breadcrumb\":{\"@id\":\"https:\/\/hockeydieppememramcook.ca\/inscription-2\/#breadcrumb\"},\"inLanguage\":\"en-US\",\"potentialAction\":[{\"@type\":\"ReadAction\",\"target\":[\"https:\/\/hockeydieppememramcook.ca\/inscription-2\/\"]}]},{\"@type\":\"BreadcrumbList\",\"@id\":\"https:\/\/hockeydieppememramcook.ca\/inscription-2\/#breadcrumb\",\"itemListElement\":[{\"@type\":\"ListItem\",\"position\":1,\"name\":\"Accueil\",\"item\":\"https:\/\/hockeydieppememramcook.ca\/en\/\"},{\"@type\":\"ListItem\",\"position\":2,\"name\":\"Inscription\"}]},{\"@type\":\"WebSite\",\"@id\":\"https:\/\/hockeydieppememramcook.ca\/#website\",\"url\":\"https:\/\/hockeydieppememramcook.ca\/\",\"name\":\"Hockey Dieppe Memramcook\",\"description\":\"Un site utilisant Les sites de Shark M\u00e9dia & Sport, template Slapshot\",\"potentialAction\":[{\"@type\":\"SearchAction\",\"target\":{\"@type\":\"EntryPoint\",\"urlTemplate\":\"https:\/\/hockeydieppememramcook.ca\/?s={search_term_string}\"},\"query-input\":{\"@type\":\"PropertyValueSpecification\",\"valueRequired\":true,\"valueName\":\"search_term_string\"}}],\"inLanguage\":\"en-US\"}]}<\/script>\n<!-- \/ Yoast SEO plugin. -->","yoast_head_json":{"title":"Inscription - Hockey Dieppe Memramcook","robots":{"index":"index","follow":"follow","max-snippet":"max-snippet:-1","max-image-preview":"max-image-preview:large","max-video-preview":"max-video-preview:-1"},"canonical":"https:\/\/hockeydieppememramcook.ca\/inscription-2\/","og_locale":"en_US","og_type":"article","og_title":"Inscription - Hockey Dieppe Memramcook","og_description":"Les\u00a0inscriptions\u00a0pour la saison 2024-2025 sont ouverts.\u00a0 La date limite pour s&#8217;inscrire est le 15 Septembre 2024 pour \u00e9viter les frais de retard. Cette ann\u00e9e, Hockey Canada a am\u00e9lior\u00e9 son site web pour l\u2019enregistrement des joueurs, mais pour pouvoir y acc\u00e9der, il va falloir cr\u00e9er un nouveau compte.\u00a0 Voici les\u00a0\u00e9tapes\u00a0\u00e0 suivre si vous avez des probl\u00e8mes. [&hellip;]","og_url":"https:\/\/hockeydieppememramcook.ca\/inscription-2\/","og_site_name":"Hockey Dieppe Memramcook","article_modified_time":"2024-07-03T14:31:57+00:00","twitter_card":"summary_large_image","twitter_misc":{"Est. reading time":"1 minute"},"schema":{"@context":"https:\/\/schema.org","@graph":[{"@type":"WebPage","@id":"https:\/\/hockeydieppememramcook.ca\/inscription-2\/","url":"https:\/\/hockeydieppememramcook.ca\/inscription-2\/","name":"Inscription - Hockey Dieppe Memramcook","isPartOf":{"@id":"https:\/\/hockeydieppememramcook.ca\/#website"},"datePublished":"2022-07-13T12:45:05+00:00","dateModified":"2024-07-03T14:31:57+00:00","breadcrumb":{"@id":"https:\/\/hockeydieppememramcook.ca\/inscription-2\/#breadcrumb"},"inLanguage":"en-US","potentialAction":[{"@type":"ReadAction","target":["https:\/\/hockeydieppememramcook.ca\/inscription-2\/"]}]},{"@type":"BreadcrumbList","@id":"https:\/\/hockeydieppememramcook.ca\/inscription-2\/#breadcrumb","itemListElement":[{"@type":"ListItem","position":1,"name":"Accueil","item":"https:\/\/hockeydieppememramcook.ca\/en\/"},{"@type":"ListItem","position":2,"name":"Inscription"}]},{"@type":"WebSite","@id":"https:\/\/hockeydieppememramcook.ca\/#website","url":"https:\/\/hockeydieppememramcook.ca\/","name":"Hockey Dieppe Memramcook","description":"Un site utilisant Les sites de Shark M\u00e9dia & Sport, template Slapshot","potentialAction":[{"@type":"SearchAction","target":{"@type":"EntryPoint","urlTemplate":"https:\/\/hockeydieppememramcook.ca\/?s={search_term_string}"},"query-input":{"@type":"PropertyValueSpecification","valueRequired":true,"valueName":"search_term_string"}}],"inLanguage":"en-US"}]}},"_links":{"self":[{"href":"https:\/\/hockeydieppememramcook.ca\/en\/wp-json\/wp\/v2\/pages\/3451","targetHints":{"allow":["GET"]}}],"collection":[{"href":"https:\/\/hockeydieppememramcook.ca\/en\/wp-json\/wp\/v2\/pages"}],"about":[{"href":"https:\/\/hockeydieppememramcook.ca\/en\/wp-json\/wp\/v2\/types\/page"}],"author":[{"embeddable":true,"href":"https:\/\/hockeydieppememramcook.ca\/en\/wp-json\/wp\/v2\/users\/473"}],"replies":[{"embeddable":true,"href":"https:\/\/hockeydieppememramcook.ca\/en\/wp-json\/wp\/v2\/comments?post=3451"}],"version-history":[{"count":8,"href":"https:\/\/hockeydieppememramcook.ca\/en\/wp-json\/wp\/v2\/pages\/3451\/revisions"}],"predecessor-version":[{"id":5795,"href":"https:\/\/hockeydieppememramcook.ca\/en\/wp-json\/wp\/v2\/pages\/3451\/revisions\/5795"}],"wp:attachment":[{"href":"https:\/\/hockeydieppememramcook.ca\/en\/wp-json\/wp\/v2\/media?parent=3451"}],"curies":[{"name":"wp","href":"https:\/\/api.w.org\/{rel}","templated":true}]}}