{"id":3027,"date":"2022-07-11T09:19:04","date_gmt":"2022-07-11T13:19:04","guid":{"rendered":"https:\/\/hockeydieppememramcook.sharkmediasport.com\/?page_id=3027"},"modified":"2024-06-28T16:13:40","modified_gmt":"2024-06-28T20:13:40","slug":"reunion-2021","status":"publish","type":"page","link":"https:\/\/hockeydieppememramcook.ca\/en\/association\/reunions-du-ca\/reunion-2021\/","title":{"rendered":"R\u00e9union 2021"},"content":{"rendered":"<p><a href=\"http:\/\/hockeydieppememramcook.ca\/wp-content\/uploads\/sites\/527\/2022\/07\/PV10JAN21.pdf\" target=\"\" rel=\"noopener\">PV10 Janvier 2021<\/a><\/p>\n<p><a href=\"http:\/\/hockeydieppememramcook.ca\/wp-content\/uploads\/sites\/527\/2022\/07\/PV22FEV21-1.pdf\" target=\"\" rel=\"noopener\">PV 22 F\u00e9vrier 2021<\/a><\/p>\n<p><a href=\"http:\/\/hockeydieppememramcook.ca\/wp-content\/uploads\/sites\/527\/2022\/07\/PV22MR21.pdf\" target=\"\" rel=\"noopener\">PV 22 Mars 2021<\/a><\/p>\n<p><a href=\"http:\/\/hockeydieppememramcook.ca\/wp-content\/uploads\/sites\/527\/2022\/07\/PV19AV21.pdf\" target=\"\" rel=\"noopener\">PV 19 Avril 2021<\/a><\/p>\n<p><a href=\"http:\/\/hockeydieppememramcook.ca\/wp-content\/uploads\/sites\/527\/2022\/07\/PV31mai2021.pdf\" target=\"\" rel=\"noopener\">PV 31 Mai 2021<\/a><\/p>\n<p><a href=\"http:\/\/hockeydieppememramcook.ca\/wp-content\/uploads\/sites\/527\/2022\/07\/PV-AGA-2021.pdf\" target=\"\" rel=\"noopener\">PV AGA 2021<\/a><\/p>\n<p><a href=\"http:\/\/hockeydieppememramcook.ca\/wp-content\/uploads\/sites\/527\/2022\/07\/ProcesVerbal-Juin-2021.pdf\" target=\"\" rel=\"noopener\">PV Juin 2021<\/a><\/p>\n<p><a href=\"http:\/\/hockeydieppememramcook.ca\/wp-content\/uploads\/sites\/527\/2022\/07\/PV22AU2021.pdf\" target=\"\" rel=\"noopener\">PV 22 Ao\u00fbt 2021<\/a><\/p>\n<p><a href=\"http:\/\/hockeydieppememramcook.ca\/wp-content\/uploads\/sites\/527\/2022\/07\/PV_19SEPT2021.pdf\" target=\"\" rel=\"noopener\">PV 19 Septembre 2021<\/a><\/p>\n<p><a href=\"http:\/\/hockeydieppememramcook.ca\/wp-content\/uploads\/sites\/527\/2022\/07\/PV-11OCT2021-2.pdf\" target=\"\" rel=\"noopener\">PV 11 Octobre 2021<\/a><\/p>\n<p><a href=\"http:\/\/hockeydieppememramcook.ca\/wp-content\/uploads\/sites\/527\/2022\/07\/PV-28NOV2021.docx.pdf\" target=\"\" rel=\"noopener\">PV 28 Novembre 2021.docx<\/a><\/p>\n","protected":false},"excerpt":{"rendered":"<p>PV10 Janvier 2021 PV 22 F\u00e9vrier 2021 PV 22 Mars 2021 PV 19 Avril 2021 PV 31 Mai 2021 PV AGA 2021 PV Juin 2021 PV 22 Ao\u00fbt 2021 PV 19 Septembre 2021 PV 11 Octobre 2021 PV 28 Novembre 2021.docx<\/p>\n","protected":false},"author":473,"featured_media":0,"parent":2867,"menu_order":0,"comment_status":"closed","ping_status":"closed","template":"","meta":{"_acf_changed":false,"footnotes":""},"class_list":["post-3027","page","type-page","status-publish","hentry"],"acf":[],"yoast_head":"<!-- This site is optimized with the Yoast SEO plugin v25.7 - https:\/\/yoast.com\/wordpress\/plugins\/seo\/ -->\n<title>R\u00e9union 2021 - Hockey Dieppe Memramcook<\/title>\n<meta name=\"robots\" content=\"index, follow, max-snippet:-1, max-image-preview:large, max-video-preview:-1\" \/>\n<link rel=\"canonical\" href=\"https:\/\/hockeydieppememramcook.ca\/association\/reunions-du-ca\/reunion-2021\/\" \/>\n<meta property=\"og:locale\" content=\"en_US\" \/>\n<meta property=\"og:type\" content=\"article\" \/>\n<meta property=\"og:title\" content=\"R\u00e9union 2021 - Hockey Dieppe Memramcook\" \/>\n<meta property=\"og:description\" content=\"PV10 Janvier 2021 PV 22 F\u00e9vrier 2021 PV 22 Mars 2021 PV 19 Avril 2021 PV 31 Mai 2021 PV AGA 2021 PV Juin 2021 PV 22 Ao\u00fbt 2021 PV 19 Septembre 2021 PV 11 Octobre 2021 PV 28 Novembre 2021.docx\" \/>\n<meta property=\"og:url\" content=\"https:\/\/hockeydieppememramcook.ca\/association\/reunions-du-ca\/reunion-2021\/\" \/>\n<meta property=\"og:site_name\" content=\"Hockey Dieppe Memramcook\" \/>\n<meta property=\"article:modified_time\" content=\"2024-06-28T20:13:40+00:00\" \/>\n<meta name=\"twitter:card\" content=\"summary_large_image\" \/>\n<meta name=\"twitter:label1\" content=\"Est. reading time\" \/>\n\t<meta name=\"twitter:data1\" content=\"1 minute\" \/>\n<script type=\"application\/ld+json\" class=\"yoast-schema-graph\">{\"@context\":\"https:\/\/schema.org\",\"@graph\":[{\"@type\":\"WebPage\",\"@id\":\"https:\/\/hockeydieppememramcook.ca\/association\/reunions-du-ca\/reunion-2021\/\",\"url\":\"https:\/\/hockeydieppememramcook.ca\/association\/reunions-du-ca\/reunion-2021\/\",\"name\":\"R\u00e9union 2021 - Hockey Dieppe Memramcook\",\"isPartOf\":{\"@id\":\"https:\/\/hockeydieppememramcook.ca\/#website\"},\"datePublished\":\"2022-07-11T13:19:04+00:00\",\"dateModified\":\"2024-06-28T20:13:40+00:00\",\"breadcrumb\":{\"@id\":\"https:\/\/hockeydieppememramcook.ca\/association\/reunions-du-ca\/reunion-2021\/#breadcrumb\"},\"inLanguage\":\"en-US\",\"potentialAction\":[{\"@type\":\"ReadAction\",\"target\":[\"https:\/\/hockeydieppememramcook.ca\/association\/reunions-du-ca\/reunion-2021\/\"]}]},{\"@type\":\"BreadcrumbList\",\"@id\":\"https:\/\/hockeydieppememramcook.ca\/association\/reunions-du-ca\/reunion-2021\/#breadcrumb\",\"itemListElement\":[{\"@type\":\"ListItem\",\"position\":1,\"name\":\"Accueil\",\"item\":\"https:\/\/hockeydieppememramcook.ca\/en\/\"},{\"@type\":\"ListItem\",\"position\":2,\"name\":\"Association\",\"item\":\"https:\/\/hockeydieppememramcook.ca\/association\/\"},{\"@type\":\"ListItem\",\"position\":3,\"name\":\"R\u00e9unions du CA\",\"item\":\"https:\/\/hockeydieppememramcook.ca\/association\/reunions-du-ca\/\"},{\"@type\":\"ListItem\",\"position\":4,\"name\":\"R\u00e9union 2021\"}]},{\"@type\":\"WebSite\",\"@id\":\"https:\/\/hockeydieppememramcook.ca\/#website\",\"url\":\"https:\/\/hockeydieppememramcook.ca\/\",\"name\":\"Hockey Dieppe Memramcook\",\"description\":\"Un site utilisant Les sites de Shark M\u00e9dia & Sport, template Slapshot\",\"potentialAction\":[{\"@type\":\"SearchAction\",\"target\":{\"@type\":\"EntryPoint\",\"urlTemplate\":\"https:\/\/hockeydieppememramcook.ca\/?s={search_term_string}\"},\"query-input\":{\"@type\":\"PropertyValueSpecification\",\"valueRequired\":true,\"valueName\":\"search_term_string\"}}],\"inLanguage\":\"en-US\"}]}<\/script>\n<!-- \/ Yoast SEO plugin. -->","yoast_head_json":{"title":"R\u00e9union 2021 - Hockey Dieppe Memramcook","robots":{"index":"index","follow":"follow","max-snippet":"max-snippet:-1","max-image-preview":"max-image-preview:large","max-video-preview":"max-video-preview:-1"},"canonical":"https:\/\/hockeydieppememramcook.ca\/association\/reunions-du-ca\/reunion-2021\/","og_locale":"en_US","og_type":"article","og_title":"R\u00e9union 2021 - Hockey Dieppe Memramcook","og_description":"PV10 Janvier 2021 PV 22 F\u00e9vrier 2021 PV 22 Mars 2021 PV 19 Avril 2021 PV 31 Mai 2021 PV AGA 2021 PV Juin 2021 PV 22 Ao\u00fbt 2021 PV 19 Septembre 2021 PV 11 Octobre 2021 PV 28 Novembre 2021.docx","og_url":"https:\/\/hockeydieppememramcook.ca\/association\/reunions-du-ca\/reunion-2021\/","og_site_name":"Hockey Dieppe Memramcook","article_modified_time":"2024-06-28T20:13:40+00:00","twitter_card":"summary_large_image","twitter_misc":{"Est. reading time":"1 minute"},"schema":{"@context":"https:\/\/schema.org","@graph":[{"@type":"WebPage","@id":"https:\/\/hockeydieppememramcook.ca\/association\/reunions-du-ca\/reunion-2021\/","url":"https:\/\/hockeydieppememramcook.ca\/association\/reunions-du-ca\/reunion-2021\/","name":"R\u00e9union 2021 - Hockey Dieppe Memramcook","isPartOf":{"@id":"https:\/\/hockeydieppememramcook.ca\/#website"},"datePublished":"2022-07-11T13:19:04+00:00","dateModified":"2024-06-28T20:13:40+00:00","breadcrumb":{"@id":"https:\/\/hockeydieppememramcook.ca\/association\/reunions-du-ca\/reunion-2021\/#breadcrumb"},"inLanguage":"en-US","potentialAction":[{"@type":"ReadAction","target":["https:\/\/hockeydieppememramcook.ca\/association\/reunions-du-ca\/reunion-2021\/"]}]},{"@type":"BreadcrumbList","@id":"https:\/\/hockeydieppememramcook.ca\/association\/reunions-du-ca\/reunion-2021\/#breadcrumb","itemListElement":[{"@type":"ListItem","position":1,"name":"Accueil","item":"https:\/\/hockeydieppememramcook.ca\/en\/"},{"@type":"ListItem","position":2,"name":"Association","item":"https:\/\/hockeydieppememramcook.ca\/association\/"},{"@type":"ListItem","position":3,"name":"R\u00e9unions du CA","item":"https:\/\/hockeydieppememramcook.ca\/association\/reunions-du-ca\/"},{"@type":"ListItem","position":4,"name":"R\u00e9union 2021"}]},{"@type":"WebSite","@id":"https:\/\/hockeydieppememramcook.ca\/#website","url":"https:\/\/hockeydieppememramcook.ca\/","name":"Hockey Dieppe Memramcook","description":"Un site utilisant Les sites de Shark M\u00e9dia & Sport, template Slapshot","potentialAction":[{"@type":"SearchAction","target":{"@type":"EntryPoint","urlTemplate":"https:\/\/hockeydieppememramcook.ca\/?s={search_term_string}"},"query-input":{"@type":"PropertyValueSpecification","valueRequired":true,"valueName":"search_term_string"}}],"inLanguage":"en-US"}]}},"_links":{"self":[{"href":"https:\/\/hockeydieppememramcook.ca\/en\/wp-json\/wp\/v2\/pages\/3027","targetHints":{"allow":["GET"]}}],"collection":[{"href":"https:\/\/hockeydieppememramcook.ca\/en\/wp-json\/wp\/v2\/pages"}],"about":[{"href":"https:\/\/hockeydieppememramcook.ca\/en\/wp-json\/wp\/v2\/types\/page"}],"author":[{"embeddable":true,"href":"https:\/\/hockeydieppememramcook.ca\/en\/wp-json\/wp\/v2\/users\/473"}],"replies":[{"embeddable":true,"href":"https:\/\/hockeydieppememramcook.ca\/en\/wp-json\/wp\/v2\/comments?post=3027"}],"version-history":[{"count":5,"href":"https:\/\/hockeydieppememramcook.ca\/en\/wp-json\/wp\/v2\/pages\/3027\/revisions"}],"predecessor-version":[{"id":5545,"href":"https:\/\/hockeydieppememramcook.ca\/en\/wp-json\/wp\/v2\/pages\/3027\/revisions\/5545"}],"up":[{"embeddable":true,"href":"https:\/\/hockeydieppememramcook.ca\/en\/wp-json\/wp\/v2\/pages\/2867"}],"wp:attachment":[{"href":"https:\/\/hockeydieppememramcook.ca\/en\/wp-json\/wp\/v2\/media?parent=3027"}],"curies":[{"name":"wp","href":"https:\/\/api.w.org\/{rel}","templated":true}]}}