{"id":3001,"date":"2022-07-11T09:09:14","date_gmt":"2022-07-11T13:09:14","guid":{"rendered":"https:\/\/hockeydieppememramcook.sharkmediasport.com\/?page_id=3001"},"modified":"2024-06-28T16:05:16","modified_gmt":"2024-06-28T20:05:16","slug":"reunion-2017","status":"publish","type":"page","link":"https:\/\/hockeydieppememramcook.ca\/en\/association\/reunions-du-ca\/reunion-2017\/","title":{"rendered":"R\u00e9union 2017"},"content":{"rendered":"<p><a href=\"http:\/\/hockeydieppememramcook.ca\/wp-content\/uploads\/sites\/527\/2022\/07\/Proces-verbal-15-janvier.pdf\" target=\"\" rel=\"noopener\">Proc\u00e8s Verbal 15 Janvier 2017<\/a><\/p>\n<p><a href=\"http:\/\/hockeydieppememramcook.ca\/wp-content\/uploads\/sites\/527\/2022\/07\/Proces-verbal-4-avril.pdf\" target=\"\" rel=\"noopener\">Proc\u00e8s Verbal 4 Avril 2017<\/a><\/p>\n<p><a href=\"http:\/\/hockeydieppememramcook.ca\/wp-content\/uploads\/sites\/527\/2022\/07\/Proces-verbal-18-avril-2017.pdf\" target=\"\" rel=\"noopener\">Proc\u00e8s Verbal 18 Avril 2017<\/a><\/p>\n<p><a href=\"http:\/\/hockeydieppememramcook.ca\/wp-content\/uploads\/sites\/527\/2022\/07\/Proces-verbal-AGA-15-mai-2017.pdf\" target=\"\" rel=\"noopener\">Proces Verbal AGA 15 Mai 2017<\/a><\/p>\n<p><a href=\"http:\/\/hockeydieppememramcook.ca\/wp-content\/uploads\/sites\/527\/2022\/07\/Proces-verbal-28-mai-2017.pdf\" target=\"\" rel=\"noopener\">Proc\u00e8s Verbal 28 Mai 2017<\/a><\/p>\n<p><a href=\"http:\/\/hockeydieppememramcook.ca\/wp-content\/uploads\/sites\/527\/2022\/07\/Proces-verbal-29-juin-2017.pdf\" target=\"\" rel=\"noopener\">Proc\u00e8s Verbal 29 Juin 2017<\/a><\/p>\n<p><a href=\"http:\/\/hockeydieppememramcook.ca\/wp-content\/uploads\/sites\/527\/2022\/07\/Proces-verbal-21-aout-2017.pdf\" target=\"\" rel=\"noopener\">Proc\u00e8s Verbal 21 Ao\u00fbt 2017<\/a><\/p>\n<p><a href=\"http:\/\/hockeydieppememramcook.ca\/wp-content\/uploads\/sites\/527\/2022\/07\/Proces-verbal-7-Septembre-2017.pdf\" target=\"\" rel=\"noopener\">Proc\u00e8s Verbal 7 Septembre 2017<\/a><\/p>\n<p><a href=\"http:\/\/hockeydieppememramcook.ca\/wp-content\/uploads\/sites\/527\/2022\/07\/Proces-verbal-1-octobre-2017.pdf\" target=\"\" rel=\"noopener\">Proc\u00e8s Verbal 1 Octobre 2017<\/a><\/p>\n<p><a href=\"http:\/\/hockeydieppememramcook.ca\/wp-content\/uploads\/sites\/527\/2022\/07\/Proces-verbal-9-octobre-2017.pdf\" target=\"\" rel=\"noopener\">Proc\u00e8s Verbal 9 Octobre 2017<\/a><\/p>\n<p><a href=\"http:\/\/hockeydieppememramcook.ca\/wp-content\/uploads\/sites\/527\/2022\/07\/Proces-verbal-26-octobre.pdf\" target=\"\" rel=\"noopener\">Proc\u00e8s Verbal 26 Octobre 2017<\/a><\/p>\n<p><a href=\"http:\/\/hockeydieppememramcook.ca\/wp-content\/uploads\/sites\/527\/2022\/07\/PV-26-novembre-2017.pdf\" target=\"\" rel=\"noopener\">PV 26 Novembre 2017<\/a><\/p>\n","protected":false},"excerpt":{"rendered":"<p>Proc\u00e8s Verbal 15 Janvier 2017 Proc\u00e8s Verbal 4 Avril 2017 Proc\u00e8s Verbal 18 Avril 2017 Proces Verbal AGA 15 Mai 2017 Proc\u00e8s Verbal 28 Mai 2017 Proc\u00e8s Verbal 29 Juin 2017 Proc\u00e8s Verbal 21 Ao\u00fbt 2017 Proc\u00e8s Verbal 7 Septembre 2017 Proc\u00e8s Verbal 1 Octobre 2017 Proc\u00e8s Verbal 9 Octobre 2017 Proc\u00e8s Verbal 26 Octobre [&hellip;]<\/p>\n","protected":false},"author":473,"featured_media":0,"parent":2867,"menu_order":0,"comment_status":"closed","ping_status":"closed","template":"","meta":{"_acf_changed":false,"footnotes":""},"class_list":["post-3001","page","type-page","status-publish","hentry"],"acf":[],"yoast_head":"<!-- This site is optimized with the Yoast SEO plugin v25.7 - https:\/\/yoast.com\/wordpress\/plugins\/seo\/ -->\n<title>R\u00e9union 2017 - Hockey Dieppe Memramcook<\/title>\n<meta name=\"robots\" content=\"index, follow, max-snippet:-1, max-image-preview:large, max-video-preview:-1\" \/>\n<link rel=\"canonical\" href=\"https:\/\/hockeydieppememramcook.ca\/association\/reunions-du-ca\/reunion-2017\/\" \/>\n<meta property=\"og:locale\" content=\"en_US\" \/>\n<meta property=\"og:type\" content=\"article\" \/>\n<meta property=\"og:title\" content=\"R\u00e9union 2017 - Hockey Dieppe Memramcook\" \/>\n<meta property=\"og:description\" content=\"Proc\u00e8s Verbal 15 Janvier 2017 Proc\u00e8s Verbal 4 Avril 2017 Proc\u00e8s Verbal 18 Avril 2017 Proces Verbal AGA 15 Mai 2017 Proc\u00e8s Verbal 28 Mai 2017 Proc\u00e8s Verbal 29 Juin 2017 Proc\u00e8s Verbal 21 Ao\u00fbt 2017 Proc\u00e8s Verbal 7 Septembre 2017 Proc\u00e8s Verbal 1 Octobre 2017 Proc\u00e8s Verbal 9 Octobre 2017 Proc\u00e8s Verbal 26 Octobre [&hellip;]\" \/>\n<meta property=\"og:url\" content=\"https:\/\/hockeydieppememramcook.ca\/association\/reunions-du-ca\/reunion-2017\/\" \/>\n<meta property=\"og:site_name\" content=\"Hockey Dieppe Memramcook\" \/>\n<meta property=\"article:modified_time\" content=\"2024-06-28T20:05:16+00:00\" \/>\n<meta name=\"twitter:card\" content=\"summary_large_image\" \/>\n<meta name=\"twitter:label1\" content=\"Est. reading time\" \/>\n\t<meta name=\"twitter:data1\" content=\"1 minute\" \/>\n<script type=\"application\/ld+json\" class=\"yoast-schema-graph\">{\"@context\":\"https:\/\/schema.org\",\"@graph\":[{\"@type\":\"WebPage\",\"@id\":\"https:\/\/hockeydieppememramcook.ca\/association\/reunions-du-ca\/reunion-2017\/\",\"url\":\"https:\/\/hockeydieppememramcook.ca\/association\/reunions-du-ca\/reunion-2017\/\",\"name\":\"R\u00e9union 2017 - Hockey Dieppe Memramcook\",\"isPartOf\":{\"@id\":\"https:\/\/hockeydieppememramcook.ca\/#website\"},\"datePublished\":\"2022-07-11T13:09:14+00:00\",\"dateModified\":\"2024-06-28T20:05:16+00:00\",\"breadcrumb\":{\"@id\":\"https:\/\/hockeydieppememramcook.ca\/association\/reunions-du-ca\/reunion-2017\/#breadcrumb\"},\"inLanguage\":\"en-US\",\"potentialAction\":[{\"@type\":\"ReadAction\",\"target\":[\"https:\/\/hockeydieppememramcook.ca\/association\/reunions-du-ca\/reunion-2017\/\"]}]},{\"@type\":\"BreadcrumbList\",\"@id\":\"https:\/\/hockeydieppememramcook.ca\/association\/reunions-du-ca\/reunion-2017\/#breadcrumb\",\"itemListElement\":[{\"@type\":\"ListItem\",\"position\":1,\"name\":\"Accueil\",\"item\":\"https:\/\/hockeydieppememramcook.ca\/en\/\"},{\"@type\":\"ListItem\",\"position\":2,\"name\":\"Association\",\"item\":\"https:\/\/hockeydieppememramcook.ca\/association\/\"},{\"@type\":\"ListItem\",\"position\":3,\"name\":\"R\u00e9unions du CA\",\"item\":\"https:\/\/hockeydieppememramcook.ca\/association\/reunions-du-ca\/\"},{\"@type\":\"ListItem\",\"position\":4,\"name\":\"R\u00e9union 2017\"}]},{\"@type\":\"WebSite\",\"@id\":\"https:\/\/hockeydieppememramcook.ca\/#website\",\"url\":\"https:\/\/hockeydieppememramcook.ca\/\",\"name\":\"Hockey Dieppe Memramcook\",\"description\":\"Un site utilisant Les sites de Shark M\u00e9dia & Sport, template Slapshot\",\"potentialAction\":[{\"@type\":\"SearchAction\",\"target\":{\"@type\":\"EntryPoint\",\"urlTemplate\":\"https:\/\/hockeydieppememramcook.ca\/?s={search_term_string}\"},\"query-input\":{\"@type\":\"PropertyValueSpecification\",\"valueRequired\":true,\"valueName\":\"search_term_string\"}}],\"inLanguage\":\"en-US\"}]}<\/script>\n<!-- \/ Yoast SEO plugin. -->","yoast_head_json":{"title":"R\u00e9union 2017 - Hockey Dieppe Memramcook","robots":{"index":"index","follow":"follow","max-snippet":"max-snippet:-1","max-image-preview":"max-image-preview:large","max-video-preview":"max-video-preview:-1"},"canonical":"https:\/\/hockeydieppememramcook.ca\/association\/reunions-du-ca\/reunion-2017\/","og_locale":"en_US","og_type":"article","og_title":"R\u00e9union 2017 - Hockey Dieppe Memramcook","og_description":"Proc\u00e8s Verbal 15 Janvier 2017 Proc\u00e8s Verbal 4 Avril 2017 Proc\u00e8s Verbal 18 Avril 2017 Proces Verbal AGA 15 Mai 2017 Proc\u00e8s Verbal 28 Mai 2017 Proc\u00e8s Verbal 29 Juin 2017 Proc\u00e8s Verbal 21 Ao\u00fbt 2017 Proc\u00e8s Verbal 7 Septembre 2017 Proc\u00e8s Verbal 1 Octobre 2017 Proc\u00e8s Verbal 9 Octobre 2017 Proc\u00e8s Verbal 26 Octobre [&hellip;]","og_url":"https:\/\/hockeydieppememramcook.ca\/association\/reunions-du-ca\/reunion-2017\/","og_site_name":"Hockey Dieppe Memramcook","article_modified_time":"2024-06-28T20:05:16+00:00","twitter_card":"summary_large_image","twitter_misc":{"Est. reading time":"1 minute"},"schema":{"@context":"https:\/\/schema.org","@graph":[{"@type":"WebPage","@id":"https:\/\/hockeydieppememramcook.ca\/association\/reunions-du-ca\/reunion-2017\/","url":"https:\/\/hockeydieppememramcook.ca\/association\/reunions-du-ca\/reunion-2017\/","name":"R\u00e9union 2017 - Hockey Dieppe Memramcook","isPartOf":{"@id":"https:\/\/hockeydieppememramcook.ca\/#website"},"datePublished":"2022-07-11T13:09:14+00:00","dateModified":"2024-06-28T20:05:16+00:00","breadcrumb":{"@id":"https:\/\/hockeydieppememramcook.ca\/association\/reunions-du-ca\/reunion-2017\/#breadcrumb"},"inLanguage":"en-US","potentialAction":[{"@type":"ReadAction","target":["https:\/\/hockeydieppememramcook.ca\/association\/reunions-du-ca\/reunion-2017\/"]}]},{"@type":"BreadcrumbList","@id":"https:\/\/hockeydieppememramcook.ca\/association\/reunions-du-ca\/reunion-2017\/#breadcrumb","itemListElement":[{"@type":"ListItem","position":1,"name":"Accueil","item":"https:\/\/hockeydieppememramcook.ca\/en\/"},{"@type":"ListItem","position":2,"name":"Association","item":"https:\/\/hockeydieppememramcook.ca\/association\/"},{"@type":"ListItem","position":3,"name":"R\u00e9unions du CA","item":"https:\/\/hockeydieppememramcook.ca\/association\/reunions-du-ca\/"},{"@type":"ListItem","position":4,"name":"R\u00e9union 2017"}]},{"@type":"WebSite","@id":"https:\/\/hockeydieppememramcook.ca\/#website","url":"https:\/\/hockeydieppememramcook.ca\/","name":"Hockey Dieppe Memramcook","description":"Un site utilisant Les sites de Shark M\u00e9dia & Sport, template Slapshot","potentialAction":[{"@type":"SearchAction","target":{"@type":"EntryPoint","urlTemplate":"https:\/\/hockeydieppememramcook.ca\/?s={search_term_string}"},"query-input":{"@type":"PropertyValueSpecification","valueRequired":true,"valueName":"search_term_string"}}],"inLanguage":"en-US"}]}},"_links":{"self":[{"href":"https:\/\/hockeydieppememramcook.ca\/en\/wp-json\/wp\/v2\/pages\/3001","targetHints":{"allow":["GET"]}}],"collection":[{"href":"https:\/\/hockeydieppememramcook.ca\/en\/wp-json\/wp\/v2\/pages"}],"about":[{"href":"https:\/\/hockeydieppememramcook.ca\/en\/wp-json\/wp\/v2\/types\/page"}],"author":[{"embeddable":true,"href":"https:\/\/hockeydieppememramcook.ca\/en\/wp-json\/wp\/v2\/users\/473"}],"replies":[{"embeddable":true,"href":"https:\/\/hockeydieppememramcook.ca\/en\/wp-json\/wp\/v2\/comments?post=3001"}],"version-history":[{"count":9,"href":"https:\/\/hockeydieppememramcook.ca\/en\/wp-json\/wp\/v2\/pages\/3001\/revisions"}],"predecessor-version":[{"id":5535,"href":"https:\/\/hockeydieppememramcook.ca\/en\/wp-json\/wp\/v2\/pages\/3001\/revisions\/5535"}],"up":[{"embeddable":true,"href":"https:\/\/hockeydieppememramcook.ca\/en\/wp-json\/wp\/v2\/pages\/2867"}],"wp:attachment":[{"href":"https:\/\/hockeydieppememramcook.ca\/en\/wp-json\/wp\/v2\/media?parent=3001"}],"curies":[{"name":"wp","href":"https:\/\/api.w.org\/{rel}","templated":true}]}}