{"id":2863,"date":"2022-04-28T10:06:34","date_gmt":"2022-04-28T14:06:34","guid":{"rendered":"https:\/\/hockeydieppememramcook.sharkmediasport.com\/?page_id=2863"},"modified":"2025-06-10T10:44:36","modified_gmt":"2025-06-10T14:44:36","slug":"politiques","status":"publish","type":"page","link":"https:\/\/hockeydieppememramcook.ca\/en\/association\/politiques\/","title":{"rendered":"Politiques"},"content":{"rendered":"<p class=\"p1\"><strong><a href=\"http:\/\/hockeydieppememramcook.ca\/wp-content\/uploads\/sites\/527\/2025\/06\/Manuel_des_operations.CHMNB_2024-2025_FRANCAIS.pdf\" target=\"\" rel=\"noopener\">Manuel Des Op\u00e9rations.CHMNB 2024 2025<\/a><\/strong><\/p>\n<p class=\"p1\"><strong><a href=\"http:\/\/hockeydieppememramcook.ca\/wp-content\/uploads\/sites\/527\/2024\/06\/Constitution-HDM-2023_FR.pdf\" target=\"\" rel=\"noopener\">Constitution HDM -r\u00e9vis\u00e9 2023<\/a><\/strong><\/p>\n<p class=\"p1\"><a title=\"M9-U9 processus Essaies (1).pdf (143 KB)\" href=\"http:\/\/gsh-blanc.com\/data\/hdieppe\/images\/Politiques\/M9-U9%20processus%20Essaies%20%281%29.pdf\"><strong>Guide de s\u00e9lection des joueurs &#8211; M9<\/strong><\/a><\/p>\n<p class=\"p1\"><a title=\"Player selection guide (r\u00e9vis\u00e9 2016)- final-francais.pdf (601 KB)\" href=\"http:\/\/gsh-blanc.com\/data\/hdieppe\/images\/Politiques\/Player%20selection%20guide%20%28r%E9vis%E9%202016%29-%20final-francais.pdf\"><strong>Guide de s\u00e9lection des joueurs &#8211; M11 \u00e0 M18<\/strong><\/a><\/p>\n<p><strong><a href=\"http:\/\/hockeydieppememramcook.ca\/wp-content\/uploads\/sites\/527\/2025\/06\/Politique-ADM-1-Remboursement-2025.pdf\" target=\"\" rel=\"noopener\">Politique HDM Remboursement<\/a><\/strong><\/p>\n<p class=\"p1\"><strong><a href=\"http:\/\/hockeydieppememramcook.ca\/wp-content\/uploads\/sites\/527\/2024\/06\/FairPlay-version-adoptee-par-le-CA-14octobre2012.pdf\" target=\"\" rel=\"noopener\">FairPlay<\/a><\/strong><\/p>\n<p><img decoding=\"async\" src=\"http:\/\/gsh-blanc.com\/data\/hdieppe\/images\/th-3.jpg\" \/><\/p>\n","protected":false},"excerpt":{"rendered":"<p>Manuel Des Op\u00e9rations.CHMNB 2024 2025 Constitution HDM -r\u00e9vis\u00e9 2023 Guide de s\u00e9lection des joueurs &#8211; M9 Guide de s\u00e9lection des joueurs &#8211; M11 \u00e0 M18 Politique HDM Remboursement FairPlay<\/p>\n","protected":false},"author":193,"featured_media":0,"parent":2847,"menu_order":2,"comment_status":"closed","ping_status":"closed","template":"","meta":{"_acf_changed":false,"footnotes":""},"class_list":["post-2863","page","type-page","status-publish","hentry"],"acf":[],"yoast_head":"<!-- This site is optimized with the Yoast SEO plugin v25.7 - https:\/\/yoast.com\/wordpress\/plugins\/seo\/ -->\n<title>Politiques - Hockey Dieppe Memramcook<\/title>\n<meta name=\"robots\" content=\"index, follow, max-snippet:-1, max-image-preview:large, max-video-preview:-1\" \/>\n<link rel=\"canonical\" href=\"https:\/\/hockeydieppememramcook.ca\/association\/politiques\/\" \/>\n<meta property=\"og:locale\" content=\"en_US\" \/>\n<meta property=\"og:type\" content=\"article\" \/>\n<meta property=\"og:title\" content=\"Politiques - Hockey Dieppe Memramcook\" \/>\n<meta property=\"og:description\" content=\"Manuel Des Op\u00e9rations.CHMNB 2024 2025 Constitution HDM -r\u00e9vis\u00e9 2023 Guide de s\u00e9lection des joueurs &#8211; M9 Guide de s\u00e9lection des joueurs &#8211; M11 \u00e0 M18 Politique HDM Remboursement FairPlay\" \/>\n<meta property=\"og:url\" content=\"https:\/\/hockeydieppememramcook.ca\/association\/politiques\/\" \/>\n<meta property=\"og:site_name\" content=\"Hockey Dieppe Memramcook\" \/>\n<meta property=\"article:modified_time\" content=\"2025-06-10T14:44:36+00:00\" \/>\n<meta property=\"og:image\" content=\"http:\/\/gsh-blanc.com\/data\/hdieppe\/images\/th-3.jpg\" \/>\n<meta name=\"twitter:card\" content=\"summary_large_image\" \/>\n<meta name=\"twitter:label1\" content=\"Est. reading time\" \/>\n\t<meta name=\"twitter:data1\" content=\"1 minute\" \/>\n<script type=\"application\/ld+json\" class=\"yoast-schema-graph\">{\"@context\":\"https:\/\/schema.org\",\"@graph\":[{\"@type\":\"WebPage\",\"@id\":\"https:\/\/hockeydieppememramcook.ca\/association\/politiques\/\",\"url\":\"https:\/\/hockeydieppememramcook.ca\/association\/politiques\/\",\"name\":\"Politiques - Hockey Dieppe Memramcook\",\"isPartOf\":{\"@id\":\"https:\/\/hockeydieppememramcook.ca\/#website\"},\"primaryImageOfPage\":{\"@id\":\"https:\/\/hockeydieppememramcook.ca\/association\/politiques\/#primaryimage\"},\"image\":{\"@id\":\"https:\/\/hockeydieppememramcook.ca\/association\/politiques\/#primaryimage\"},\"thumbnailUrl\":\"http:\/\/gsh-blanc.com\/data\/hdieppe\/images\/th-3.jpg\",\"datePublished\":\"2022-04-28T14:06:34+00:00\",\"dateModified\":\"2025-06-10T14:44:36+00:00\",\"breadcrumb\":{\"@id\":\"https:\/\/hockeydieppememramcook.ca\/association\/politiques\/#breadcrumb\"},\"inLanguage\":\"en-US\",\"potentialAction\":[{\"@type\":\"ReadAction\",\"target\":[\"https:\/\/hockeydieppememramcook.ca\/association\/politiques\/\"]}]},{\"@type\":\"ImageObject\",\"inLanguage\":\"en-US\",\"@id\":\"https:\/\/hockeydieppememramcook.ca\/association\/politiques\/#primaryimage\",\"url\":\"http:\/\/gsh-blanc.com\/data\/hdieppe\/images\/th-3.jpg\",\"contentUrl\":\"http:\/\/gsh-blanc.com\/data\/hdieppe\/images\/th-3.jpg\"},{\"@type\":\"BreadcrumbList\",\"@id\":\"https:\/\/hockeydieppememramcook.ca\/association\/politiques\/#breadcrumb\",\"itemListElement\":[{\"@type\":\"ListItem\",\"position\":1,\"name\":\"Accueil\",\"item\":\"https:\/\/hockeydieppememramcook.ca\/en\/\"},{\"@type\":\"ListItem\",\"position\":2,\"name\":\"Association\",\"item\":\"https:\/\/hockeydieppememramcook.ca\/association\/\"},{\"@type\":\"ListItem\",\"position\":3,\"name\":\"Politiques\"}]},{\"@type\":\"WebSite\",\"@id\":\"https:\/\/hockeydieppememramcook.ca\/#website\",\"url\":\"https:\/\/hockeydieppememramcook.ca\/\",\"name\":\"Hockey Dieppe Memramcook\",\"description\":\"Un site utilisant Les sites de Shark M\u00e9dia & Sport, template Slapshot\",\"potentialAction\":[{\"@type\":\"SearchAction\",\"target\":{\"@type\":\"EntryPoint\",\"urlTemplate\":\"https:\/\/hockeydieppememramcook.ca\/?s={search_term_string}\"},\"query-input\":{\"@type\":\"PropertyValueSpecification\",\"valueRequired\":true,\"valueName\":\"search_term_string\"}}],\"inLanguage\":\"en-US\"}]}<\/script>\n<!-- \/ Yoast SEO plugin. -->","yoast_head_json":{"title":"Politiques - Hockey Dieppe Memramcook","robots":{"index":"index","follow":"follow","max-snippet":"max-snippet:-1","max-image-preview":"max-image-preview:large","max-video-preview":"max-video-preview:-1"},"canonical":"https:\/\/hockeydieppememramcook.ca\/association\/politiques\/","og_locale":"en_US","og_type":"article","og_title":"Politiques - Hockey Dieppe Memramcook","og_description":"Manuel Des Op\u00e9rations.CHMNB 2024 2025 Constitution HDM -r\u00e9vis\u00e9 2023 Guide de s\u00e9lection des joueurs &#8211; M9 Guide de s\u00e9lection des joueurs &#8211; M11 \u00e0 M18 Politique HDM Remboursement FairPlay","og_url":"https:\/\/hockeydieppememramcook.ca\/association\/politiques\/","og_site_name":"Hockey Dieppe Memramcook","article_modified_time":"2025-06-10T14:44:36+00:00","og_image":[{"url":"http:\/\/gsh-blanc.com\/data\/hdieppe\/images\/th-3.jpg","type":"","width":"","height":""}],"twitter_card":"summary_large_image","twitter_misc":{"Est. reading time":"1 minute"},"schema":{"@context":"https:\/\/schema.org","@graph":[{"@type":"WebPage","@id":"https:\/\/hockeydieppememramcook.ca\/association\/politiques\/","url":"https:\/\/hockeydieppememramcook.ca\/association\/politiques\/","name":"Politiques - Hockey Dieppe Memramcook","isPartOf":{"@id":"https:\/\/hockeydieppememramcook.ca\/#website"},"primaryImageOfPage":{"@id":"https:\/\/hockeydieppememramcook.ca\/association\/politiques\/#primaryimage"},"image":{"@id":"https:\/\/hockeydieppememramcook.ca\/association\/politiques\/#primaryimage"},"thumbnailUrl":"http:\/\/gsh-blanc.com\/data\/hdieppe\/images\/th-3.jpg","datePublished":"2022-04-28T14:06:34+00:00","dateModified":"2025-06-10T14:44:36+00:00","breadcrumb":{"@id":"https:\/\/hockeydieppememramcook.ca\/association\/politiques\/#breadcrumb"},"inLanguage":"en-US","potentialAction":[{"@type":"ReadAction","target":["https:\/\/hockeydieppememramcook.ca\/association\/politiques\/"]}]},{"@type":"ImageObject","inLanguage":"en-US","@id":"https:\/\/hockeydieppememramcook.ca\/association\/politiques\/#primaryimage","url":"http:\/\/gsh-blanc.com\/data\/hdieppe\/images\/th-3.jpg","contentUrl":"http:\/\/gsh-blanc.com\/data\/hdieppe\/images\/th-3.jpg"},{"@type":"BreadcrumbList","@id":"https:\/\/hockeydieppememramcook.ca\/association\/politiques\/#breadcrumb","itemListElement":[{"@type":"ListItem","position":1,"name":"Accueil","item":"https:\/\/hockeydieppememramcook.ca\/en\/"},{"@type":"ListItem","position":2,"name":"Association","item":"https:\/\/hockeydieppememramcook.ca\/association\/"},{"@type":"ListItem","position":3,"name":"Politiques"}]},{"@type":"WebSite","@id":"https:\/\/hockeydieppememramcook.ca\/#website","url":"https:\/\/hockeydieppememramcook.ca\/","name":"Hockey Dieppe Memramcook","description":"Un site utilisant Les sites de Shark M\u00e9dia & Sport, template Slapshot","potentialAction":[{"@type":"SearchAction","target":{"@type":"EntryPoint","urlTemplate":"https:\/\/hockeydieppememramcook.ca\/?s={search_term_string}"},"query-input":{"@type":"PropertyValueSpecification","valueRequired":true,"valueName":"search_term_string"}}],"inLanguage":"en-US"}]}},"_links":{"self":[{"href":"https:\/\/hockeydieppememramcook.ca\/en\/wp-json\/wp\/v2\/pages\/2863","targetHints":{"allow":["GET"]}}],"collection":[{"href":"https:\/\/hockeydieppememramcook.ca\/en\/wp-json\/wp\/v2\/pages"}],"about":[{"href":"https:\/\/hockeydieppememramcook.ca\/en\/wp-json\/wp\/v2\/types\/page"}],"author":[{"embeddable":true,"href":"https:\/\/hockeydieppememramcook.ca\/en\/wp-json\/wp\/v2\/users\/193"}],"replies":[{"embeddable":true,"href":"https:\/\/hockeydieppememramcook.ca\/en\/wp-json\/wp\/v2\/comments?post=2863"}],"version-history":[{"count":12,"href":"https:\/\/hockeydieppememramcook.ca\/en\/wp-json\/wp\/v2\/pages\/2863\/revisions"}],"predecessor-version":[{"id":7040,"href":"https:\/\/hockeydieppememramcook.ca\/en\/wp-json\/wp\/v2\/pages\/2863\/revisions\/7040"}],"up":[{"embeddable":true,"href":"https:\/\/hockeydieppememramcook.ca\/en\/wp-json\/wp\/v2\/pages\/2847"}],"wp:attachment":[{"href":"https:\/\/hockeydieppememramcook.ca\/en\/wp-json\/wp\/v2\/media?parent=2863"}],"curies":[{"name":"wp","href":"https:\/\/api.w.org\/{rel}","templated":true}]}}