{"id":2859,"date":"2022-04-28T10:06:05","date_gmt":"2022-04-28T14:06:05","guid":{"rendered":"https:\/\/hockeydieppememramcook.sharkmediasport.com\/?page_id=2859"},"modified":"2025-11-13T12:22:29","modified_gmt":"2025-11-13T17:22:29","slug":"conseil-dadministration","status":"publish","type":"page","link":"https:\/\/hockeydieppememramcook.ca\/en\/association\/conseil-dadministration\/","title":{"rendered":"Conseil d&#8217;administration"},"content":{"rendered":"<p><strong>Les Membres du Conseil d&#8217;Administration pour la saison 2025-2026<\/strong><\/p>\n<p class=\"p1\"><strong>Pr\u00e9sident : <\/strong><a href=\"mailto:serge_leb@hotmail.com\">Serge Leblanc<\/a> 866-9495<\/p>\n<p class=\"p1\"><strong>Vice-Pr\u00e9sident :<\/strong> <a href=\"mailto:ELIRICHARD81@hotmail.com\">Elisabeth Richard<\/a>\u00a0866-2999<\/p>\n<p class=\"p1\"><strong>Secr\u00e9taire :<\/strong>\u00a0<a href=\"mailto:stephanie.friolet@gmail.com\">St\u00e9phanie Friolet<\/a>\u00a0874-4498<\/p>\n<p class=\"p1\"><strong>Tr\u00e9sorier :<\/strong>\u00a0<a href=\"mailto:brunogodin@hotmail.com\">Bruno Godin<\/a>\u00a0850-8294<\/p>\n<p class=\"p1\"><strong>Directeur Exc\u00e9cutif :<\/strong>\u00a0<a href=\"mailto:christianbosse.hdm@gmail.com\">Christ<\/a><a href=\"mailto:christianbosse.hdm@gmail.com\">ian<\/a><a href=\"mailto:christianbosse.hdm@gmail.com\">\u00a0Boss\u00e9<\/a>\u00a0382-9293<\/p>\n<p class=\"p1\"><strong>Directeur Technnique:<\/strong>\u00a0<a href=\"mailto:sergebourgeois.hdm@gmail.com\">Serge Bourgeois<\/a> 382-9293<\/p>\n<p class=\"p1\"><strong>Directeur des arbitres (ex-officio) :<\/strong>\u00a0<a href=\"mailto:dieppereferee@rogers.com\"><span class=\"s1\">Jean-Guy Richard<\/span><\/a> 269-0212<\/p>\n<p class=\"p1\"><strong>Coordonnateur des g\u00e9rants :<\/strong>\u00a0<a href=\"mailto:allainjosee@rogers.com\">Allain Savoie<\/a>\u00a0 224-0005<\/p>\n<p class=\"p1\"><strong>Coordonnateur des \u00e9quipes AA-A-B : <\/strong><a href=\"mailto:joraf02@gmail.com\">Stephane Lagace<\/a><\/p>\n<p class=\"p1\"><strong>Coordonnateur du hockey f\u00e9minin\u00a0:<\/strong>\u00a0<a href=\"mailto:danikaleblanc@hotmail.com\">Danika Leblanc\u00a0<\/a><\/p>\n<p class=\"p1\"><strong>Coordonnateur des programmes pour entraineurs :<\/strong>\u00a0<a href=\"mailto:glennrobichaud@hotmail.com\">Glenn Robichaud<\/a>\u00a0227-9368<\/p>\n<p class=\"p1\"><strong>Coordonnateur des programmes pour gardiens : <\/strong><a href=\"mailto:kevin.robert.maps@gmail.com\">Kevin Robert<\/a><\/p>\n<p><strong>Coordonnateur des programmes pour joueurs : <\/strong><a href=\"mailto:ian.mgirard@gmail.com\"><span class=\"s1\">Ian Girard<\/span><\/a>\u00a0378-0148<\/p>\n<p class=\"p1\"><strong>Coordonnateur de l&#8217;\u00e9quipement\u00a0:\u00a0\u00a0<\/strong><a href=\"mailto:denisvautour@gmail.com\">Denis Vautour<\/a>\u00a0874-4775<\/p>\n<p class=\"p1\"><strong>Coordonnateur des communications :<\/strong>\u00a0<a href=\"mailto:turcottepatricia@hotmail.com\">Patricia Turcotte<\/a>\u00a0 871-0090<\/p>\n<p class=\"p1\"><strong>Coordonnateur des tournois:<\/strong>\u00a0<a href=\"mailto:vh.dargavel@gmail.com\">Vanessa Dargavel<\/a><\/p>\n<p class=\"p1\"><strong>Coordonnateur division M7 : <\/strong><a href=\"mailto:lauracleblanc@hotmail.com\">Laura Leblanc<\/a><\/p>\n<p class=\"p1\"><strong>Coordonnateur division M9\u00a0:<\/strong> <a href=\"mailto:ianawells@gmail.com\">Ian Wells<\/a><\/p>\n<p class=\"p1\"><strong>Coordonnateur division M11 : <\/strong><a href=\"mailto:amy_boudreau@hotmail.com\">Amy Boudreau<\/a>\u00a0227-8240<\/p>\n<p class=\"p1\"><strong>Coordonnateur division M13 : <\/strong><a href=\"mailto:genevieve.twinius@gmail.com\">Genevi\u00e8ve Boil\u00e8s-L\u00e9onard<\/a> 514-961-9568<\/p>\n<p class=\"p1\"><strong>Coordonnateur division M15\u00a0:<\/strong> <a href=\"mailto:mfortin2222@gmail.com\">M\u00e9lanie Fortin<\/a><\/p>\n<p class=\"p1\"><strong>Coordonnateur division M18\u00a0:<\/strong> <a href=\"mailto:mikes021672@gmail.com\">Mike Stott<\/a>\u00a0961-8371<\/p>\n<p class=\"p1\"><strong>Coordonnateur division M21: <\/strong><a href=\"mailto:mikes021672@gmail.com\">Mike Stott<\/a>\u00a0961-8371<\/p>\n","protected":false},"excerpt":{"rendered":"<p>Les Membres du Conseil d&#8217;Administration pour la saison 2025-2026 Pr\u00e9sident : Serge Leblanc 866-9495 Vice-Pr\u00e9sident : Elisabeth Richard\u00a0866-2999 Secr\u00e9taire :\u00a0St\u00e9phanie Friolet\u00a0874-4498 Tr\u00e9sorier :\u00a0Bruno Godin\u00a0850-8294 Directeur Exc\u00e9cutif :\u00a0Christian\u00a0Boss\u00e9\u00a0382-9293 Directeur Technnique:\u00a0Serge Bourgeois 382-9293 Directeur des arbitres (ex-officio) :\u00a0Jean-Guy Richard 269-0212 Coordonnateur des g\u00e9rants :\u00a0Allain Savoie\u00a0 224-0005 Coordonnateur des \u00e9quipes AA-A-B : Stephane Lagace Coordonnateur du hockey f\u00e9minin\u00a0:\u00a0Danika [&hellip;]<\/p>\n","protected":false},"author":193,"featured_media":0,"parent":2847,"menu_order":3,"comment_status":"closed","ping_status":"closed","template":"","meta":{"_acf_changed":false,"footnotes":""},"class_list":["post-2859","page","type-page","status-publish","hentry"],"acf":[],"yoast_head":"<!-- This site is optimized with the Yoast SEO plugin v25.7 - https:\/\/yoast.com\/wordpress\/plugins\/seo\/ -->\n<title>Conseil d&#039;administration - Hockey Dieppe Memramcook<\/title>\n<meta name=\"robots\" content=\"index, follow, max-snippet:-1, max-image-preview:large, max-video-preview:-1\" \/>\n<link rel=\"canonical\" href=\"https:\/\/hockeydieppememramcook.ca\/association\/conseil-dadministration\/\" \/>\n<meta property=\"og:locale\" content=\"en_US\" \/>\n<meta property=\"og:type\" content=\"article\" \/>\n<meta property=\"og:title\" content=\"Conseil d&#039;administration - Hockey Dieppe Memramcook\" \/>\n<meta property=\"og:description\" content=\"Les Membres du Conseil d&#8217;Administration pour la saison 2025-2026 Pr\u00e9sident : Serge Leblanc 866-9495 Vice-Pr\u00e9sident : Elisabeth Richard\u00a0866-2999 Secr\u00e9taire :\u00a0St\u00e9phanie Friolet\u00a0874-4498 Tr\u00e9sorier :\u00a0Bruno Godin\u00a0850-8294 Directeur Exc\u00e9cutif :\u00a0Christian\u00a0Boss\u00e9\u00a0382-9293 Directeur Technnique:\u00a0Serge Bourgeois 382-9293 Directeur des arbitres (ex-officio) :\u00a0Jean-Guy Richard 269-0212 Coordonnateur des g\u00e9rants :\u00a0Allain Savoie\u00a0 224-0005 Coordonnateur des \u00e9quipes AA-A-B : Stephane Lagace Coordonnateur du hockey f\u00e9minin\u00a0:\u00a0Danika [&hellip;]\" \/>\n<meta property=\"og:url\" content=\"https:\/\/hockeydieppememramcook.ca\/association\/conseil-dadministration\/\" \/>\n<meta property=\"og:site_name\" content=\"Hockey Dieppe Memramcook\" \/>\n<meta property=\"article:modified_time\" content=\"2025-11-13T17:22:29+00:00\" \/>\n<meta name=\"twitter:card\" content=\"summary_large_image\" \/>\n<meta name=\"twitter:label1\" content=\"Est. reading time\" \/>\n\t<meta name=\"twitter:data1\" content=\"1 minute\" \/>\n<script type=\"application\/ld+json\" class=\"yoast-schema-graph\">{\"@context\":\"https:\/\/schema.org\",\"@graph\":[{\"@type\":\"WebPage\",\"@id\":\"https:\/\/hockeydieppememramcook.ca\/association\/conseil-dadministration\/\",\"url\":\"https:\/\/hockeydieppememramcook.ca\/association\/conseil-dadministration\/\",\"name\":\"Conseil d'administration - Hockey Dieppe Memramcook\",\"isPartOf\":{\"@id\":\"https:\/\/hockeydieppememramcook.ca\/#website\"},\"datePublished\":\"2022-04-28T14:06:05+00:00\",\"dateModified\":\"2025-11-13T17:22:29+00:00\",\"breadcrumb\":{\"@id\":\"https:\/\/hockeydieppememramcook.ca\/association\/conseil-dadministration\/#breadcrumb\"},\"inLanguage\":\"en-US\",\"potentialAction\":[{\"@type\":\"ReadAction\",\"target\":[\"https:\/\/hockeydieppememramcook.ca\/association\/conseil-dadministration\/\"]}]},{\"@type\":\"BreadcrumbList\",\"@id\":\"https:\/\/hockeydieppememramcook.ca\/association\/conseil-dadministration\/#breadcrumb\",\"itemListElement\":[{\"@type\":\"ListItem\",\"position\":1,\"name\":\"Accueil\",\"item\":\"https:\/\/hockeydieppememramcook.ca\/en\/\"},{\"@type\":\"ListItem\",\"position\":2,\"name\":\"Association\",\"item\":\"https:\/\/hockeydieppememramcook.ca\/association\/\"},{\"@type\":\"ListItem\",\"position\":3,\"name\":\"Conseil d&rsquo;administration\"}]},{\"@type\":\"WebSite\",\"@id\":\"https:\/\/hockeydieppememramcook.ca\/#website\",\"url\":\"https:\/\/hockeydieppememramcook.ca\/\",\"name\":\"Hockey Dieppe Memramcook\",\"description\":\"Un site utilisant Les sites de Shark M\u00e9dia & Sport, template Slapshot\",\"potentialAction\":[{\"@type\":\"SearchAction\",\"target\":{\"@type\":\"EntryPoint\",\"urlTemplate\":\"https:\/\/hockeydieppememramcook.ca\/?s={search_term_string}\"},\"query-input\":{\"@type\":\"PropertyValueSpecification\",\"valueRequired\":true,\"valueName\":\"search_term_string\"}}],\"inLanguage\":\"en-US\"}]}<\/script>\n<!-- \/ Yoast SEO plugin. -->","yoast_head_json":{"title":"Conseil d'administration - Hockey Dieppe Memramcook","robots":{"index":"index","follow":"follow","max-snippet":"max-snippet:-1","max-image-preview":"max-image-preview:large","max-video-preview":"max-video-preview:-1"},"canonical":"https:\/\/hockeydieppememramcook.ca\/association\/conseil-dadministration\/","og_locale":"en_US","og_type":"article","og_title":"Conseil d'administration - Hockey Dieppe Memramcook","og_description":"Les Membres du Conseil d&#8217;Administration pour la saison 2025-2026 Pr\u00e9sident : Serge Leblanc 866-9495 Vice-Pr\u00e9sident : Elisabeth Richard\u00a0866-2999 Secr\u00e9taire :\u00a0St\u00e9phanie Friolet\u00a0874-4498 Tr\u00e9sorier :\u00a0Bruno Godin\u00a0850-8294 Directeur Exc\u00e9cutif :\u00a0Christian\u00a0Boss\u00e9\u00a0382-9293 Directeur Technnique:\u00a0Serge Bourgeois 382-9293 Directeur des arbitres (ex-officio) :\u00a0Jean-Guy Richard 269-0212 Coordonnateur des g\u00e9rants :\u00a0Allain Savoie\u00a0 224-0005 Coordonnateur des \u00e9quipes AA-A-B : Stephane Lagace Coordonnateur du hockey f\u00e9minin\u00a0:\u00a0Danika [&hellip;]","og_url":"https:\/\/hockeydieppememramcook.ca\/association\/conseil-dadministration\/","og_site_name":"Hockey Dieppe Memramcook","article_modified_time":"2025-11-13T17:22:29+00:00","twitter_card":"summary_large_image","twitter_misc":{"Est. reading time":"1 minute"},"schema":{"@context":"https:\/\/schema.org","@graph":[{"@type":"WebPage","@id":"https:\/\/hockeydieppememramcook.ca\/association\/conseil-dadministration\/","url":"https:\/\/hockeydieppememramcook.ca\/association\/conseil-dadministration\/","name":"Conseil d'administration - Hockey Dieppe Memramcook","isPartOf":{"@id":"https:\/\/hockeydieppememramcook.ca\/#website"},"datePublished":"2022-04-28T14:06:05+00:00","dateModified":"2025-11-13T17:22:29+00:00","breadcrumb":{"@id":"https:\/\/hockeydieppememramcook.ca\/association\/conseil-dadministration\/#breadcrumb"},"inLanguage":"en-US","potentialAction":[{"@type":"ReadAction","target":["https:\/\/hockeydieppememramcook.ca\/association\/conseil-dadministration\/"]}]},{"@type":"BreadcrumbList","@id":"https:\/\/hockeydieppememramcook.ca\/association\/conseil-dadministration\/#breadcrumb","itemListElement":[{"@type":"ListItem","position":1,"name":"Accueil","item":"https:\/\/hockeydieppememramcook.ca\/en\/"},{"@type":"ListItem","position":2,"name":"Association","item":"https:\/\/hockeydieppememramcook.ca\/association\/"},{"@type":"ListItem","position":3,"name":"Conseil d&rsquo;administration"}]},{"@type":"WebSite","@id":"https:\/\/hockeydieppememramcook.ca\/#website","url":"https:\/\/hockeydieppememramcook.ca\/","name":"Hockey Dieppe Memramcook","description":"Un site utilisant Les sites de Shark M\u00e9dia & Sport, template Slapshot","potentialAction":[{"@type":"SearchAction","target":{"@type":"EntryPoint","urlTemplate":"https:\/\/hockeydieppememramcook.ca\/?s={search_term_string}"},"query-input":{"@type":"PropertyValueSpecification","valueRequired":true,"valueName":"search_term_string"}}],"inLanguage":"en-US"}]}},"_links":{"self":[{"href":"https:\/\/hockeydieppememramcook.ca\/en\/wp-json\/wp\/v2\/pages\/2859","targetHints":{"allow":["GET"]}}],"collection":[{"href":"https:\/\/hockeydieppememramcook.ca\/en\/wp-json\/wp\/v2\/pages"}],"about":[{"href":"https:\/\/hockeydieppememramcook.ca\/en\/wp-json\/wp\/v2\/types\/page"}],"author":[{"embeddable":true,"href":"https:\/\/hockeydieppememramcook.ca\/en\/wp-json\/wp\/v2\/users\/193"}],"replies":[{"embeddable":true,"href":"https:\/\/hockeydieppememramcook.ca\/en\/wp-json\/wp\/v2\/comments?post=2859"}],"version-history":[{"count":16,"href":"https:\/\/hockeydieppememramcook.ca\/en\/wp-json\/wp\/v2\/pages\/2859\/revisions"}],"predecessor-version":[{"id":8202,"href":"https:\/\/hockeydieppememramcook.ca\/en\/wp-json\/wp\/v2\/pages\/2859\/revisions\/8202"}],"up":[{"embeddable":true,"href":"https:\/\/hockeydieppememramcook.ca\/en\/wp-json\/wp\/v2\/pages\/2847"}],"wp:attachment":[{"href":"https:\/\/hockeydieppememramcook.ca\/en\/wp-json\/wp\/v2\/media?parent=2859"}],"curies":[{"name":"wp","href":"https:\/\/api.w.org\/{rel}","templated":true}]}}