{"id":2839,"date":"2022-04-28T10:03:19","date_gmt":"2022-04-28T14:03:19","guid":{"rendered":"https:\/\/hockeydieppememramcook.sharkmediasport.com\/?page_id=2839"},"modified":"2026-02-05T11:06:06","modified_gmt":"2026-02-05T16:06:06","slug":"reglements-50-50","status":"publish","type":"page","link":"https:\/\/hockeydieppememramcook.ca\/en\/loterie-50-50\/reglements-50-50\/","title":{"rendered":"R\u00e8glements 50\/50"},"content":{"rendered":"<p><strong>\u00a0R\u00e8glements 50\/50 \u00a0\u00a0\u00a0\u00a0\u00a0\u00a0\u00a0\u00a0\u00a0\u00a0\u00a0\u00a0\u00a0\u00a0\u00a0\u00a0\u00a0\u00a0\u00a0\u00a0\u00a0\u00a0\u00a0\u00a0\u00a0\u00a0\u00a0\u00a0\u00a0\u00a0\u00a0\u00a0\u00a0\u00a0\u00a0\u00a0\u00a0\u00a0\u00a0\u00a0\u00a0\u00a0\u00a0\u00a0\u00a0\u00a0\u00a0\u00a0\u00a0\u00a0\u00a0\u00a0\u00a0\u00a0\u00a0\u00a0\u00a0\u00a0\u00a0\u00a0\u00a0\u00a0\u00a0\u00a0\u00a0\u00a0\u00a0\u00a0\u00a0\u00a0\u00a0\u00a0\u00a0\u00a0\u00a0\u00a0\u00a0\u00a0\u00a0\u00a0\u00a0\u00a0\u00a0\u00a0\u00a0\u00a0\u00a0\u00a0\u00a0\u00a0\u00a0\u00a0\u00a0\u00a0\u00a0\u00a0\u00a0\u00a0\u00a0\u00a0\u00a0\u00a0\u00a0\u00a0\u00a0\u00a0\u00a0\u00a0\u00a0\u00a0\u00a0\u00a0\u00a0\u00a0\u00a0\u00a0\u00a0\u00a0\u00a0\u00a0\u00a0\u00a0\u00a0\u00a0\u00a0\u00a0\u00a0\u00a0\u00a0\u00a0\u00a0\u00a0\u00a0\u00a0\u00a0\u00a0\u00a0\u00a0\u00a0\u00a0\u00a0\u00a0\u00a0\u00a0\u00a0\u00a0\u00a0\u00a0\u00a0\u00a0\u00a0\u00a0 2025-2026<\/strong><\/p>\n<ul>\n<li>Ouvert au grand public<\/li>\n<li>Doit \u00eatre 19 ans ou plus pour acheter des billets et participer<\/li>\n<li>Les billets doivent \u00eatre achet\u00e9s pr\u00e9f\u00e9rablement via un transfert \u00e9lectronique aux vendeurs<\/li>\n<li>Pas de remboursement<\/li>\n<li>Les billets peuvent \u00eatre vendus seulement au Nouveau-Brunswick<\/li>\n<li>Les billets doivent \u00eatre achet\u00e9s avant le dernier vendredi 17:00 pr\u00e9c\u00e9dent le tirage du lundi, pour \u00eatre garanti dans le tirage<\/li>\n<\/ul>\n<p>Les tirages vont avoir lieu durant la saison r\u00e9guli\u00e8re de hockey (5 mois), de novembre 2025 \u00e0 mars 2026<\/p>\n<ul>\n<li>Prix des billets:\n<ul>\n<li>1 billet pour 2.00$<\/li>\n<\/ul>\n<\/li>\n<\/ul>\n<p><strong>Tirage<\/strong><\/p>\n<ul>\n<li>Tirage \u00e0 chaque mois\n<ul>\n<li>Le premier lundi de chaque mois.<\/li>\n<li>Le premier tirage va avoir lieu le 1 d\u00e9cembre 2025<\/li>\n<li>Les autres tirages vont avoir lieu le 5 janvier, 2 f\u00e9vrier, 2 mars et 30 mars 2026<\/li>\n<\/ul>\n<\/li>\n<li>Les tirages seront affich\u00e9s sur les m\u00e9dias sociaux, site web et le nom du gagnant sera publi\u00e9 publiquement:\n<ul>\n<li>En direct sur Facebook <a href=\"https:\/\/www.facebook.com\/hockeydieppememramcook\/\">https:\/\/www.facebook.com\/hockeydieppememramcook\/<\/a> avec 3 t\u00e9moins<\/li>\n<li>\u00c0 un endroit public comme le Centre Arthur J. LeBlanc<\/li>\n<li>Publi\u00e9 sur les M\u00e9dias Sociaux<\/li>\n<\/ul>\n<\/li>\n<li>Le gagnant sera pay\u00e9 par ch\u00e8que \u00e0 l\u2019int\u00e9rieur d\u2019une semaine du tirage.<\/li>\n<li>Le gagnant pourra r\u00e9cup\u00e9rer son ch\u00e8que au bureau de HDM \u2013 UNI.<\/li>\n<li>Une carte d\u2019identit\u00e9 sera requise pour recevoir le ch\u00e8que<\/li>\n<li>Apr\u00e8s 90 jours que le prix n\u2019a pas \u00e9t\u00e9 r\u00e9clam\u00e9, l\u2019argent sera remis pour le prochain tirage<\/li>\n<\/ul>\n<p><strong>Recettes<\/strong><\/p>\n<ul>\n<li>Les recettes du 50\/50 seront pour appuyer les joueurs de l\u2019organisation HDM par vendre des billets et les aider \u00e0 d\u00e9bourser les co\u00fbts d\u2019enregistrement pour la saison prochaine sous une forme de cr\u00e9dit<\/li>\n<li>Le gagnant gagne la moiti\u00e9 du gros lot (50%)<\/li>\n<li>80% de l\u2019autre 50%, va aux joueurs comme cr\u00e9dit pour la prochaine saison 2026-2027<\/li>\n<li>20% de l\u2019autre 50%, va \u00e0 l\u2019association HDM pour couvrir les frais<\/li>\n<li>Tous joueurs qui vendent des billets vont accumuler l\u2019argent en forme de cr\u00e9dit pour les co\u00fbts d\u2019enregistrement de la prochaine saison.<\/li>\n<li>Si un joueur atteint le co\u00fbt d\u2019enregistrement pour la prochaine saison 2026-2027, ils peuvent continuer \u00e0 vendre des billets 50\/50 pour les d\u00e9penses de la prochaine saison 2027-2028<\/li>\n<li>Pour les joueurs U-18 qui ne retourneront pas l\u2019an prochain\u00a0:\n<ul>\n<li>\u00c0 la fin de la saison, les parents contacteront HDM pour confirmer que leur jeune ne retournera pas au hockey pour l\u2019ann\u00e9e 2026-2027.<\/li>\n<li>HDM pr\u00e9parera un ch\u00e8que au montant du cr\u00e9dit amass\u00e9 pour l\u2019enfant<\/li>\n<\/ul>\n<\/li>\n<\/ul>\n<p>&nbsp;<\/p>\n<p>&nbsp;<\/p>\n<p><strong>Vente <\/strong><\/p>\n<ul>\n<li>Chaque \u00e9quipe devra avoir un coordonnateur 50\/50 et un g\u00e9rant d\u2019\u00e9quipe<\/li>\n<li>Chaque billet doit \u00eatre retourn\u00e9 au coordonnateur d\u2019\u00e9quipe avant le dernier vendredi 6:00pm pr\u00e9c\u00e9dent le tirage du lundi (1 d\u00e9c., 5 janv., 2 f\u00e9vr., 2 mars et 30 mars)<\/li>\n<li>Les billets 50\/50 seront distribu\u00e9s \u00e0 chaque \u00e9quipe qui aura identifi\u00e9 un coordonnateur d\u2019\u00e9quipe, ces billets seront utilis\u00e9s pour la saison enti\u00e8re<\/li>\n<li>Le coordonnateur HDM du 50\/50 donnera les billets initiaux au coordonnateur 50\/50 de l\u2019\u00e9quipe<\/li>\n<li>Des billets additionnels peuvent \u00eatre ramass\u00e9s par le coordonnateur 50\/50 de l\u2019\u00e9quipe sur des soirs sp\u00e9cifiques (dates \u00e2 \u00eatre communiqu\u00e9es par le coordonnateur 50\/50 du HDM)<\/li>\n<\/ul>\n<p>&nbsp;<\/p>\n<p><strong>R\u00f4les: <\/strong><\/p>\n<ul>\n<li>R\u00f4le de l\u2019association HDM?\n<ul>\n<li>Garder contr\u00f4le des cr\u00e9dits pour chaque joueur de l\u2019association dans son dossier<\/li>\n<li>De faire le tirage et payer le gagnant chanceux!<\/li>\n<\/ul>\n<\/li>\n<\/ul>\n<p>&nbsp;<\/p>\n<ul>\n<li>R\u00f4le du coordonnateur 50\/50 HDM?\n<ul>\n<li>Faire certain qu\u2019il y a assez de billets imprim\u00e9s<\/li>\n<li>Coordonner les tirages mensuels<\/li>\n<li>Aider les coordonnateurs 50\/50 des \u00e9quipes<\/li>\n<li>Garder l\u2019inventaire sur feuille de calcul, nombre de billets, nom d\u2019\u00e9quipe et nombre de billets manquants<\/li>\n<li>Garder contr\u00f4le de toutes les distributions de billets par \u00e9quipe<\/li>\n<li>Calculer le montant du tirage mensuel<\/li>\n<li>Produire un rapport mensuel<\/li>\n<li>Produire un rapport annuel<\/li>\n<\/ul>\n<\/li>\n<\/ul>\n<p>&nbsp;<\/p>\n<ul>\n<li>R\u00f4le du coordonnateur d\u2019\u00e9quipe 50\/50?\n<ul>\n<li>Ramass\u00e9s tous les fonds et billets des membres de l\u2019\u00e9quipe, pr\u00e9f\u00e9rablement chaque semaine, mais d\u00e9finitivement avant le dernier vendredi 6:00pm pr\u00e9c\u00e9dent le tirage du lundi (1 d\u00e9c., 5 janv., 2 f\u00e9vr., 2 mars et 30 mars)<\/li>\n<li>Diviser les billets par joueurs pour leur \u00e9quipe<\/li>\n<li>Distribuez et garder contr\u00f4le du nombre de billets donn\u00e9s par joueur avec l&#8217;aide du document Excel \u201cTicket distribution \u2013 signatures\u201d et transcrivez l\u2019info dans le troisi\u00e8me onglet de HDM Team Tracker 2025-2026<\/li>\n<li>Garder contr\u00f4le des ventes individuelles des joueurs avec l&#8217;aide du document Excel \u201cReceiving Tickets \u2013 signatures\u201d et transcrivez les ventes dans le deuxi\u00e8me onglet de HDM Team Tracker 2025-2026<\/li>\n<li>Enlever les agrafes ou \u00e9lastiques sur les billets vendus<\/li>\n<li>Avant le dernier samedi 12:00pm(midi) pr\u00e9c\u00e8dent le tirage du lundi (1 d\u00e9c., 5 janv., 2 f\u00e9vr., 2 mars et 30 mars)\n<ul>\n<li>Effectuer un virement \u00e9lectronique \u00e0 l&#8217;attention de <u>50-50@hotmail.com<\/u> pour l&#8217;ensemble des ventes mensuelles de l&#8217;\u00e9quipe.<\/li>\n<li>Envoyez un courriel \u00e0 <a href=\"mailto:J-RComeau@hotmail.com\">J-RComeau@hotmail.com<\/a> avec les informations suivantes:\n<ul>\n<li>Nom de l&#8217;\u00e9quipe: _______________________<\/li>\n<li>Nom du coordinateur et t\u00e9l #: _____________<\/li>\n<li>Total des billets vendus: __________<\/li>\n<li>Montant transfert \u00e9lectronique: _________<\/li>\n<li>Date que le E-Transfert a \u00e9t\u00e9 envoy\u00e9 : ____________<\/li>\n<\/ul>\n<\/li>\n<li>Apporter les billets d\u2019\u00e9quipe dans une enveloppe ou zip lock \u00e0 l\u2019endroit et heur identifi\u00e9 par le coordonnateur 50\/50 HDM (Ch\u00e8que au nom de HDM Inc.)<\/li>\n<li>SVP faire certain d\u2019avoir sur l\u2019enveloppe ou zip lock, votre nom, nom d\u2019\u00e9quipe, # de tel, le # total des billets vendus et le montant total des ventes pour le mois<\/li>\n<\/ul>\n<\/li>\n<li>Apr\u00e8s avoir remis les billets de votre \u00e9quipe, envoy\u00e9 une copie Excel du Team Tracker HDM 2025-2026 \u00e0 <a href=\"mailto:J-RComeau@hotmail.com\">J-RComeau@hotmail.com<\/a><\/li>\n<li>Garder contr\u00f4le sur le total des ventes de votre \u00e9quipe<\/li>\n<\/ul>\n<\/li>\n<\/ul>\n<p>&nbsp;<\/p>\n<ul>\n<li>R\u00f4le des joueurs et familles?\n<ul>\n<li>Vendre des billets<\/li>\n<li>Enlever les agrafes des billets vendus (si agraf\u00e9s)<\/li>\n<li>Faire un total des ventes et la quantit\u00e9 de billets vendus pour le mois et le donner au coordonnateur d\u2019\u00e9quipe de 50\/50 avant le dernier vendredi 6:00pm pr\u00e9c\u00e8dent le tirage du lundi (1 d\u00e9c., 5 janv., 2 f\u00e9vr., 2 mars et 30 mars)<\/li>\n<li>Lorsque vous donner les ventes du mois, soyez respectueux avec votre coordonnateur et lui donner des gros billets et non des sous ou <u>pr\u00e9f\u00e9rablement<\/u> un transfert \u00e9lectronique.<\/li>\n<li>Aucun billet individuel ne sera donn\u00e9 au coordonnateur de 50\/50 du HDM. Si vous manquez votre date limite, \u00e9mise par votre coordonnateur de 50\/50, vous devez garder vos billets pour le prochain tirage<\/li>\n<li><u>IMPORTANT<\/u>: au dernier tirage du mois de mars, remettre tous les billets vendu et <u>non vendu<\/u> au coordonnateur d\u2019\u00e9quipe.\u00a0 <strong>Pour chaque billet perdu ou non remis, $2.00 sera d\u00e9duit du cr\u00e9dit total amass\u00e9 par l\u2019enfant.<\/strong><\/li>\n<\/ul>\n<\/li>\n<\/ul>\n<p>&nbsp;<\/p>\n","protected":false},"excerpt":{"rendered":"<p>\u00a0R\u00e8glements 50\/50 \u00a0\u00a0\u00a0\u00a0\u00a0\u00a0\u00a0\u00a0\u00a0\u00a0\u00a0\u00a0\u00a0\u00a0\u00a0\u00a0\u00a0\u00a0\u00a0\u00a0\u00a0\u00a0\u00a0\u00a0\u00a0\u00a0\u00a0\u00a0\u00a0\u00a0\u00a0\u00a0\u00a0\u00a0\u00a0\u00a0\u00a0\u00a0\u00a0\u00a0\u00a0\u00a0\u00a0\u00a0\u00a0\u00a0\u00a0\u00a0\u00a0\u00a0\u00a0\u00a0\u00a0\u00a0\u00a0\u00a0\u00a0\u00a0\u00a0\u00a0\u00a0\u00a0\u00a0\u00a0\u00a0\u00a0\u00a0\u00a0\u00a0\u00a0\u00a0\u00a0\u00a0\u00a0\u00a0\u00a0\u00a0\u00a0\u00a0\u00a0\u00a0\u00a0\u00a0\u00a0\u00a0\u00a0\u00a0\u00a0\u00a0\u00a0\u00a0\u00a0\u00a0\u00a0\u00a0\u00a0\u00a0\u00a0\u00a0\u00a0\u00a0\u00a0\u00a0\u00a0\u00a0\u00a0\u00a0\u00a0\u00a0\u00a0\u00a0\u00a0\u00a0\u00a0\u00a0\u00a0\u00a0\u00a0\u00a0\u00a0\u00a0\u00a0\u00a0\u00a0\u00a0\u00a0\u00a0\u00a0\u00a0\u00a0\u00a0\u00a0\u00a0\u00a0\u00a0\u00a0\u00a0\u00a0\u00a0\u00a0\u00a0\u00a0\u00a0\u00a0\u00a0\u00a0\u00a0\u00a0\u00a0\u00a0\u00a0\u00a0 2025-2026 Ouvert au grand public Doit \u00eatre 19 ans ou plus pour acheter des billets et participer Les billets doivent \u00eatre achet\u00e9s pr\u00e9f\u00e9rablement via un transfert \u00e9lectronique aux vendeurs Pas de remboursement Les billets peuvent \u00eatre vendus seulement au Nouveau-Brunswick Les billets doivent \u00eatre achet\u00e9s avant le dernier vendredi 17:00 pr\u00e9c\u00e9dent le [&hellip;]<\/p>\n","protected":false},"author":193,"featured_media":0,"parent":2843,"menu_order":9,"comment_status":"closed","ping_status":"closed","template":"","meta":{"_acf_changed":false,"footnotes":""},"class_list":["post-2839","page","type-page","status-publish","hentry"],"acf":[],"yoast_head":"<!-- This site is optimized with the Yoast SEO plugin v25.7 - https:\/\/yoast.com\/wordpress\/plugins\/seo\/ -->\n<title>R\u00e8glements 50\/50 - Hockey Dieppe Memramcook<\/title>\n<meta name=\"robots\" content=\"index, follow, max-snippet:-1, max-image-preview:large, max-video-preview:-1\" \/>\n<link rel=\"canonical\" href=\"https:\/\/hockeydieppememramcook.ca\/loterie-50-50\/reglements-50-50\/\" \/>\n<meta property=\"og:locale\" content=\"en_US\" \/>\n<meta property=\"og:type\" content=\"article\" \/>\n<meta property=\"og:title\" content=\"R\u00e8glements 50\/50 - Hockey Dieppe Memramcook\" \/>\n<meta property=\"og:description\" content=\"\u00a0R\u00e8glements 50\/50 \u00a0\u00a0\u00a0\u00a0\u00a0\u00a0\u00a0\u00a0\u00a0\u00a0\u00a0\u00a0\u00a0\u00a0\u00a0\u00a0\u00a0\u00a0\u00a0\u00a0\u00a0\u00a0\u00a0\u00a0\u00a0\u00a0\u00a0\u00a0\u00a0\u00a0\u00a0\u00a0\u00a0\u00a0\u00a0\u00a0\u00a0\u00a0\u00a0\u00a0\u00a0\u00a0\u00a0\u00a0\u00a0\u00a0\u00a0\u00a0\u00a0\u00a0\u00a0\u00a0\u00a0\u00a0\u00a0\u00a0\u00a0\u00a0\u00a0\u00a0\u00a0\u00a0\u00a0\u00a0\u00a0\u00a0\u00a0\u00a0\u00a0\u00a0\u00a0\u00a0\u00a0\u00a0\u00a0\u00a0\u00a0\u00a0\u00a0\u00a0\u00a0\u00a0\u00a0\u00a0\u00a0\u00a0\u00a0\u00a0\u00a0\u00a0\u00a0\u00a0\u00a0\u00a0\u00a0\u00a0\u00a0\u00a0\u00a0\u00a0\u00a0\u00a0\u00a0\u00a0\u00a0\u00a0\u00a0\u00a0\u00a0\u00a0\u00a0\u00a0\u00a0\u00a0\u00a0\u00a0\u00a0\u00a0\u00a0\u00a0\u00a0\u00a0\u00a0\u00a0\u00a0\u00a0\u00a0\u00a0\u00a0\u00a0\u00a0\u00a0\u00a0\u00a0\u00a0\u00a0\u00a0\u00a0\u00a0\u00a0\u00a0\u00a0\u00a0\u00a0\u00a0\u00a0\u00a0\u00a0\u00a0\u00a0\u00a0\u00a0 2025-2026 Ouvert au grand public Doit \u00eatre 19 ans ou plus pour acheter des billets et participer Les billets doivent \u00eatre achet\u00e9s pr\u00e9f\u00e9rablement via un transfert \u00e9lectronique aux vendeurs Pas de remboursement Les billets peuvent \u00eatre vendus seulement au Nouveau-Brunswick Les billets doivent \u00eatre achet\u00e9s avant le dernier vendredi 17:00 pr\u00e9c\u00e9dent le [&hellip;]\" \/>\n<meta property=\"og:url\" content=\"https:\/\/hockeydieppememramcook.ca\/loterie-50-50\/reglements-50-50\/\" \/>\n<meta property=\"og:site_name\" content=\"Hockey Dieppe Memramcook\" \/>\n<meta property=\"article:modified_time\" content=\"2026-02-05T16:06:06+00:00\" \/>\n<meta name=\"twitter:card\" content=\"summary_large_image\" \/>\n<meta name=\"twitter:label1\" content=\"Est. reading time\" \/>\n\t<meta name=\"twitter:data1\" content=\"6 minutes\" \/>\n<script type=\"application\/ld+json\" class=\"yoast-schema-graph\">{\"@context\":\"https:\/\/schema.org\",\"@graph\":[{\"@type\":\"WebPage\",\"@id\":\"https:\/\/hockeydieppememramcook.ca\/loterie-50-50\/reglements-50-50\/\",\"url\":\"https:\/\/hockeydieppememramcook.ca\/loterie-50-50\/reglements-50-50\/\",\"name\":\"R\u00e8glements 50\/50 - Hockey Dieppe Memramcook\",\"isPartOf\":{\"@id\":\"https:\/\/hockeydieppememramcook.ca\/#website\"},\"datePublished\":\"2022-04-28T14:03:19+00:00\",\"dateModified\":\"2026-02-05T16:06:06+00:00\",\"breadcrumb\":{\"@id\":\"https:\/\/hockeydieppememramcook.ca\/loterie-50-50\/reglements-50-50\/#breadcrumb\"},\"inLanguage\":\"en-US\",\"potentialAction\":[{\"@type\":\"ReadAction\",\"target\":[\"https:\/\/hockeydieppememramcook.ca\/loterie-50-50\/reglements-50-50\/\"]}]},{\"@type\":\"BreadcrumbList\",\"@id\":\"https:\/\/hockeydieppememramcook.ca\/loterie-50-50\/reglements-50-50\/#breadcrumb\",\"itemListElement\":[{\"@type\":\"ListItem\",\"position\":1,\"name\":\"Accueil\",\"item\":\"https:\/\/hockeydieppememramcook.ca\/en\/\"},{\"@type\":\"ListItem\",\"position\":2,\"name\":\"Loterie 50\/50\",\"item\":\"https:\/\/hockeydieppememramcook.ca\/loterie-50-50\/\"},{\"@type\":\"ListItem\",\"position\":3,\"name\":\"R\u00e8glements 50\/50\"}]},{\"@type\":\"WebSite\",\"@id\":\"https:\/\/hockeydieppememramcook.ca\/#website\",\"url\":\"https:\/\/hockeydieppememramcook.ca\/\",\"name\":\"Hockey Dieppe Memramcook\",\"description\":\"Un site utilisant Les sites de Shark M\u00e9dia & Sport, template Slapshot\",\"potentialAction\":[{\"@type\":\"SearchAction\",\"target\":{\"@type\":\"EntryPoint\",\"urlTemplate\":\"https:\/\/hockeydieppememramcook.ca\/?s={search_term_string}\"},\"query-input\":{\"@type\":\"PropertyValueSpecification\",\"valueRequired\":true,\"valueName\":\"search_term_string\"}}],\"inLanguage\":\"en-US\"}]}<\/script>\n<!-- \/ Yoast SEO plugin. -->","yoast_head_json":{"title":"R\u00e8glements 50\/50 - Hockey Dieppe Memramcook","robots":{"index":"index","follow":"follow","max-snippet":"max-snippet:-1","max-image-preview":"max-image-preview:large","max-video-preview":"max-video-preview:-1"},"canonical":"https:\/\/hockeydieppememramcook.ca\/loterie-50-50\/reglements-50-50\/","og_locale":"en_US","og_type":"article","og_title":"R\u00e8glements 50\/50 - Hockey Dieppe Memramcook","og_description":"\u00a0R\u00e8glements 50\/50 \u00a0\u00a0\u00a0\u00a0\u00a0\u00a0\u00a0\u00a0\u00a0\u00a0\u00a0\u00a0\u00a0\u00a0\u00a0\u00a0\u00a0\u00a0\u00a0\u00a0\u00a0\u00a0\u00a0\u00a0\u00a0\u00a0\u00a0\u00a0\u00a0\u00a0\u00a0\u00a0\u00a0\u00a0\u00a0\u00a0\u00a0\u00a0\u00a0\u00a0\u00a0\u00a0\u00a0\u00a0\u00a0\u00a0\u00a0\u00a0\u00a0\u00a0\u00a0\u00a0\u00a0\u00a0\u00a0\u00a0\u00a0\u00a0\u00a0\u00a0\u00a0\u00a0\u00a0\u00a0\u00a0\u00a0\u00a0\u00a0\u00a0\u00a0\u00a0\u00a0\u00a0\u00a0\u00a0\u00a0\u00a0\u00a0\u00a0\u00a0\u00a0\u00a0\u00a0\u00a0\u00a0\u00a0\u00a0\u00a0\u00a0\u00a0\u00a0\u00a0\u00a0\u00a0\u00a0\u00a0\u00a0\u00a0\u00a0\u00a0\u00a0\u00a0\u00a0\u00a0\u00a0\u00a0\u00a0\u00a0\u00a0\u00a0\u00a0\u00a0\u00a0\u00a0\u00a0\u00a0\u00a0\u00a0\u00a0\u00a0\u00a0\u00a0\u00a0\u00a0\u00a0\u00a0\u00a0\u00a0\u00a0\u00a0\u00a0\u00a0\u00a0\u00a0\u00a0\u00a0\u00a0\u00a0\u00a0\u00a0\u00a0\u00a0\u00a0\u00a0\u00a0\u00a0\u00a0\u00a0\u00a0\u00a0\u00a0\u00a0 2025-2026 Ouvert au grand public Doit \u00eatre 19 ans ou plus pour acheter des billets et participer Les billets doivent \u00eatre achet\u00e9s pr\u00e9f\u00e9rablement via un transfert \u00e9lectronique aux vendeurs Pas de remboursement Les billets peuvent \u00eatre vendus seulement au Nouveau-Brunswick Les billets doivent \u00eatre achet\u00e9s avant le dernier vendredi 17:00 pr\u00e9c\u00e9dent le [&hellip;]","og_url":"https:\/\/hockeydieppememramcook.ca\/loterie-50-50\/reglements-50-50\/","og_site_name":"Hockey Dieppe Memramcook","article_modified_time":"2026-02-05T16:06:06+00:00","twitter_card":"summary_large_image","twitter_misc":{"Est. reading time":"6 minutes"},"schema":{"@context":"https:\/\/schema.org","@graph":[{"@type":"WebPage","@id":"https:\/\/hockeydieppememramcook.ca\/loterie-50-50\/reglements-50-50\/","url":"https:\/\/hockeydieppememramcook.ca\/loterie-50-50\/reglements-50-50\/","name":"R\u00e8glements 50\/50 - Hockey Dieppe Memramcook","isPartOf":{"@id":"https:\/\/hockeydieppememramcook.ca\/#website"},"datePublished":"2022-04-28T14:03:19+00:00","dateModified":"2026-02-05T16:06:06+00:00","breadcrumb":{"@id":"https:\/\/hockeydieppememramcook.ca\/loterie-50-50\/reglements-50-50\/#breadcrumb"},"inLanguage":"en-US","potentialAction":[{"@type":"ReadAction","target":["https:\/\/hockeydieppememramcook.ca\/loterie-50-50\/reglements-50-50\/"]}]},{"@type":"BreadcrumbList","@id":"https:\/\/hockeydieppememramcook.ca\/loterie-50-50\/reglements-50-50\/#breadcrumb","itemListElement":[{"@type":"ListItem","position":1,"name":"Accueil","item":"https:\/\/hockeydieppememramcook.ca\/en\/"},{"@type":"ListItem","position":2,"name":"Loterie 50\/50","item":"https:\/\/hockeydieppememramcook.ca\/loterie-50-50\/"},{"@type":"ListItem","position":3,"name":"R\u00e8glements 50\/50"}]},{"@type":"WebSite","@id":"https:\/\/hockeydieppememramcook.ca\/#website","url":"https:\/\/hockeydieppememramcook.ca\/","name":"Hockey Dieppe Memramcook","description":"Un site utilisant Les sites de Shark M\u00e9dia & Sport, template Slapshot","potentialAction":[{"@type":"SearchAction","target":{"@type":"EntryPoint","urlTemplate":"https:\/\/hockeydieppememramcook.ca\/?s={search_term_string}"},"query-input":{"@type":"PropertyValueSpecification","valueRequired":true,"valueName":"search_term_string"}}],"inLanguage":"en-US"}]}},"_links":{"self":[{"href":"https:\/\/hockeydieppememramcook.ca\/en\/wp-json\/wp\/v2\/pages\/2839","targetHints":{"allow":["GET"]}}],"collection":[{"href":"https:\/\/hockeydieppememramcook.ca\/en\/wp-json\/wp\/v2\/pages"}],"about":[{"href":"https:\/\/hockeydieppememramcook.ca\/en\/wp-json\/wp\/v2\/types\/page"}],"author":[{"embeddable":true,"href":"https:\/\/hockeydieppememramcook.ca\/en\/wp-json\/wp\/v2\/users\/193"}],"replies":[{"embeddable":true,"href":"https:\/\/hockeydieppememramcook.ca\/en\/wp-json\/wp\/v2\/comments?post=2839"}],"version-history":[{"count":9,"href":"https:\/\/hockeydieppememramcook.ca\/en\/wp-json\/wp\/v2\/pages\/2839\/revisions"}],"predecessor-version":[{"id":8354,"href":"https:\/\/hockeydieppememramcook.ca\/en\/wp-json\/wp\/v2\/pages\/2839\/revisions\/8354"}],"up":[{"embeddable":true,"href":"https:\/\/hockeydieppememramcook.ca\/en\/wp-json\/wp\/v2\/pages\/2843"}],"wp:attachment":[{"href":"https:\/\/hockeydieppememramcook.ca\/en\/wp-json\/wp\/v2\/media?parent=2839"}],"curies":[{"name":"wp","href":"https:\/\/api.w.org\/{rel}","templated":true}]}}